{"id":452,"date":"2019-06-07T14:24:31","date_gmt":"2019-06-07T14:24:31","guid":{"rendered":"http:\/\/www.poulithra.org\/?page_id=452"},"modified":"2023-09-12T15:00:34","modified_gmt":"2023-09-12T13:00:34","slug":"%cf%84%ce%b1-%cf%80%ce%bf%cf%8d%ce%bb%ce%b9%ce%b8%cf%81%ce%b1","status":"publish","type":"page","link":"https:\/\/www.poulithra.org\/de\/\u03c4\u03b1-\u03c0\u03bf\u03cd\u03bb\u03b9\u03b8\u03c1\u03b1\/","title":{"rendered":"Poulithra - Tropfen der Geschichte"},"content":{"rendered":"<p style=\"text-align: justify;\">Der Name Poulithra ist eine Verballhornung des antiken Namens Polichni (zakonisch Poulichra).<\/p>\r\n<p style=\"text-align: justify;\">Der alte Hafen, der ger\u00e4umiger und sicherer war als der heutige, erstreckte sich dort, wo sich heute der Sumpf befindet, n\u00f6rdlich des Vigla-H\u00fcgels, wo noch alte St\u00fctzmauern vorhanden sind.<\/p>\r\n<p style=\"text-align: justify;\">Im Mittelalter wurde auf der Spitze von *Vigla* ein quadratischer Turm - Observatorium (5 m Seite, so wird der Name des Ortsnamens interpretiert) gebaut.<\/p>\r\n<p style=\"text-align: justify;\">Vigla wurde von Konstantin dem R\u00f6mer mit dem antiken Polychna der Quellen identifiziert. Der Name bezieht sich nat\u00fcrlich auf eine Stadt und nicht auf ein Komma.<\/p>\r\n<p style=\"text-align: justify;\">Die Geschichte von Polihna in der Antike ist mit der Geschichte von Prasias verbunden (Prasias: antike Stadt, in der sich heute der Hafen von Leonidion, Plaka, befindet). Mit dem Abstieg der Dorer (1000-950 v. Chr.) und der Gr\u00fcndung des dorischen K\u00f6nigreichs Argos geh\u00f6rte das Gebiet von Kynouria und damit auch Prasias und Polihna dazu.<\/p>\r\n<p style=\"text-align: justify;\">Im Jahr 547 v. Chr. l\u00f6sen die Spartaner Kynouria von der Herrschaft von Argos ab, und somit sind Prasies und Polichna die H\u00e4fen Spartas am Argolischen Meer.<\/p>\r\n<p style=\"text-align: justify;\">Nach der Schlacht von Chaeronea im Jahr 338 v. Chr. trat Philipp von Makedonien die Argiven zusammen mit anderen Regionen und Kynouria bis nach Zaraka an seine Verb\u00fcndeten ab.<\/p>\r\n<p style=\"text-align: justify;\">228 v. Chr. wurden Prasia und Polihni ebenso wie Argos in den Ach\u00e4ischen Bund aufgenommen.<\/p>\r\n<p style=\"text-align: justify;\">Im Jahr 219 v. Chr. eroberten die Spartaner mit Lykurg als K\u00f6nig Polichni und Prasia und stellten sie wieder unter ihre Herrschaft.<\/p>\r\n<p style=\"text-align: justify;\">Im Jahr 196 v. Chr. besiegten die R\u00f6mer den K\u00f6nig von Sparta, Navi, und beauftragten Argos mit der \u00dcberwachung der lakonischen K\u00fcstenst\u00e4dte.<\/p>\r\n<p style=\"text-align: justify;\">Ab 195 v. Chr. beteiligen sich Prasias und Polichni an der Gemeinschaft der Laked\u00e4monier und ab 22 v. Chr. an der Gemeinschaft der Eleutherolakonier, die zun\u00e4chst aus 18 und sp\u00e4ter aus 24 St\u00e4dten (einschlie\u00dflich Marios) besteht.<\/p>\r\n<p style=\"text-align: justify;\">Mit den Raubz\u00fcgen der Slawen auf dem Peloponnes (Mitte 7<sup>th<\/sup> Jahrhundert) sind Katastrophen und die Ansiedlung slawischer Bev\u00f6lkerungsgruppen in Lakonien zu verzeichnen, was dazu f\u00fchrte, dass die griechische Bev\u00f6lkerung in die Bergregionen zog, um sich in Sicherheit zu bringen. Auch mit den \u00dcberf\u00e4llen der Araber (9<sup>0\u03c2<\/sup> Jahrhundert) wanderte die K\u00fcstenbev\u00f6lkerung weiter ins Landesinnere, wo sie an den H\u00e4ngen von Parnon, Orionta und Prasto neue Siedlungen gr\u00fcndete, um nach der Befreiung von den T\u00fcrken im Jahr 1821 an die K\u00fcste zur\u00fcckzukehren.<\/p>\r\n<p style=\"text-align: justify;\">Die urspr\u00fcngliche Wiege der heutigen Einwohner von Poulithra ist das Dorf Kounoupia, das in den venezianischen Volksz\u00e4hlungen von 1700 und 1704 erw\u00e4hnt wird. Die D\u00f6rfer des Bezirks Kounoupia waren Teil der Provinz Mistra. In den Jahren der griechischen Revolution wurden die D\u00f6rfer Poulithra, Peleta, Pigadi und Houni als Kounoupochoria bezeichnet.<\/p>\r\n<p style=\"text-align: justify;\">Nach der Ausrufung der Revolution bildeten sie dasselbe Milit\u00e4rkorps und zogen gegen Monemvasia, das von den Tschakonen und Spartanern belagert wurde. Nach dem Fall der Stadt zogen sie nach Tripolitsa und schlossen sich den anderen Chakonen und dem Korps von P. Giatrakos an, um zur Befreiung der Stadt beizutragen.<\/p>\r\n<p style=\"text-align: justify;\">Das Dorf in seiner heutigen Form entstand um 1850, und die Einwohner begannen mit dem Anbau von Oliven und Johannisbrotb\u00e4umen.<\/p>\r\n<p style=\"text-align: justify;\">Mit der Urkunde vom 11.9.1834 wurde die Gemeinde Selinoundos mit dem Sitz von Kosmas gegr\u00fcndet, zu der auch die Kounoupochoria geh\u00f6rte.<\/p>\r\n<p style=\"text-align: justify;\">Mit dem Dekret vom 28.11.1863 wurde Kosmas vom 1.4. bis 31.10. und Poulithra vom 1.11. bis 31.3. als Hauptstadt der Gemeinde Selinoundos festgelegt.<\/p>\r\n<p style=\"text-align: justify;\">Durch das Dekret vom 21.7.1890 wurde die Gemeinde Selinoundos in zwei Teile geteilt und die Gemeinde Mari mit den Gemeinden Kounoupia, Houni, Mari, Peleta, Tsitalia und Poulithra als Hauptstadt gebildet.<\/p>\r\n<p style=\"text-align: justify;\">Mit dem Dekret vom 18.8.1912 wird die Gemeinde Marios aufgel\u00f6st und die Gemeinden Pouliithron, Mosquito, Peletes, Pigadioi und Tsitalia werden gegr\u00fcndet.<\/p>\r\n<p style=\"text-align: justify;\">Bei ihrer Gr\u00fcndung geh\u00f6rten Mari und Houni zu Koutoupia, und 1915 wurde Tsumos, das von der Gemeinde Peletes abgetrennt war, ihr angegliedert. Tsoumos (Pyrgoudi) wurde durch das Dekret vom 26.9.1919 an Poulithra angegliedert.<\/p>\r\n<p style=\"text-align: justify;\">Mari wurde mit dem B.D. vom 8.7.1931 zur gleichen Gemeinde.<\/p>\r\n<p style=\"text-align: center;\">Gebiet Poulithron: <strong>23.500 Hektar<\/strong><\/p>\r\n<p style=\"text-align: center;\">Bev\u00f6lkerung von Poulithron :<\/p>\r\n<p style=\"text-align: center;\"><strong>Volksz\u00e4hlung\/Einwohner<\/strong><br \/>1920: 665<br \/>1928: 524<br \/>1940: 128<br \/>1951: 600<br \/>1961: 710<br \/>1971: 602<br \/>1981: 430<br \/>1991: 458<br \/>2001: 600<br \/>2011: 414<\/p>\r\n<p style=\"text-align: justify;\"><span style=\"font-size: inherit; background-color: initial;\">Die gro\u00dfe Fluktuation ist darauf zur\u00fcckzuf\u00fchren, dass sie je nach Zeitpunkt der Z\u00e4hlung in den D\u00f6rfern gez\u00e4hlt werden, in denen sie ihren Urlaub verbringen (Peleta oder Mosquito) oder ihre Arbeit dies erfordert.<\/span><\/p>\r\n<p style=\"text-align: justify;\">Ende des 19. Jahrhunderts wurde in Poulithra eine Schule f\u00fcr Jungen gegr\u00fcndet.<sup>th<\/sup> Jahrhundert. Aufgrund des Umzugs der Bewohner von Poulithra nach Peleta w\u00e4hrend der Sommermonate, hatte die Schule zwei Sitze. Von 15\/10 bis 25\/5 Poulithra und von 26\/5 bis 14\/10 Peleta. Im Jahr 1903 wurde auch eine M\u00e4dchenschule in Poulithra gegr\u00fcndet.<\/p>\r\n<p style=\"text-align: justify;\">Die Geb\u00e4ude von:<\/p>\r\n<ol style=\"text-align: justify;\">\r\n<li>Helen Hardouvelis,<\/li>\r\n<li>Konstantinos Kontorupi,<\/li>\r\n<li>Evangelos Tsebelis,<\/li>\r\n<li>Eleni Efstathopoulou.<\/li>\r\n<\/ol>\r\n<p style=\"text-align: justify;\">(Regierungsanzeiger 450\/B\/4-8-1983, 453\/B\/8-8-1983 und Regierungsanzeiger 314\/B\/28-5-1982).<\/p>\r\n\r\n\r\n\r\n<p>&nbsp;<\/p>","protected":false},"excerpt":{"rendered":"<p>Der Name Poulithra ist eine Verballhornung des antiken Namens Polichni (zakonisches Poulichra). Der antike Hafen, der heute ger\u00e4umiger und sicherer ist als der heutige, erstreckte sich bis zu der Stelle, an der sich heute der Sumpf befindet, n\u00f6rdlich des H\u00fcgels Vigla, wo alte St\u00fctzmauern zu sehen sind. Im Mittelalter wurde auf der Spitze von *Vigla* ein viereckiger Wachturm (5 m breit, also mit 5 m Seitenl\u00e4nge) errichtet. <a title=\"Poulithra - Tropfen der Geschichte\" class=\"read-more\" href=\"https:\/\/www.poulithra.org\/de\/\u03c4\u03b1-\u03c0\u03bf\u03cd\u03bb\u03b9\u03b8\u03c1\u03b1\/\" aria-label=\"Mehr Informationen \u00fcber Pulithra - Tropfen der Geschichte\">Mehr lesen<\/a><\/p>","protected":false},"author":1,"featured_media":456,"parent":0,"menu_order":0,"comment_status":"closed","ping_status":"closed","template":"","meta":{"_monsterinsights_skip_tracking":false,"_monsterinsights_sitenote_active":false,"_monsterinsights_sitenote_note":"","_monsterinsights_sitenote_category":0,"footnotes":""},"class_list":["post-452","page","type-page","status-publish","has-post-thumbnail"],"yoast_head":"<!-- This site is optimized with the Yoast SEO plugin v27.3 - https:\/\/yoast.com\/product\/yoast-seo-wordpress\/ -->\n<title>\u03a0\u03bf\u03cd\u03bb\u03b9\u03b8\u03c1\u03b1 - \u03a3\u03c4\u03b1\u03b3\u03cc\u03bd\u03b5\u03c2 \u03b9\u03c3\u03c4\u03bf\u03c1\u03af\u03b1\u03c2 | \u0397 \u03a0\u03bf\u03bb\u03af\u03c7\u03bd\u03b7<\/title>\n<meta name=\"description\" content=\"\u03a4\u03b1 \u03a0\u03bf\u03cd\u03bb\u03b9\u03b8\u03c1\u03b1 \u03c9\u03c2 \u03bf\u03bd\u03bf\u03bc\u03b1\u03c3\u03af\u03b1 \u03c0\u03c1\u03bf\u03ad\u03c1\u03c7\u03bf\u03bd\u03c4\u03b1\u03b9 \u03b1\u03c0\u03cc \u03c0\u03b1\u03c1\u03b1\u03c6\u03b8\u03bf\u03c1\u03ac \u03c4\u03b7\u03c2 \u03b1\u03c1\u03c7\u03b1\u03af\u03b1\u03c2 \u03bf\u03bd\u03bf\u03bc\u03b1\u03c3\u03af\u03b1\u03c2 \u03a0\u03bf\u03bb\u03af\u03c7\u03bd\u03b7 (\u03c4\u03c3\u03b1\u03ba\u03ce\u03bd\u03b9\u03ba\u03b1 \u03a0\u03bf\u03cd\u03bb\u03b9\u03c7\u03c1\u03b1). \u03a4\u03bf \u03b1\u03c1\u03c7\u03b1\u03af\u03bf \u03bb\u03b9\u03bc\u03ac\u03bd\u03b9, \u03c0\u03bb\u03ad\u03bf\u03bd \u03b5\u03c5\u03c1\u03cd\u03c7\u03c9\u03c1\u03bf \u03ba\u03b1\u03b9 \u03b1\u03c3\u03c6\u03b1\u03bb\u03ad\u03c2 \u03c4\u03bf\u03c5\" \/>\n<meta name=\"robots\" content=\"index, follow, max-snippet:-1, max-image-preview:large, max-video-preview:-1\" \/>\n<link rel=\"canonical\" href=\"https:\/\/www.poulithra.org\/de\/\u03c4\u03b1-\u03c0\u03bf\u03cd\u03bb\u03b9\u03b8\u03c1\u03b1\/\" \/>\n<meta property=\"og:locale\" content=\"de_DE\" \/>\n<meta property=\"og:type\" content=\"article\" \/>\n<meta property=\"og:title\" content=\"\u03a0\u03bf\u03cd\u03bb\u03b9\u03b8\u03c1\u03b1 - \u03a3\u03c4\u03b1\u03b3\u03cc\u03bd\u03b5\u03c2 \u03b9\u03c3\u03c4\u03bf\u03c1\u03af\u03b1\u03c2 | \u0397 \u03a0\u03bf\u03bb\u03af\u03c7\u03bd\u03b7\" \/>\n<meta property=\"og:description\" content=\"\u03a4\u03b1 \u03a0\u03bf\u03cd\u03bb\u03b9\u03b8\u03c1\u03b1 \u03c9\u03c2 \u03bf\u03bd\u03bf\u03bc\u03b1\u03c3\u03af\u03b1 \u03c0\u03c1\u03bf\u03ad\u03c1\u03c7\u03bf\u03bd\u03c4\u03b1\u03b9 \u03b1\u03c0\u03cc \u03c0\u03b1\u03c1\u03b1\u03c6\u03b8\u03bf\u03c1\u03ac \u03c4\u03b7\u03c2 \u03b1\u03c1\u03c7\u03b1\u03af\u03b1\u03c2 \u03bf\u03bd\u03bf\u03bc\u03b1\u03c3\u03af\u03b1\u03c2 \u03a0\u03bf\u03bb\u03af\u03c7\u03bd\u03b7 (\u03c4\u03c3\u03b1\u03ba\u03ce\u03bd\u03b9\u03ba\u03b1 \u03a0\u03bf\u03cd\u03bb\u03b9\u03c7\u03c1\u03b1). \u03a4\u03bf \u03b1\u03c1\u03c7\u03b1\u03af\u03bf \u03bb\u03b9\u03bc\u03ac\u03bd\u03b9, \u03c0\u03bb\u03ad\u03bf\u03bd \u03b5\u03c5\u03c1\u03cd\u03c7\u03c9\u03c1\u03bf \u03ba\u03b1\u03b9 \u03b1\u03c3\u03c6\u03b1\u03bb\u03ad\u03c2 \u03c4\u03bf\u03c5\" \/>\n<meta property=\"og:url\" content=\"https:\/\/www.poulithra.org\/de\/\u03c4\u03b1-\u03c0\u03bf\u03cd\u03bb\u03b9\u03b8\u03c1\u03b1\/\" \/>\n<meta property=\"og:site_name\" content=\"\u0397 \u03a0\u03bf\u03bb\u03af\u03c7\u03bd\u03b7\" \/>\n<meta property=\"article:publisher\" content=\"https:\/\/www.facebook.com\/syllogos.polixni\" \/>\n<meta property=\"article:modified_time\" content=\"2023-09-12T13:00:34+00:00\" \/>\n<meta property=\"og:image\" content=\"https:\/\/www.poulithra.org\/wp-content\/uploads\/2019\/06\/varka.jpg\" \/>\n\t<meta property=\"og:image:width\" content=\"1200\" \/>\n\t<meta property=\"og:image:height\" content=\"650\" \/>\n\t<meta property=\"og:image:type\" content=\"image\/jpeg\" \/>\n<meta name=\"twitter:card\" content=\"summary_large_image\" \/>\n<script type=\"application\/ld+json\" class=\"yoast-schema-graph\">{\"@context\":\"https:\\\/\\\/schema.org\",\"@graph\":[{\"@type\":\"WebPage\",\"@id\":\"https:\\\/\\\/www.poulithra.org\\\/%cf%84%ce%b1-%cf%80%ce%bf%cf%8d%ce%bb%ce%b9%ce%b8%cf%81%ce%b1\\\/\",\"url\":\"https:\\\/\\\/www.poulithra.org\\\/%cf%84%ce%b1-%cf%80%ce%bf%cf%8d%ce%bb%ce%b9%ce%b8%cf%81%ce%b1\\\/\",\"name\":\"\u03a0\u03bf\u03cd\u03bb\u03b9\u03b8\u03c1\u03b1 - \u03a3\u03c4\u03b1\u03b3\u03cc\u03bd\u03b5\u03c2 \u03b9\u03c3\u03c4\u03bf\u03c1\u03af\u03b1\u03c2 | \u0397 \u03a0\u03bf\u03bb\u03af\u03c7\u03bd\u03b7\",\"isPartOf\":{\"@id\":\"https:\\\/\\\/www.poulithra.org\\\/#website\"},\"primaryImageOfPage\":{\"@id\":\"https:\\\/\\\/www.poulithra.org\\\/%cf%84%ce%b1-%cf%80%ce%bf%cf%8d%ce%bb%ce%b9%ce%b8%cf%81%ce%b1\\\/#primaryimage\"},\"image\":{\"@id\":\"https:\\\/\\\/www.poulithra.org\\\/%cf%84%ce%b1-%cf%80%ce%bf%cf%8d%ce%bb%ce%b9%ce%b8%cf%81%ce%b1\\\/#primaryimage\"},\"thumbnailUrl\":\"https:\\\/\\\/www.poulithra.org\\\/wp-content\\\/uploads\\\/2019\\\/06\\\/varka.jpg\",\"datePublished\":\"2019-06-07T14:24:31+00:00\",\"dateModified\":\"2023-09-12T13:00:34+00:00\",\"description\":\"\u03a4\u03b1 \u03a0\u03bf\u03cd\u03bb\u03b9\u03b8\u03c1\u03b1 \u03c9\u03c2 \u03bf\u03bd\u03bf\u03bc\u03b1\u03c3\u03af\u03b1 \u03c0\u03c1\u03bf\u03ad\u03c1\u03c7\u03bf\u03bd\u03c4\u03b1\u03b9 \u03b1\u03c0\u03cc \u03c0\u03b1\u03c1\u03b1\u03c6\u03b8\u03bf\u03c1\u03ac \u03c4\u03b7\u03c2 \u03b1\u03c1\u03c7\u03b1\u03af\u03b1\u03c2 \u03bf\u03bd\u03bf\u03bc\u03b1\u03c3\u03af\u03b1\u03c2 \u03a0\u03bf\u03bb\u03af\u03c7\u03bd\u03b7 (\u03c4\u03c3\u03b1\u03ba\u03ce\u03bd\u03b9\u03ba\u03b1 \u03a0\u03bf\u03cd\u03bb\u03b9\u03c7\u03c1\u03b1). \u03a4\u03bf \u03b1\u03c1\u03c7\u03b1\u03af\u03bf \u03bb\u03b9\u03bc\u03ac\u03bd\u03b9, \u03c0\u03bb\u03ad\u03bf\u03bd \u03b5\u03c5\u03c1\u03cd\u03c7\u03c9\u03c1\u03bf \u03ba\u03b1\u03b9 \u03b1\u03c3\u03c6\u03b1\u03bb\u03ad\u03c2 \u03c4\u03bf\u03c5\",\"breadcrumb\":{\"@id\":\"https:\\\/\\\/www.poulithra.org\\\/%cf%84%ce%b1-%cf%80%ce%bf%cf%8d%ce%bb%ce%b9%ce%b8%cf%81%ce%b1\\\/#breadcrumb\"},\"inLanguage\":\"de\",\"potentialAction\":[{\"@type\":\"ReadAction\",\"target\":[\"https:\\\/\\\/www.poulithra.org\\\/%cf%84%ce%b1-%cf%80%ce%bf%cf%8d%ce%bb%ce%b9%ce%b8%cf%81%ce%b1\\\/\"]}]},{\"@type\":\"ImageObject\",\"inLanguage\":\"de\",\"@id\":\"https:\\\/\\\/www.poulithra.org\\\/%cf%84%ce%b1-%cf%80%ce%bf%cf%8d%ce%bb%ce%b9%ce%b8%cf%81%ce%b1\\\/#primaryimage\",\"url\":\"https:\\\/\\\/www.poulithra.org\\\/wp-content\\\/uploads\\\/2019\\\/06\\\/varka.jpg\",\"contentUrl\":\"https:\\\/\\\/www.poulithra.org\\\/wp-content\\\/uploads\\\/2019\\\/06\\\/varka.jpg\",\"width\":1200,\"height\":650},{\"@type\":\"BreadcrumbList\",\"@id\":\"https:\\\/\\\/www.poulithra.org\\\/%cf%84%ce%b1-%cf%80%ce%bf%cf%8d%ce%bb%ce%b9%ce%b8%cf%81%ce%b1\\\/#breadcrumb\",\"itemListElement\":[{\"@type\":\"ListItem\",\"position\":1,\"name\":\"Home\",\"item\":\"https:\\\/\\\/www.poulithra.org\\\/\"},{\"@type\":\"ListItem\",\"position\":2,\"name\":\"\u03a0\u03bf\u03cd\u03bb\u03b9\u03b8\u03c1\u03b1 &#8211; \u03a3\u03c4\u03b1\u03b3\u03cc\u03bd\u03b5\u03c2 \u03b9\u03c3\u03c4\u03bf\u03c1\u03af\u03b1\u03c2\"}]},{\"@type\":\"WebSite\",\"@id\":\"https:\\\/\\\/www.poulithra.org\\\/#website\",\"url\":\"https:\\\/\\\/www.poulithra.org\\\/\",\"name\":\"\u03a0\u03bf\u03bb\u03af\u03c7\u03bd\u03b7\",\"description\":\"\u03a0\u03bf\u03bb\u03b9\u03c4\u03b9\u03c3\u03c4\u03b9\u03ba\u03cc\u03c2 \u03ba\u03b1\u03b9 \u0395\u03be\u03c9\u03c1\u03b1\u03ca\u03c3\u03c4\u03b9\u03ba\u03cc\u03c2 \u03a3\u03cd\u03bb\u03bb\u03bf\u03b3\u03bf\u03c2 \u0391\u03c0\u03b1\u03bd\u03c4\u03b1\u03c7\u03bf\u03cd \u03a0\u03bf\u03c5\u03bb\u03b9\u03b8\u03c1\u03b9\u03c9\u03c4\u03ce\u03bd\",\"publisher\":{\"@id\":\"https:\\\/\\\/www.poulithra.org\\\/#organization\"},\"potentialAction\":[{\"@type\":\"SearchAction\",\"target\":{\"@type\":\"EntryPoint\",\"urlTemplate\":\"https:\\\/\\\/www.poulithra.org\\\/?s={search_term_string}\"},\"query-input\":{\"@type\":\"PropertyValueSpecification\",\"valueRequired\":true,\"valueName\":\"search_term_string\"}}],\"inLanguage\":\"de\"},{\"@type\":\"Organization\",\"@id\":\"https:\\\/\\\/www.poulithra.org\\\/#organization\",\"name\":\"\u03a3\u03cd\u03bb\u03bb\u03bf\u03b3\u03bf\u03c2 \\\"\u03a0\u03bf\u03bb\u03af\u03c7\u03bd\u03b7\\\"\",\"url\":\"https:\\\/\\\/www.poulithra.org\\\/\",\"logo\":{\"@type\":\"ImageObject\",\"inLanguage\":\"de\",\"@id\":\"https:\\\/\\\/www.poulithra.org\\\/#\\\/schema\\\/logo\\\/image\\\/\",\"url\":\"https:\\\/\\\/www.poulithra.org\\\/wp-content\\\/uploads\\\/2024\\\/06\\\/cropped-Logo-png.png\",\"contentUrl\":\"https:\\\/\\\/www.poulithra.org\\\/wp-content\\\/uploads\\\/2024\\\/06\\\/cropped-Logo-png.png\",\"width\":997,\"height\":1041,\"caption\":\"\u03a3\u03cd\u03bb\u03bb\u03bf\u03b3\u03bf\u03c2 \\\"\u03a0\u03bf\u03bb\u03af\u03c7\u03bd\u03b7\\\"\"},\"image\":{\"@id\":\"https:\\\/\\\/www.poulithra.org\\\/#\\\/schema\\\/logo\\\/image\\\/\"},\"sameAs\":[\"https:\\\/\\\/www.facebook.com\\\/syllogos.polixni\"]}]}<\/script>\n<!-- \/ Yoast SEO plugin. -->","yoast_head_json":{"title":"Pulithra - Tropfen der Geschichte | Die Polichni","description":"Der Name Poulithra ist eine Verballhornung des antiken Namens Polichni (Tsakonian Poulichra). Der alte Hafen, jetzt ger\u00e4umig und sicher der","robots":{"index":"index","follow":"follow","max-snippet":"max-snippet:-1","max-image-preview":"max-image-preview:large","max-video-preview":"max-video-preview:-1"},"canonical":"https:\/\/www.poulithra.org\/de\/\u03c4\u03b1-\u03c0\u03bf\u03cd\u03bb\u03b9\u03b8\u03c1\u03b1\/","og_locale":"de_DE","og_type":"article","og_title":"\u03a0\u03bf\u03cd\u03bb\u03b9\u03b8\u03c1\u03b1 - \u03a3\u03c4\u03b1\u03b3\u03cc\u03bd\u03b5\u03c2 \u03b9\u03c3\u03c4\u03bf\u03c1\u03af\u03b1\u03c2 | \u0397 \u03a0\u03bf\u03bb\u03af\u03c7\u03bd\u03b7","og_description":"\u03a4\u03b1 \u03a0\u03bf\u03cd\u03bb\u03b9\u03b8\u03c1\u03b1 \u03c9\u03c2 \u03bf\u03bd\u03bf\u03bc\u03b1\u03c3\u03af\u03b1 \u03c0\u03c1\u03bf\u03ad\u03c1\u03c7\u03bf\u03bd\u03c4\u03b1\u03b9 \u03b1\u03c0\u03cc \u03c0\u03b1\u03c1\u03b1\u03c6\u03b8\u03bf\u03c1\u03ac \u03c4\u03b7\u03c2 \u03b1\u03c1\u03c7\u03b1\u03af\u03b1\u03c2 \u03bf\u03bd\u03bf\u03bc\u03b1\u03c3\u03af\u03b1\u03c2 \u03a0\u03bf\u03bb\u03af\u03c7\u03bd\u03b7 (\u03c4\u03c3\u03b1\u03ba\u03ce\u03bd\u03b9\u03ba\u03b1 \u03a0\u03bf\u03cd\u03bb\u03b9\u03c7\u03c1\u03b1). \u03a4\u03bf \u03b1\u03c1\u03c7\u03b1\u03af\u03bf \u03bb\u03b9\u03bc\u03ac\u03bd\u03b9, \u03c0\u03bb\u03ad\u03bf\u03bd \u03b5\u03c5\u03c1\u03cd\u03c7\u03c9\u03c1\u03bf \u03ba\u03b1\u03b9 \u03b1\u03c3\u03c6\u03b1\u03bb\u03ad\u03c2 \u03c4\u03bf\u03c5","og_url":"https:\/\/www.poulithra.org\/de\/\u03c4\u03b1-\u03c0\u03bf\u03cd\u03bb\u03b9\u03b8\u03c1\u03b1\/","og_site_name":"\u0397 \u03a0\u03bf\u03bb\u03af\u03c7\u03bd\u03b7","article_publisher":"https:\/\/www.facebook.com\/syllogos.polixni","article_modified_time":"2023-09-12T13:00:34+00:00","og_image":[{"width":1200,"height":650,"url":"https:\/\/www.poulithra.org\/wp-content\/uploads\/2019\/06\/varka.jpg","type":"image\/jpeg"}],"twitter_card":"summary_large_image","schema":{"@context":"https:\/\/schema.org","@graph":[{"@type":"WebPage","@id":"https:\/\/www.poulithra.org\/%cf%84%ce%b1-%cf%80%ce%bf%cf%8d%ce%bb%ce%b9%ce%b8%cf%81%ce%b1\/","url":"https:\/\/www.poulithra.org\/%cf%84%ce%b1-%cf%80%ce%bf%cf%8d%ce%bb%ce%b9%ce%b8%cf%81%ce%b1\/","name":"Pulithra - Tropfen der Geschichte | Die Polichni","isPartOf":{"@id":"https:\/\/www.poulithra.org\/#website"},"primaryImageOfPage":{"@id":"https:\/\/www.poulithra.org\/%cf%84%ce%b1-%cf%80%ce%bf%cf%8d%ce%bb%ce%b9%ce%b8%cf%81%ce%b1\/#primaryimage"},"image":{"@id":"https:\/\/www.poulithra.org\/%cf%84%ce%b1-%cf%80%ce%bf%cf%8d%ce%bb%ce%b9%ce%b8%cf%81%ce%b1\/#primaryimage"},"thumbnailUrl":"https:\/\/www.poulithra.org\/wp-content\/uploads\/2019\/06\/varka.jpg","datePublished":"2019-06-07T14:24:31+00:00","dateModified":"2023-09-12T13:00:34+00:00","description":"Der Name Poulithra ist eine Verballhornung des antiken Namens Polichni (Tsakonian Poulichra). Der alte Hafen, jetzt ger\u00e4umig und sicher der","breadcrumb":{"@id":"https:\/\/www.poulithra.org\/%cf%84%ce%b1-%cf%80%ce%bf%cf%8d%ce%bb%ce%b9%ce%b8%cf%81%ce%b1\/#breadcrumb"},"inLanguage":"de","potentialAction":[{"@type":"ReadAction","target":["https:\/\/www.poulithra.org\/%cf%84%ce%b1-%cf%80%ce%bf%cf%8d%ce%bb%ce%b9%ce%b8%cf%81%ce%b1\/"]}]},{"@type":"ImageObject","inLanguage":"de","@id":"https:\/\/www.poulithra.org\/%cf%84%ce%b1-%cf%80%ce%bf%cf%8d%ce%bb%ce%b9%ce%b8%cf%81%ce%b1\/#primaryimage","url":"https:\/\/www.poulithra.org\/wp-content\/uploads\/2019\/06\/varka.jpg","contentUrl":"https:\/\/www.poulithra.org\/wp-content\/uploads\/2019\/06\/varka.jpg","width":1200,"height":650},{"@type":"BreadcrumbList","@id":"https:\/\/www.poulithra.org\/%cf%84%ce%b1-%cf%80%ce%bf%cf%8d%ce%bb%ce%b9%ce%b8%cf%81%ce%b1\/#breadcrumb","itemListElement":[{"@type":"ListItem","position":1,"name":"Home","item":"https:\/\/www.poulithra.org\/"},{"@type":"ListItem","position":2,"name":"\u03a0\u03bf\u03cd\u03bb\u03b9\u03b8\u03c1\u03b1 &#8211; \u03a3\u03c4\u03b1\u03b3\u03cc\u03bd\u03b5\u03c2 \u03b9\u03c3\u03c4\u03bf\u03c1\u03af\u03b1\u03c2"}]},{"@type":"WebSite","@id":"https:\/\/www.poulithra.org\/#website","url":"https:\/\/www.poulithra.org\/","name":"Polichni","description":"Kultur- und Freizeitverein der Poulithriots","publisher":{"@id":"https:\/\/www.poulithra.org\/#organization"},"potentialAction":[{"@type":"SearchAction","target":{"@type":"EntryPoint","urlTemplate":"https:\/\/www.poulithra.org\/?s={search_term_string}"},"query-input":{"@type":"PropertyValueSpecification","valueRequired":true,"valueName":"search_term_string"}}],"inLanguage":"de"},{"@type":"Organization","@id":"https:\/\/www.poulithra.org\/#organization","name":"Verein \"Polihni\"","url":"https:\/\/www.poulithra.org\/","logo":{"@type":"ImageObject","inLanguage":"de","@id":"https:\/\/www.poulithra.org\/#\/schema\/logo\/image\/","url":"https:\/\/www.poulithra.org\/wp-content\/uploads\/2024\/06\/cropped-Logo-png.png","contentUrl":"https:\/\/www.poulithra.org\/wp-content\/uploads\/2024\/06\/cropped-Logo-png.png","width":997,"height":1041,"caption":"\u03a3\u03cd\u03bb\u03bb\u03bf\u03b3\u03bf\u03c2 \"\u03a0\u03bf\u03bb\u03af\u03c7\u03bd\u03b7\""},"image":{"@id":"https:\/\/www.poulithra.org\/#\/schema\/logo\/image\/"},"sameAs":["https:\/\/www.facebook.com\/syllogos.polixni"]}]}},"_links":{"self":[{"href":"https:\/\/www.poulithra.org\/de\/wp-json\/wp\/v2\/pages\/452","targetHints":{"allow":["GET"]}}],"collection":[{"href":"https:\/\/www.poulithra.org\/de\/wp-json\/wp\/v2\/pages"}],"about":[{"href":"https:\/\/www.poulithra.org\/de\/wp-json\/wp\/v2\/types\/page"}],"author":[{"embeddable":true,"href":"https:\/\/www.poulithra.org\/de\/wp-json\/wp\/v2\/users\/1"}],"replies":[{"embeddable":true,"href":"https:\/\/www.poulithra.org\/de\/wp-json\/wp\/v2\/comments?post=452"}],"version-history":[{"count":6,"href":"https:\/\/www.poulithra.org\/de\/wp-json\/wp\/v2\/pages\/452\/revisions"}],"predecessor-version":[{"id":1738,"href":"https:\/\/www.poulithra.org\/de\/wp-json\/wp\/v2\/pages\/452\/revisions\/1738"}],"wp:featuredmedia":[{"embeddable":true,"href":"https:\/\/www.poulithra.org\/de\/wp-json\/wp\/v2\/media\/456"}],"wp:attachment":[{"href":"https:\/\/www.poulithra.org\/de\/wp-json\/wp\/v2\/media?parent=452"}],"curies":[{"name":"wp","href":"https:\/\/api.w.org\/{rel}","templated":true}]}}