{"id":45,"date":"2019-05-31T13:34:06","date_gmt":"2019-05-31T13:34:06","guid":{"rendered":"http:\/\/www.poulithra.org\/?page_id=45"},"modified":"2026-04-20T14:44:42","modified_gmt":"2026-04-20T12:44:42","slug":"istoria-polichnis","status":"publish","type":"page","link":"https:\/\/www.poulithra.org\/de\/istoria-polichnis\/","title":{"rendered":"Polihni - Die Akropolis von Pouliithra"},"content":{"rendered":"<p>Am Strand von Poulithra und insbesondere auf dem H\u00fcgel Vigla, der sich \u00fcber das Meer erhebt, befindet sich eine alte befestigte Siedlung, das antike Polihni.<\/p>\r\n\r\n\r\n\r\n<p>Nach Ansicht von Professor <a href=\"https:\/\/el.wikipedia.org\/wiki\/%CE%9A%CF%89%CE%BD%CF%83%CF%84%CE%B1%CE%BD%CF%84%CE%AF%CE%BD%CE%BF%CF%82_%CE%A1%CF%89%CE%BC%CE%B1%CE%AF%CE%BF%CF%82\">Konstantin Romeo<\/a>Das von dem antiken Historiker Polybius erw\u00e4hnte antike Komma Polihni befindet sich in der N\u00e4he des Dorfes\u00a0<a href=\"http:\/\/arcadia.ceid.upatras.gr\/arkadia\/places\/poulithra.htm\">Pulithra<\/a>\u00a0von Kynouria. Die Akropolis der antiken Stadt, deren \u00dcberreste bis heute erhalten sind, befindet sich auf dem H\u00fcgel neben dem Hafen des Dorfes.<\/p>\r\n\r\n\r\n\r\n<p>Der H\u00fcgel Vigla (159 m) beherrscht die Umgebung und die Bucht von Poulithra. Auf seinem Gipfel und um ihn herum befinden sich die \u00dcberreste einer antiken Siedlung, die von einer starken Mauer umgeben ist, die nach dem Pseudo-Isodom- und Pseudo-Polygonal-System gebaut wurde. Die Mauer auf der Westseite kann auf das letzte Viertel des 4. Jahrhunderts v. Chr. datiert werden. Im Inneren der Einfriedung befinden sich gro\u00dfe St\u00fctzmauern. S\u00fcdlich des Gipfels befindet sich eine apiphysische Zisterne, die in den nat\u00fcrlichen Fels gehauen wurde. Die \u00d6ffnung besteht aus gro\u00dfen behauenen Steinen und hat einen Durchmesser von 0,90 m.<\/p>\r\n\r\n\r\n\r\n<p>Die wenigen Funde, die wir aus dem antiken Polihni haben, wurden in Gr\u00e4bern nordwestlich des H\u00fcgels nahe der Stra\u00dfe Poulithron - Peletes gefunden und 1964 dem Museum von Astros \u00fcbergeben.<\/p>\r\n\r\n\r\n\r\n<p>Im Mittelalter wurde auf der Spitze des H\u00fcgels ein quadratischer Turm von 5 m Seitenl\u00e4nge errichtet, der als Wachturm diente. Dies ist eine \u00fcberzeugende Interpretation des neueren Ortsnamens Vigla.<\/p>\r\n\r\n\r\n\r\n<p>&nbsp;<\/p>\r\n<div class=\"rl-gallery-container rl-loading\" id=\"rl-gallery-container-1\" data-gallery_id=\"2033\"> <div class=\"rl-gallery rl-basicmasonry-gallery rl-hover-effect-1 rl-hover-icon-2\" id=\"rl-gallery-1\" data-gallery_no=\"1\"> <div class=\"rl-gutter-sizer\"><\/div><div class=\"rl-grid-sizer\"><\/div> <div class=\"rl-gallery-item rl-gallery-item-width-4\" > <div class=\"rl-gallery-item-content\"> <a href=\"https:\/\/www.poulithra.org\/wp-content\/uploads\/2019\/06\/61650643_10213021098547556_4492103906884583424_n.jpg\" title=\"\" data-rl_title=\"\" class=\"rl-gallery-link\" data-rl_caption=\"\" data-rel=\"lightbox-gallery-1\"><img loading=\"lazy\" decoding=\"async\" src=\"https:\/\/www.poulithra.org\/wp-content\/uploads\/2019\/06\/61650643_10213021098547556_4492103906884583424_n.jpg\" width=\"787\" height=\"525\" alt=\"\" \/><\/a> <\/div> <\/div> <div class=\"rl-gallery-item\" > <div class=\"rl-gallery-item-content\"> <a href=\"https:\/\/www.poulithra.org\/wp-content\/uploads\/2024\/06\/aerial.png\" title=\"\" data-rl_title=\"\" class=\"rl-gallery-link\" data-rl_caption=\"\" data-rel=\"lightbox-gallery-1\"><img loading=\"lazy\" decoding=\"async\" src=\"https:\/\/www.poulithra.org\/wp-content\/uploads\/2024\/06\/aerial-1024x522.png\" width=\"1024\" height=\"522\" alt=\"\" \/><\/a> <\/div> <\/div> <div class=\"rl-gallery-item\" > <div class=\"rl-gallery-item-content\"> <a href=\"https:\/\/www.poulithra.org\/wp-content\/uploads\/2019\/06\/photo3.jpg\" title=\"\" data-rl_title=\"\" class=\"rl-gallery-link\" data-rl_caption=\"\" data-rel=\"lightbox-gallery-1\"><img loading=\"lazy\" decoding=\"async\" src=\"https:\/\/www.poulithra.org\/wp-content\/uploads\/2019\/06\/photo3.jpg\" width=\"800\" height=\"600\" alt=\"\" \/><\/a> <\/div> <\/div> <div class=\"rl-gallery-item\" > <div class=\"rl-gallery-item-content\"> <a href=\"https:\/\/www.poulithra.org\/wp-content\/uploads\/2020\/01\/DSC_0618-S.jpg\" title=\"\" data-rl_title=\"\" class=\"rl-gallery-link\" data-rl_caption=\"\" data-rel=\"lightbox-gallery-1\"><img loading=\"lazy\" decoding=\"async\" src=\"https:\/\/www.poulithra.org\/wp-content\/uploads\/2020\/01\/DSC_0618-S.jpg\" width=\"1000\" height=\"662\" alt=\"\" \/><\/a> <\/div> <\/div> <div class=\"rl-gallery-item\" > <div class=\"rl-gallery-item-content\"> <a href=\"https:\/\/www.poulithra.org\/wp-content\/uploads\/2021\/06\/IMG_1200-scaled.jpg\" title=\"\" data-rl_title=\"\" class=\"rl-gallery-link\" data-rl_caption=\"\" data-rel=\"lightbox-gallery-1\"><img loading=\"lazy\" decoding=\"async\" src=\"https:\/\/www.poulithra.org\/wp-content\/uploads\/2021\/06\/IMG_1200-1024x575.jpg\" width=\"1024\" height=\"575\" alt=\"\" \/><\/a> <\/div> <\/div> <div class=\"rl-gallery-item\" > <div class=\"rl-gallery-item-content\"> <a href=\"https:\/\/www.poulithra.org\/wp-content\/uploads\/2021\/06\/IMG_1199-scaled.jpg\" title=\"\" data-rl_title=\"\" class=\"rl-gallery-link\" data-rl_caption=\"\" data-rel=\"lightbox-gallery-1\"><img loading=\"lazy\" decoding=\"async\" src=\"https:\/\/www.poulithra.org\/wp-content\/uploads\/2021\/06\/IMG_1199-1024x575.jpg\" width=\"1024\" height=\"575\" alt=\"\" \/><\/a> <\/div> <\/div> <div class=\"rl-gallery-item\" > <div class=\"rl-gallery-item-content\"> <a href=\"https:\/\/www.poulithra.org\/wp-content\/uploads\/2021\/06\/IMG_1197-scaled.jpg\" title=\"\" data-rl_title=\"\" class=\"rl-gallery-link\" data-rl_caption=\"\" data-rel=\"lightbox-gallery-1\"><img loading=\"lazy\" decoding=\"async\" src=\"https:\/\/www.poulithra.org\/wp-content\/uploads\/2021\/06\/IMG_1197-1024x575.jpg\" width=\"1024\" height=\"575\" alt=\"\" \/><\/a> <\/div> <\/div> <div class=\"rl-gallery-item\" > <div class=\"rl-gallery-item-content\"> <a href=\"https:\/\/www.poulithra.org\/wp-content\/uploads\/2021\/06\/IMG_1195-scaled.jpg\" title=\"\" data-rl_title=\"\" class=\"rl-gallery-link\" data-rl_caption=\"\" data-rel=\"lightbox-gallery-1\"><img loading=\"lazy\" decoding=\"async\" src=\"https:\/\/www.poulithra.org\/wp-content\/uploads\/2021\/06\/IMG_1195-1024x575.jpg\" width=\"1024\" height=\"575\" alt=\"\" \/><\/a> <\/div> <\/div> <div class=\"rl-gallery-item\" > <div class=\"rl-gallery-item-content\"> <a href=\"https:\/\/www.poulithra.org\/wp-content\/uploads\/2019\/06\/DSC_0533-B.jpg\" title=\"\" data-rl_title=\"\" class=\"rl-gallery-link\" data-rl_caption=\"\" data-rel=\"lightbox-gallery-1\"><img loading=\"lazy\" decoding=\"async\" src=\"https:\/\/www.poulithra.org\/wp-content\/uploads\/2019\/06\/DSC_0533-B.jpg\" width=\"640\" height=\"424\" alt=\"\" \/><\/a> <\/div> <\/div> <div class=\"rl-gallery-item\" > <div class=\"rl-gallery-item-content\"> <a href=\"https:\/\/www.poulithra.org\/wp-content\/uploads\/2019\/06\/DSC_0528-B.jpg\" title=\"\" data-rl_title=\"\" class=\"rl-gallery-link\" data-rl_caption=\"\" data-rel=\"lightbox-gallery-1\"><img loading=\"lazy\" decoding=\"async\" src=\"https:\/\/www.poulithra.org\/wp-content\/uploads\/2019\/06\/DSC_0528-B.jpg\" width=\"640\" height=\"424\" alt=\"\" \/><\/a> <\/div> <\/div> <div class=\"rl-gallery-item\" > <div class=\"rl-gallery-item-content\"> <a href=\"https:\/\/www.poulithra.org\/wp-content\/uploads\/2019\/06\/DSC_0516-B.jpg\" title=\"\" data-rl_title=\"\" class=\"rl-gallery-link\" data-rl_caption=\"\" data-rel=\"lightbox-gallery-1\"><img loading=\"lazy\" decoding=\"async\" src=\"https:\/\/www.poulithra.org\/wp-content\/uploads\/2019\/06\/DSC_0516-B.jpg\" width=\"640\" height=\"424\" alt=\"\" \/><\/a> <\/div> <\/div> <div class=\"rl-gallery-item\" > <div class=\"rl-gallery-item-content\"> <a href=\"https:\/\/www.poulithra.org\/wp-content\/uploads\/2019\/06\/DSC_0416-B.jpg\" title=\"\" data-rl_title=\"\" class=\"rl-gallery-link\" data-rl_caption=\"\" data-rel=\"lightbox-gallery-1\"><img loading=\"lazy\" decoding=\"async\" src=\"https:\/\/www.poulithra.org\/wp-content\/uploads\/2019\/06\/DSC_0416-B.jpg\" width=\"640\" height=\"424\" alt=\"\" \/><\/a> <\/div> <\/div> <\/div> <\/div>\r\n<p>&nbsp;<\/p>\r\n<p>Weitere Informationen \u00fcber die Geschichte von Poulithra finden Sie unter <span style=\"text-decoration: underline;\"><a href=\"http:\/\/www.poulithra.org\/de\/\u03c4\u03b1-\u03c0\u03bf\u03cd\u03bb\u03b9\u03b8\u03c1\u03b1\/\" target=\"_blank\" rel=\"noreferrer noopener\" aria-label=\"hier (\u00f6ffnet in einer neuen Registerkarte)\">hier<\/a>.<\/span><\/p>\r\n\r\n\r\n\r\n<p>Informationen \u00fcber den Zugangsweg zur arch\u00e4ologischen St\u00e4tte von Polichni, Presse <a href=\"https:\/\/www.poulithra.org\/de\/\u03bc\u03bf\u03bd\u03bf\u03c0\u03ac\u03c4\u03b9\u03b1\/\" target=\"_blank\" rel=\"noopener\">hier<\/a>.<\/p>\r\n\r\n\r\n\r\n<div class=\"wp-block-jetpack-tiled-gallery aligncenter is-style-rectangular\">\r\n<div class=\"tiled-gallery__gallery\">\r\n<div class=\"tiled-gallery__row\">\r\n<div class=\"tiled-gallery__col\">\u00a0<\/div>\r\n<div class=\"tiled-gallery__col\">\u00a0<\/div>\r\n<\/div>\r\n<div class=\"tiled-gallery__row\">\r\n<div class=\"tiled-gallery__col\">\u00a0<\/div>\r\n<div class=\"tiled-gallery__col\">\u00a0<\/div>\r\n<div class=\"tiled-gallery__col\">\u00a0<\/div>\r\n<div class=\"tiled-gallery__col\">\u00a0<\/div>\r\n<\/div>\r\n<\/div>\r\n<\/div>","protected":false},"excerpt":{"rendered":"<p>Am Strand von Poulithra und insbesondere auf dem H\u00fcgel Vigla, der sich \u00fcber das Meer erhebt, befindet sich eine antike befestigte Siedlung, das antike Polihni. Laut Professor Konstantinos Romanos befindet sich das antike Polichni coma, das vom antiken Historiker Polybius erw\u00e4hnt wurde, in der Gegend des Dorfes Poulithra in Kynouria. Die Akropolis der antiken Stadt, deren \u00dcberreste sich in der ... <a title=\"Polihni - Die Akropolis von Pouliithra\" class=\"read-more\" href=\"https:\/\/www.poulithra.org\/de\/istoria-polichnis\/\" aria-label=\"Mehr Informationen \u00fcber Polihni - Die Akropolis von Poulithron\">Mehr lesen<\/a><\/p>","protected":false},"author":1,"featured_media":2032,"parent":0,"menu_order":0,"comment_status":"closed","ping_status":"closed","template":"","meta":{"_monsterinsights_skip_tracking":false,"_monsterinsights_sitenote_active":false,"_monsterinsights_sitenote_note":"","_monsterinsights_sitenote_category":0,"footnotes":""},"class_list":["post-45","page","type-page","status-publish","has-post-thumbnail"],"yoast_head":"<!-- This site is optimized with the Yoast SEO plugin v27.4 - https:\/\/yoast.com\/product\/yoast-seo-wordpress\/ -->\n<title>\u03a0\u03bf\u03bb\u03af\u03c7\u03bd\u03b7 - \u0397 \u03b1\u03ba\u03c1\u03cc\u03c0\u03bf\u03bb\u03b7 \u03c4\u03c9\u03bd \u03a0\u03bf\u03c5\u03bb\u03af\u03b8\u03c1\u03c9\u03bd | \u0397 \u03a0\u03bf\u03bb\u03af\u03c7\u03bd\u03b7<\/title>\n<meta name=\"description\" content=\"\u03a3\u03c4\u03b7\u03bd \u03a0\u03b1\u03c1\u03b1\u03bb\u03af\u03b1 \u03c4\u03c9\u03bd \u03a0\u03bf\u03c5\u03bb\u03af\u03b8\u03c1\u03c9\u03bd \u03ba\u03b1\u03b9 \u03c3\u03c5\u03b3\u03ba\u03b5\u03ba\u03c1\u03b9\u03bc\u03ad\u03bd\u03b1 \u03c3\u03c4\u03bf \u03bb\u03cc\u03c6\u03bf \u0392\u03af\u03b3\u03bb\u03b1 \u03c0\u03bf\u03c5 \u03c5\u03c8\u03ce\u03bd\u03b5\u03c4\u03b1\u03b9 \u03c0\u03ac\u03bd\u03c9 \u03b1\u03c0\u03cc \u03c4\u03b7\u03bd \u03b8\u03ac\u03bb\u03b1\u03c3\u03c3\u03b1, \u03c5\u03c0\u03ac\u03c1\u03c7\u03b5\u03b9 \u03ad\u03bd\u03b1\u03c2 \u03b1\u03c1\u03c7\u03b1\u03af\u03bf\u03c2 \u03bf\u03c7\u03c5\u03c1\u03c9\u03bc\u03ad\u03bd\u03bf\u03c2 \u03bf\u03b9\u03ba\u03b9\u03c3\u03bc\u03cc\u03c2, \u03b7 \u03b1\u03c1\u03c7\u03b1\u03af\u03b1 \u03a0\u03bf\u03bb\u03af\u03c7\u03bd\u03b7.\" \/>\n<meta name=\"robots\" content=\"index, follow, max-snippet:-1, max-image-preview:large, max-video-preview:-1\" \/>\n<link rel=\"canonical\" href=\"https:\/\/www.poulithra.org\/de\/istoria-polichnis\/\" \/>\n<meta property=\"og:locale\" content=\"de_DE\" \/>\n<meta property=\"og:type\" content=\"article\" \/>\n<meta property=\"og:title\" content=\"\u03a0\u03bf\u03bb\u03af\u03c7\u03bd\u03b7 - \u0397 \u03b1\u03ba\u03c1\u03cc\u03c0\u03bf\u03bb\u03b7 \u03c4\u03c9\u03bd \u03a0\u03bf\u03c5\u03bb\u03af\u03b8\u03c1\u03c9\u03bd | \u0397 \u03a0\u03bf\u03bb\u03af\u03c7\u03bd\u03b7\" \/>\n<meta property=\"og:description\" content=\"\u03a3\u03c4\u03b7\u03bd \u03a0\u03b1\u03c1\u03b1\u03bb\u03af\u03b1 \u03c4\u03c9\u03bd \u03a0\u03bf\u03c5\u03bb\u03af\u03b8\u03c1\u03c9\u03bd \u03ba\u03b1\u03b9 \u03c3\u03c5\u03b3\u03ba\u03b5\u03ba\u03c1\u03b9\u03bc\u03ad\u03bd\u03b1 \u03c3\u03c4\u03bf \u03bb\u03cc\u03c6\u03bf \u0392\u03af\u03b3\u03bb\u03b1 \u03c0\u03bf\u03c5 \u03c5\u03c8\u03ce\u03bd\u03b5\u03c4\u03b1\u03b9 \u03c0\u03ac\u03bd\u03c9 \u03b1\u03c0\u03cc \u03c4\u03b7\u03bd \u03b8\u03ac\u03bb\u03b1\u03c3\u03c3\u03b1, \u03c5\u03c0\u03ac\u03c1\u03c7\u03b5\u03b9 \u03ad\u03bd\u03b1\u03c2 \u03b1\u03c1\u03c7\u03b1\u03af\u03bf\u03c2 \u03bf\u03c7\u03c5\u03c1\u03c9\u03bc\u03ad\u03bd\u03bf\u03c2 \u03bf\u03b9\u03ba\u03b9\u03c3\u03bc\u03cc\u03c2, \u03b7 \u03b1\u03c1\u03c7\u03b1\u03af\u03b1 \u03a0\u03bf\u03bb\u03af\u03c7\u03bd\u03b7.\" \/>\n<meta property=\"og:url\" content=\"https:\/\/www.poulithra.org\/de\/istoria-polichnis\/\" \/>\n<meta property=\"og:site_name\" content=\"\u0397 \u03a0\u03bf\u03bb\u03af\u03c7\u03bd\u03b7\" \/>\n<meta property=\"article:publisher\" content=\"https:\/\/www.facebook.com\/syllogos.polixni\" \/>\n<meta property=\"article:modified_time\" content=\"2026-04-20T12:44:42+00:00\" \/>\n<meta property=\"og:image\" content=\"https:\/\/www.poulithra.org\/wp-content\/uploads\/2024\/06\/aerial.png\" \/>\n\t<meta property=\"og:image:width\" content=\"1348\" \/>\n\t<meta property=\"og:image:height\" content=\"687\" \/>\n\t<meta property=\"og:image:type\" content=\"image\/png\" \/>\n<meta name=\"twitter:card\" content=\"summary_large_image\" \/>\n<meta name=\"twitter:label1\" content=\"Gesch\u00e4tzte Lesezeit\" \/>\n\t<meta name=\"twitter:data1\" content=\"2\u00a0Minuten\" \/>\n<script type=\"application\/ld+json\" class=\"yoast-schema-graph\">{\"@context\":\"https:\\\/\\\/schema.org\",\"@graph\":[{\"@type\":\"WebPage\",\"@id\":\"https:\\\/\\\/www.poulithra.org\\\/istoria-polichnis\\\/\",\"url\":\"https:\\\/\\\/www.poulithra.org\\\/istoria-polichnis\\\/\",\"name\":\"\u03a0\u03bf\u03bb\u03af\u03c7\u03bd\u03b7 - \u0397 \u03b1\u03ba\u03c1\u03cc\u03c0\u03bf\u03bb\u03b7 \u03c4\u03c9\u03bd \u03a0\u03bf\u03c5\u03bb\u03af\u03b8\u03c1\u03c9\u03bd | \u0397 \u03a0\u03bf\u03bb\u03af\u03c7\u03bd\u03b7\",\"isPartOf\":{\"@id\":\"https:\\\/\\\/www.poulithra.org\\\/#website\"},\"primaryImageOfPage\":{\"@id\":\"https:\\\/\\\/www.poulithra.org\\\/istoria-polichnis\\\/#primaryimage\"},\"image\":{\"@id\":\"https:\\\/\\\/www.poulithra.org\\\/istoria-polichnis\\\/#primaryimage\"},\"thumbnailUrl\":\"https:\\\/\\\/www.poulithra.org\\\/wp-content\\\/uploads\\\/2024\\\/06\\\/aerial.png\",\"datePublished\":\"2019-05-31T13:34:06+00:00\",\"dateModified\":\"2026-04-20T12:44:42+00:00\",\"description\":\"\u03a3\u03c4\u03b7\u03bd \u03a0\u03b1\u03c1\u03b1\u03bb\u03af\u03b1 \u03c4\u03c9\u03bd \u03a0\u03bf\u03c5\u03bb\u03af\u03b8\u03c1\u03c9\u03bd \u03ba\u03b1\u03b9 \u03c3\u03c5\u03b3\u03ba\u03b5\u03ba\u03c1\u03b9\u03bc\u03ad\u03bd\u03b1 \u03c3\u03c4\u03bf \u03bb\u03cc\u03c6\u03bf \u0392\u03af\u03b3\u03bb\u03b1 \u03c0\u03bf\u03c5 \u03c5\u03c8\u03ce\u03bd\u03b5\u03c4\u03b1\u03b9 \u03c0\u03ac\u03bd\u03c9 \u03b1\u03c0\u03cc \u03c4\u03b7\u03bd \u03b8\u03ac\u03bb\u03b1\u03c3\u03c3\u03b1, \u03c5\u03c0\u03ac\u03c1\u03c7\u03b5\u03b9 \u03ad\u03bd\u03b1\u03c2 \u03b1\u03c1\u03c7\u03b1\u03af\u03bf\u03c2 \u03bf\u03c7\u03c5\u03c1\u03c9\u03bc\u03ad\u03bd\u03bf\u03c2 \u03bf\u03b9\u03ba\u03b9\u03c3\u03bc\u03cc\u03c2, \u03b7 \u03b1\u03c1\u03c7\u03b1\u03af\u03b1 \u03a0\u03bf\u03bb\u03af\u03c7\u03bd\u03b7.\",\"breadcrumb\":{\"@id\":\"https:\\\/\\\/www.poulithra.org\\\/istoria-polichnis\\\/#breadcrumb\"},\"inLanguage\":\"de\",\"potentialAction\":[{\"@type\":\"ReadAction\",\"target\":[\"https:\\\/\\\/www.poulithra.org\\\/istoria-polichnis\\\/\"]}]},{\"@type\":\"ImageObject\",\"inLanguage\":\"de\",\"@id\":\"https:\\\/\\\/www.poulithra.org\\\/istoria-polichnis\\\/#primaryimage\",\"url\":\"https:\\\/\\\/www.poulithra.org\\\/wp-content\\\/uploads\\\/2024\\\/06\\\/aerial.png\",\"contentUrl\":\"https:\\\/\\\/www.poulithra.org\\\/wp-content\\\/uploads\\\/2024\\\/06\\\/aerial.png\",\"width\":1348,\"height\":687},{\"@type\":\"BreadcrumbList\",\"@id\":\"https:\\\/\\\/www.poulithra.org\\\/istoria-polichnis\\\/#breadcrumb\",\"itemListElement\":[{\"@type\":\"ListItem\",\"position\":1,\"name\":\"Home\",\"item\":\"https:\\\/\\\/www.poulithra.org\\\/\"},{\"@type\":\"ListItem\",\"position\":2,\"name\":\"\u03a0\u03bf\u03bb\u03af\u03c7\u03bd\u03b7 &#8211; \u0397 \u03b1\u03ba\u03c1\u03cc\u03c0\u03bf\u03bb\u03b7 \u03c4\u03c9\u03bd \u03a0\u03bf\u03c5\u03bb\u03af\u03b8\u03c1\u03c9\u03bd\"}]},{\"@type\":\"WebSite\",\"@id\":\"https:\\\/\\\/www.poulithra.org\\\/#website\",\"url\":\"https:\\\/\\\/www.poulithra.org\\\/\",\"name\":\"\u03a0\u03bf\u03bb\u03af\u03c7\u03bd\u03b7\",\"description\":\"\u03a0\u03bf\u03bb\u03b9\u03c4\u03b9\u03c3\u03c4\u03b9\u03ba\u03cc\u03c2 \u03ba\u03b1\u03b9 \u0395\u03be\u03c9\u03c1\u03b1\u03ca\u03c3\u03c4\u03b9\u03ba\u03cc\u03c2 \u03a3\u03cd\u03bb\u03bb\u03bf\u03b3\u03bf\u03c2 \u0391\u03c0\u03b1\u03bd\u03c4\u03b1\u03c7\u03bf\u03cd \u03a0\u03bf\u03c5\u03bb\u03b9\u03b8\u03c1\u03b9\u03c9\u03c4\u03ce\u03bd\",\"publisher\":{\"@id\":\"https:\\\/\\\/www.poulithra.org\\\/#organization\"},\"potentialAction\":[{\"@type\":\"SearchAction\",\"target\":{\"@type\":\"EntryPoint\",\"urlTemplate\":\"https:\\\/\\\/www.poulithra.org\\\/?s={search_term_string}\"},\"query-input\":{\"@type\":\"PropertyValueSpecification\",\"valueRequired\":true,\"valueName\":\"search_term_string\"}}],\"inLanguage\":\"de\"},{\"@type\":\"Organization\",\"@id\":\"https:\\\/\\\/www.poulithra.org\\\/#organization\",\"name\":\"\u03a3\u03cd\u03bb\u03bb\u03bf\u03b3\u03bf\u03c2 \\\"\u03a0\u03bf\u03bb\u03af\u03c7\u03bd\u03b7\\\"\",\"url\":\"https:\\\/\\\/www.poulithra.org\\\/\",\"logo\":{\"@type\":\"ImageObject\",\"inLanguage\":\"de\",\"@id\":\"https:\\\/\\\/www.poulithra.org\\\/#\\\/schema\\\/logo\\\/image\\\/\",\"url\":\"https:\\\/\\\/www.poulithra.org\\\/wp-content\\\/uploads\\\/2024\\\/06\\\/cropped-Logo-png.png\",\"contentUrl\":\"https:\\\/\\\/www.poulithra.org\\\/wp-content\\\/uploads\\\/2024\\\/06\\\/cropped-Logo-png.png\",\"width\":997,\"height\":1041,\"caption\":\"\u03a3\u03cd\u03bb\u03bb\u03bf\u03b3\u03bf\u03c2 \\\"\u03a0\u03bf\u03bb\u03af\u03c7\u03bd\u03b7\\\"\"},\"image\":{\"@id\":\"https:\\\/\\\/www.poulithra.org\\\/#\\\/schema\\\/logo\\\/image\\\/\"},\"sameAs\":[\"https:\\\/\\\/www.facebook.com\\\/syllogos.polixni\"]}]}<\/script>\n<!-- \/ Yoast SEO plugin. -->","yoast_head_json":{"title":"Polihni - Die Akropolis von Poulithra | Polihni","description":"Am Strand von Poulithra und insbesondere auf dem H\u00fcgel Vigla, der sich \u00fcber das Meer erhebt, befindet sich eine alte befestigte Siedlung, das antike Polihni.","robots":{"index":"index","follow":"follow","max-snippet":"max-snippet:-1","max-image-preview":"max-image-preview:large","max-video-preview":"max-video-preview:-1"},"canonical":"https:\/\/www.poulithra.org\/de\/istoria-polichnis\/","og_locale":"de_DE","og_type":"article","og_title":"\u03a0\u03bf\u03bb\u03af\u03c7\u03bd\u03b7 - \u0397 \u03b1\u03ba\u03c1\u03cc\u03c0\u03bf\u03bb\u03b7 \u03c4\u03c9\u03bd \u03a0\u03bf\u03c5\u03bb\u03af\u03b8\u03c1\u03c9\u03bd | \u0397 \u03a0\u03bf\u03bb\u03af\u03c7\u03bd\u03b7","og_description":"\u03a3\u03c4\u03b7\u03bd \u03a0\u03b1\u03c1\u03b1\u03bb\u03af\u03b1 \u03c4\u03c9\u03bd \u03a0\u03bf\u03c5\u03bb\u03af\u03b8\u03c1\u03c9\u03bd \u03ba\u03b1\u03b9 \u03c3\u03c5\u03b3\u03ba\u03b5\u03ba\u03c1\u03b9\u03bc\u03ad\u03bd\u03b1 \u03c3\u03c4\u03bf \u03bb\u03cc\u03c6\u03bf \u0392\u03af\u03b3\u03bb\u03b1 \u03c0\u03bf\u03c5 \u03c5\u03c8\u03ce\u03bd\u03b5\u03c4\u03b1\u03b9 \u03c0\u03ac\u03bd\u03c9 \u03b1\u03c0\u03cc \u03c4\u03b7\u03bd \u03b8\u03ac\u03bb\u03b1\u03c3\u03c3\u03b1, \u03c5\u03c0\u03ac\u03c1\u03c7\u03b5\u03b9 \u03ad\u03bd\u03b1\u03c2 \u03b1\u03c1\u03c7\u03b1\u03af\u03bf\u03c2 \u03bf\u03c7\u03c5\u03c1\u03c9\u03bc\u03ad\u03bd\u03bf\u03c2 \u03bf\u03b9\u03ba\u03b9\u03c3\u03bc\u03cc\u03c2, \u03b7 \u03b1\u03c1\u03c7\u03b1\u03af\u03b1 \u03a0\u03bf\u03bb\u03af\u03c7\u03bd\u03b7.","og_url":"https:\/\/www.poulithra.org\/de\/istoria-polichnis\/","og_site_name":"\u0397 \u03a0\u03bf\u03bb\u03af\u03c7\u03bd\u03b7","article_publisher":"https:\/\/www.facebook.com\/syllogos.polixni","article_modified_time":"2026-04-20T12:44:42+00:00","og_image":[{"width":1348,"height":687,"url":"https:\/\/www.poulithra.org\/wp-content\/uploads\/2024\/06\/aerial.png","type":"image\/png"}],"twitter_card":"summary_large_image","twitter_misc":{"Gesch\u00e4tzte Lesezeit":"2\u00a0Minuten"},"schema":{"@context":"https:\/\/schema.org","@graph":[{"@type":"WebPage","@id":"https:\/\/www.poulithra.org\/istoria-polichnis\/","url":"https:\/\/www.poulithra.org\/istoria-polichnis\/","name":"Polihni - Die Akropolis von Poulithra | Polihni","isPartOf":{"@id":"https:\/\/www.poulithra.org\/#website"},"primaryImageOfPage":{"@id":"https:\/\/www.poulithra.org\/istoria-polichnis\/#primaryimage"},"image":{"@id":"https:\/\/www.poulithra.org\/istoria-polichnis\/#primaryimage"},"thumbnailUrl":"https:\/\/www.poulithra.org\/wp-content\/uploads\/2024\/06\/aerial.png","datePublished":"2019-05-31T13:34:06+00:00","dateModified":"2026-04-20T12:44:42+00:00","description":"Am Strand von Poulithra und insbesondere auf dem H\u00fcgel Vigla, der sich \u00fcber das Meer erhebt, befindet sich eine alte befestigte Siedlung, das antike Polihni.","breadcrumb":{"@id":"https:\/\/www.poulithra.org\/istoria-polichnis\/#breadcrumb"},"inLanguage":"de","potentialAction":[{"@type":"ReadAction","target":["https:\/\/www.poulithra.org\/istoria-polichnis\/"]}]},{"@type":"ImageObject","inLanguage":"de","@id":"https:\/\/www.poulithra.org\/istoria-polichnis\/#primaryimage","url":"https:\/\/www.poulithra.org\/wp-content\/uploads\/2024\/06\/aerial.png","contentUrl":"https:\/\/www.poulithra.org\/wp-content\/uploads\/2024\/06\/aerial.png","width":1348,"height":687},{"@type":"BreadcrumbList","@id":"https:\/\/www.poulithra.org\/istoria-polichnis\/#breadcrumb","itemListElement":[{"@type":"ListItem","position":1,"name":"Home","item":"https:\/\/www.poulithra.org\/"},{"@type":"ListItem","position":2,"name":"\u03a0\u03bf\u03bb\u03af\u03c7\u03bd\u03b7 &#8211; \u0397 \u03b1\u03ba\u03c1\u03cc\u03c0\u03bf\u03bb\u03b7 \u03c4\u03c9\u03bd \u03a0\u03bf\u03c5\u03bb\u03af\u03b8\u03c1\u03c9\u03bd"}]},{"@type":"WebSite","@id":"https:\/\/www.poulithra.org\/#website","url":"https:\/\/www.poulithra.org\/","name":"Polichni","description":"Kultur- und Freizeitverein der Poulithriots","publisher":{"@id":"https:\/\/www.poulithra.org\/#organization"},"potentialAction":[{"@type":"SearchAction","target":{"@type":"EntryPoint","urlTemplate":"https:\/\/www.poulithra.org\/?s={search_term_string}"},"query-input":{"@type":"PropertyValueSpecification","valueRequired":true,"valueName":"search_term_string"}}],"inLanguage":"de"},{"@type":"Organization","@id":"https:\/\/www.poulithra.org\/#organization","name":"Verein \"Polihni\"","url":"https:\/\/www.poulithra.org\/","logo":{"@type":"ImageObject","inLanguage":"de","@id":"https:\/\/www.poulithra.org\/#\/schema\/logo\/image\/","url":"https:\/\/www.poulithra.org\/wp-content\/uploads\/2024\/06\/cropped-Logo-png.png","contentUrl":"https:\/\/www.poulithra.org\/wp-content\/uploads\/2024\/06\/cropped-Logo-png.png","width":997,"height":1041,"caption":"\u03a3\u03cd\u03bb\u03bb\u03bf\u03b3\u03bf\u03c2 \"\u03a0\u03bf\u03bb\u03af\u03c7\u03bd\u03b7\""},"image":{"@id":"https:\/\/www.poulithra.org\/#\/schema\/logo\/image\/"},"sameAs":["https:\/\/www.facebook.com\/syllogos.polixni"]}]}},"_links":{"self":[{"href":"https:\/\/www.poulithra.org\/de\/wp-json\/wp\/v2\/pages\/45","targetHints":{"allow":["GET"]}}],"collection":[{"href":"https:\/\/www.poulithra.org\/de\/wp-json\/wp\/v2\/pages"}],"about":[{"href":"https:\/\/www.poulithra.org\/de\/wp-json\/wp\/v2\/types\/page"}],"author":[{"embeddable":true,"href":"https:\/\/www.poulithra.org\/de\/wp-json\/wp\/v2\/users\/1"}],"replies":[{"embeddable":true,"href":"https:\/\/www.poulithra.org\/de\/wp-json\/wp\/v2\/comments?post=45"}],"version-history":[{"count":17,"href":"https:\/\/www.poulithra.org\/de\/wp-json\/wp\/v2\/pages\/45\/revisions"}],"predecessor-version":[{"id":2036,"href":"https:\/\/www.poulithra.org\/de\/wp-json\/wp\/v2\/pages\/45\/revisions\/2036"}],"wp:featuredmedia":[{"embeddable":true,"href":"https:\/\/www.poulithra.org\/de\/wp-json\/wp\/v2\/media\/2032"}],"wp:attachment":[{"href":"https:\/\/www.poulithra.org\/de\/wp-json\/wp\/v2\/media?parent=45"}],"curies":[{"name":"wp","href":"https:\/\/api.w.org\/{rel}","templated":true}]}}