{"id":394,"date":"2019-06-07T12:20:07","date_gmt":"2019-06-07T12:20:07","guid":{"rendered":"http:\/\/www.poulithra.org\/?page_id=394"},"modified":"2026-04-20T14:44:42","modified_gmt":"2026-04-20T12:44:42","slug":"neromylos","status":"publish","type":"page","link":"https:\/\/www.poulithra.org\/de\/neromylos\/","title":{"rendered":"Wasserm\u00fchle"},"content":{"rendered":"<figure class=\"wp-block-image size-large is-resized\"><img loading=\"lazy\" decoding=\"async\" src=\"http:\/\/www.poulithra.org\/wp-content\/uploads\/2019\/12\/DSC_0541-\u0392-1.jpg\" alt=\"\" class=\"wp-image-745\" width=\"1119\" height=\"748\" srcset=\"https:\/\/www.poulithra.org\/wp-content\/uploads\/2019\/12\/DSC_0541-\u0392-1.jpg 591w, https:\/\/www.poulithra.org\/wp-content\/uploads\/2019\/12\/DSC_0541-\u0392-1-300x201.jpg 300w, https:\/\/www.poulithra.org\/wp-content\/uploads\/2019\/12\/DSC_0541-\u0392-1-272x182.jpg 272w\" sizes=\"auto, (max-width: 1119px) 100vw, 1119px\" \/><\/figure>\n\n\n\n<p class=\"has-text-align-justify\">Die H\u00f6hle \"Mana\", die bis vor kurzem den Wasserbedarf des Dorfes Poulithron deckte, versorgte auch die Wasserm\u00fchle des Dorfes, die sich in der Mitte des Dorfes, an der Stra\u00dfe zur Bucht von Ai-Giorgis (<a href=\"https:\/\/goo.gl\/maps\/NdtdgX2cCX97uNyq9\">https:\/\/goo.gl\/maps\/NdtdgX2cCX97uNyq9<\/a>).<\/p>\n\n\n\n<p class=\"has-text-align-justify\">Durch eine Rinne, die auch heute noch deutlich sichtbar ist, und unter Ausnutzung des H\u00f6henunterschieds zwischen der H\u00f6hle und der Wasserm\u00fchle f\u00fcllte die Rinne das Reservoir (chabousa) mit Wasser und speicherte es dort.<\/p>\n\n\n\n<p class=\"has-text-align-justify\">Wenn der Betrieb der Wasserm\u00fchle erforderlich war, wurde das Wasser durch die M\u00fchle in die Wasserm\u00fchle geleitet, und durch den von der M\u00fchle erzeugten H\u00f6hendruck wurde das Laufrad\/die Wasserm\u00fchle bewegt. Das Laufrad \u00fcbertrug die Bewegung \u00fcber eine Welle auf einen M\u00fchlstein. Zwischen dem sich bewegenden M\u00fchlstein und einem anderen, feststehenden M\u00fchlstein wurde Weizen oder Gerste platziert, der zu Mehl gemahlen wurde.<\/p>\n\n\n\n<figure class=\"wp-block-image size-large\"><img loading=\"lazy\" decoding=\"async\" width=\"1218\" height=\"676\" src=\"https:\/\/i2.wp.com\/www.poulithra.org\/wp-content\/uploads\/2021\/09\/neromylos.png?fit=1024%2C568&amp;ssl=1\" alt=\"\" class=\"wp-image-1451\" srcset=\"https:\/\/www.poulithra.org\/wp-content\/uploads\/2021\/09\/neromylos.png 1218w, https:\/\/www.poulithra.org\/wp-content\/uploads\/2021\/09\/neromylos-300x167.png 300w, https:\/\/www.poulithra.org\/wp-content\/uploads\/2021\/09\/neromylos-1024x568.png 1024w, https:\/\/www.poulithra.org\/wp-content\/uploads\/2021\/09\/neromylos-768x426.png 768w\" sizes=\"auto, (max-width: 1218px) 100vw, 1218px\" \/><\/figure>\n\n\n\n<figure class=\"wp-block-gallery columns-2 is-cropped wp-block-gallery-1 is-layout-flex wp-block-gallery-is-layout-flex\"><ul class=\"blocks-gallery-grid\"><li class=\"blocks-gallery-item\"><figure><img loading=\"lazy\" decoding=\"async\" width=\"640\" height=\"480\" src=\"http:\/\/www.poulithra.org\/wp-content\/uploads\/2021\/09\/\u03bd\u03b5\u03c1\u03bf\u03bc\u03c5\u03bb\u03bf\u03c22.jpg\" alt=\"\" data-id=\"1453\" data-full-url=\"http:\/\/www.poulithra.org\/wp-content\/uploads\/2021\/09\/\u03bd\u03b5\u03c1\u03bf\u03bc\u03c5\u03bb\u03bf\u03c22.jpg\" data-link=\"http:\/\/www.poulithra.org\/?attachment_id=1453#main\" class=\"wp-image-1453\" srcset=\"https:\/\/www.poulithra.org\/wp-content\/uploads\/2021\/09\/\u03bd\u03b5\u03c1\u03bf\u03bc\u03c5\u03bb\u03bf\u03c22.jpg 640w, https:\/\/www.poulithra.org\/wp-content\/uploads\/2021\/09\/\u03bd\u03b5\u03c1\u03bf\u03bc\u03c5\u03bb\u03bf\u03c22-300x225.jpg 300w\" sizes=\"auto, (max-width: 640px) 100vw, 640px\" \/><\/figure><\/li><li class=\"blocks-gallery-item\"><figure><img loading=\"lazy\" decoding=\"async\" width=\"968\" height=\"648\" src=\"http:\/\/www.poulithra.org\/wp-content\/uploads\/2020\/11\/DSC_0541.jpg\" alt=\"\" data-id=\"1120\" data-full-url=\"http:\/\/www.poulithra.org\/wp-content\/uploads\/2020\/11\/DSC_0541.jpg\" data-link=\"http:\/\/www.poulithra.org\/%cf%86%cf%89%cf%84%ce%bf%ce%b3%cf%81%ce%b1%cf%86%ce%b9%ce%ba%cf%8c-%cf%85%ce%bb%ce%b9%ce%ba%cf%8c\/dsc_0541\/#main\" class=\"wp-image-1120\" srcset=\"https:\/\/www.poulithra.org\/wp-content\/uploads\/2020\/11\/DSC_0541.jpg 968w, https:\/\/www.poulithra.org\/wp-content\/uploads\/2020\/11\/DSC_0541-300x201.jpg 300w, https:\/\/www.poulithra.org\/wp-content\/uploads\/2020\/11\/DSC_0541-768x514.jpg 768w, https:\/\/www.poulithra.org\/wp-content\/uploads\/2020\/11\/DSC_0541-272x182.jpg 272w\" sizes=\"auto, (max-width: 968px) 100vw, 968px\" \/><\/figure><\/li><\/ul><\/figure>","protected":false},"excerpt":{"rendered":"<p>Die H\u00f6hle \"Mana\", die bis vor kurzem den Wasserbedarf des Dorfes Poulithron deckte, versorgte auch die Wasserm\u00fchle des Dorfes, die sich mitten im Dorf an der Stra\u00dfe zur Bucht von Ai-Giorgis befindet (https:\/\/goo.gl\/maps\/NdtdgX2cCX97uNyq9). Durch eine heute deutlich sichtbare Rinne\/Kanal, die den H\u00f6henunterschied zwischen der H\u00f6hle und der Wasserm\u00fchle ausnutzt, f\u00fcllte die Rinne die Wasserversorgung des Dorfes ... <a title=\"Wasserm\u00fchle\" class=\"read-more\" href=\"https:\/\/www.poulithra.org\/de\/neromylos\/\" aria-label=\"Mehr Informationen \u00fcber Neromylos\">Mehr lesen<\/a><\/p>","protected":false},"author":1,"featured_media":0,"parent":0,"menu_order":0,"comment_status":"closed","ping_status":"closed","template":"","meta":{"_monsterinsights_skip_tracking":false,"_monsterinsights_sitenote_active":false,"_monsterinsights_sitenote_note":"","_monsterinsights_sitenote_category":0,"footnotes":""},"class_list":["post-394","page","type-page","status-publish"],"yoast_head":"<!-- This site is optimized with the Yoast SEO plugin v27.4 - https:\/\/yoast.com\/product\/yoast-seo-wordpress\/ -->\n<title>\u039d\u03b5\u03c1\u03cc\u03bc\u03c5\u03bb\u03bf\u03c2 | \u0397 \u03a0\u03bf\u03bb\u03af\u03c7\u03bd\u03b7<\/title>\n<meta name=\"description\" content=\"\u03a4\u03bf \u03c3\u03c0\u03ae\u03bb\u03b1\u03b9\u03bf \u201c\u039c\u03ac\u03bd\u03b1\u201d, \u03c0\u03bf\u03c5 \u03bc\u03ad\u03c7\u03c1\u03b9 \u03c0\u03c1\u03cc\u03c4\u03b9\u03bd\u03bf\u03c2 \u03ba\u03ac\u03bb\u03c5\u03c0\u03c4\u03b5 \u03c4\u03b9\u03c2 \u03b1\u03bd\u03ac\u03b3\u03ba\u03b5\u03c2 \u03cd\u03b4\u03c1\u03b5\u03c5\u03c3\u03b7\u03c2 \u03c4\u03b7\u03c2 \u03a4.\u039a. \u03a0\u03bf\u03c5\u03bb\u03af\u03b8\u03c1\u03c9\u03bd, \u03c4\u03c1\u03bf\u03c6\u03bf\u03b4\u03bf\u03c4\u03bf\u03cd\u03c3\u03b5 \u03ba\u03b1\u03b9 \u03bc\u03b5 \u03bd\u03b5\u03c1\u03cc \u03c4\u03bf \u03bd\u03b5\u03c1\u03cc\u03bc\u03c5\u03bb\u03bf \u03c4\u03bf\u03c5 \u03c7\u03c9\u03c1\u03b9\u03bf\u03cd, \u03bf \u03bf\u03c0\u03bf\u03af\u03bf\u03c2 \u03b2\u03c1\u03af\u03c3\u03ba\u03b5\u03c4\u03b1\u03b9\" \/>\n<meta name=\"robots\" content=\"index, follow, max-snippet:-1, max-image-preview:large, max-video-preview:-1\" \/>\n<link rel=\"canonical\" href=\"https:\/\/www.poulithra.org\/de\/neromylos\/\" \/>\n<meta property=\"og:locale\" content=\"de_DE\" \/>\n<meta property=\"og:type\" content=\"article\" \/>\n<meta property=\"og:title\" content=\"\u039d\u03b5\u03c1\u03cc\u03bc\u03c5\u03bb\u03bf\u03c2 | \u0397 \u03a0\u03bf\u03bb\u03af\u03c7\u03bd\u03b7\" \/>\n<meta property=\"og:description\" content=\"\u03a4\u03bf \u03c3\u03c0\u03ae\u03bb\u03b1\u03b9\u03bf \u201c\u039c\u03ac\u03bd\u03b1\u201d, \u03c0\u03bf\u03c5 \u03bc\u03ad\u03c7\u03c1\u03b9 \u03c0\u03c1\u03cc\u03c4\u03b9\u03bd\u03bf\u03c2 \u03ba\u03ac\u03bb\u03c5\u03c0\u03c4\u03b5 \u03c4\u03b9\u03c2 \u03b1\u03bd\u03ac\u03b3\u03ba\u03b5\u03c2 \u03cd\u03b4\u03c1\u03b5\u03c5\u03c3\u03b7\u03c2 \u03c4\u03b7\u03c2 \u03a4.\u039a. \u03a0\u03bf\u03c5\u03bb\u03af\u03b8\u03c1\u03c9\u03bd, \u03c4\u03c1\u03bf\u03c6\u03bf\u03b4\u03bf\u03c4\u03bf\u03cd\u03c3\u03b5 \u03ba\u03b1\u03b9 \u03bc\u03b5 \u03bd\u03b5\u03c1\u03cc \u03c4\u03bf \u03bd\u03b5\u03c1\u03cc\u03bc\u03c5\u03bb\u03bf \u03c4\u03bf\u03c5 \u03c7\u03c9\u03c1\u03b9\u03bf\u03cd, \u03bf \u03bf\u03c0\u03bf\u03af\u03bf\u03c2 \u03b2\u03c1\u03af\u03c3\u03ba\u03b5\u03c4\u03b1\u03b9\" \/>\n<meta property=\"og:url\" content=\"https:\/\/www.poulithra.org\/de\/neromylos\/\" \/>\n<meta property=\"og:site_name\" content=\"\u0397 \u03a0\u03bf\u03bb\u03af\u03c7\u03bd\u03b7\" \/>\n<meta property=\"article:publisher\" content=\"https:\/\/www.facebook.com\/syllogos.polixni\" \/>\n<meta property=\"article:modified_time\" content=\"2026-04-20T12:44:42+00:00\" \/>\n<meta property=\"og:image\" content=\"https:\/\/i2.wp.com\/www.poulithra.org\/wp-content\/uploads\/2021\/09\/neromylos.png?fit=1024%2C568&amp;ssl=1\" \/>\n<meta name=\"twitter:card\" content=\"summary_large_image\" \/>\n<script type=\"application\/ld+json\" class=\"yoast-schema-graph\">{\"@context\":\"https:\\\/\\\/schema.org\",\"@graph\":[{\"@type\":\"WebPage\",\"@id\":\"https:\\\/\\\/www.poulithra.org\\\/neromylos\\\/\",\"url\":\"https:\\\/\\\/www.poulithra.org\\\/neromylos\\\/\",\"name\":\"\u039d\u03b5\u03c1\u03cc\u03bc\u03c5\u03bb\u03bf\u03c2 | \u0397 \u03a0\u03bf\u03bb\u03af\u03c7\u03bd\u03b7\",\"isPartOf\":{\"@id\":\"https:\\\/\\\/www.poulithra.org\\\/#website\"},\"primaryImageOfPage\":{\"@id\":\"https:\\\/\\\/www.poulithra.org\\\/neromylos\\\/#primaryimage\"},\"image\":{\"@id\":\"https:\\\/\\\/www.poulithra.org\\\/neromylos\\\/#primaryimage\"},\"thumbnailUrl\":\"https:\\\/\\\/i2.wp.com\\\/www.poulithra.org\\\/wp-content\\\/uploads\\\/2021\\\/09\\\/neromylos.png?fit=1024%2C568&amp;ssl=1\",\"datePublished\":\"2019-06-07T12:20:07+00:00\",\"dateModified\":\"2026-04-20T12:44:42+00:00\",\"description\":\"\u03a4\u03bf \u03c3\u03c0\u03ae\u03bb\u03b1\u03b9\u03bf \u201c\u039c\u03ac\u03bd\u03b1\u201d, \u03c0\u03bf\u03c5 \u03bc\u03ad\u03c7\u03c1\u03b9 \u03c0\u03c1\u03cc\u03c4\u03b9\u03bd\u03bf\u03c2 \u03ba\u03ac\u03bb\u03c5\u03c0\u03c4\u03b5 \u03c4\u03b9\u03c2 \u03b1\u03bd\u03ac\u03b3\u03ba\u03b5\u03c2 \u03cd\u03b4\u03c1\u03b5\u03c5\u03c3\u03b7\u03c2 \u03c4\u03b7\u03c2 \u03a4.\u039a. \u03a0\u03bf\u03c5\u03bb\u03af\u03b8\u03c1\u03c9\u03bd, \u03c4\u03c1\u03bf\u03c6\u03bf\u03b4\u03bf\u03c4\u03bf\u03cd\u03c3\u03b5 \u03ba\u03b1\u03b9 \u03bc\u03b5 \u03bd\u03b5\u03c1\u03cc \u03c4\u03bf \u03bd\u03b5\u03c1\u03cc\u03bc\u03c5\u03bb\u03bf \u03c4\u03bf\u03c5 \u03c7\u03c9\u03c1\u03b9\u03bf\u03cd, \u03bf \u03bf\u03c0\u03bf\u03af\u03bf\u03c2 \u03b2\u03c1\u03af\u03c3\u03ba\u03b5\u03c4\u03b1\u03b9\",\"breadcrumb\":{\"@id\":\"https:\\\/\\\/www.poulithra.org\\\/neromylos\\\/#breadcrumb\"},\"inLanguage\":\"de\",\"potentialAction\":[{\"@type\":\"ReadAction\",\"target\":[\"https:\\\/\\\/www.poulithra.org\\\/neromylos\\\/\"]}]},{\"@type\":\"ImageObject\",\"inLanguage\":\"de\",\"@id\":\"https:\\\/\\\/www.poulithra.org\\\/neromylos\\\/#primaryimage\",\"url\":\"https:\\\/\\\/i2.wp.com\\\/www.poulithra.org\\\/wp-content\\\/uploads\\\/2021\\\/09\\\/neromylos.png?fit=1024%2C568&amp;ssl=1\",\"contentUrl\":\"https:\\\/\\\/i2.wp.com\\\/www.poulithra.org\\\/wp-content\\\/uploads\\\/2021\\\/09\\\/neromylos.png?fit=1024%2C568&amp;ssl=1\"},{\"@type\":\"BreadcrumbList\",\"@id\":\"https:\\\/\\\/www.poulithra.org\\\/neromylos\\\/#breadcrumb\",\"itemListElement\":[{\"@type\":\"ListItem\",\"position\":1,\"name\":\"Home\",\"item\":\"https:\\\/\\\/www.poulithra.org\\\/\"},{\"@type\":\"ListItem\",\"position\":2,\"name\":\"\u039d\u03b5\u03c1\u03cc\u03bc\u03c5\u03bb\u03bf\u03c2\"}]},{\"@type\":\"WebSite\",\"@id\":\"https:\\\/\\\/www.poulithra.org\\\/#website\",\"url\":\"https:\\\/\\\/www.poulithra.org\\\/\",\"name\":\"\u03a0\u03bf\u03bb\u03af\u03c7\u03bd\u03b7\",\"description\":\"\u03a0\u03bf\u03bb\u03b9\u03c4\u03b9\u03c3\u03c4\u03b9\u03ba\u03cc\u03c2 \u03ba\u03b1\u03b9 \u0395\u03be\u03c9\u03c1\u03b1\u03ca\u03c3\u03c4\u03b9\u03ba\u03cc\u03c2 \u03a3\u03cd\u03bb\u03bb\u03bf\u03b3\u03bf\u03c2 \u0391\u03c0\u03b1\u03bd\u03c4\u03b1\u03c7\u03bf\u03cd \u03a0\u03bf\u03c5\u03bb\u03b9\u03b8\u03c1\u03b9\u03c9\u03c4\u03ce\u03bd\",\"publisher\":{\"@id\":\"https:\\\/\\\/www.poulithra.org\\\/#organization\"},\"potentialAction\":[{\"@type\":\"SearchAction\",\"target\":{\"@type\":\"EntryPoint\",\"urlTemplate\":\"https:\\\/\\\/www.poulithra.org\\\/?s={search_term_string}\"},\"query-input\":{\"@type\":\"PropertyValueSpecification\",\"valueRequired\":true,\"valueName\":\"search_term_string\"}}],\"inLanguage\":\"de\"},{\"@type\":\"Organization\",\"@id\":\"https:\\\/\\\/www.poulithra.org\\\/#organization\",\"name\":\"\u03a3\u03cd\u03bb\u03bb\u03bf\u03b3\u03bf\u03c2 \\\"\u03a0\u03bf\u03bb\u03af\u03c7\u03bd\u03b7\\\"\",\"url\":\"https:\\\/\\\/www.poulithra.org\\\/\",\"logo\":{\"@type\":\"ImageObject\",\"inLanguage\":\"de\",\"@id\":\"https:\\\/\\\/www.poulithra.org\\\/#\\\/schema\\\/logo\\\/image\\\/\",\"url\":\"https:\\\/\\\/www.poulithra.org\\\/wp-content\\\/uploads\\\/2024\\\/06\\\/cropped-Logo-png.png\",\"contentUrl\":\"https:\\\/\\\/www.poulithra.org\\\/wp-content\\\/uploads\\\/2024\\\/06\\\/cropped-Logo-png.png\",\"width\":997,\"height\":1041,\"caption\":\"\u03a3\u03cd\u03bb\u03bb\u03bf\u03b3\u03bf\u03c2 \\\"\u03a0\u03bf\u03bb\u03af\u03c7\u03bd\u03b7\\\"\"},\"image\":{\"@id\":\"https:\\\/\\\/www.poulithra.org\\\/#\\\/schema\\\/logo\\\/image\\\/\"},\"sameAs\":[\"https:\\\/\\\/www.facebook.com\\\/syllogos.polixni\"]}]}<\/script>\n<!-- \/ Yoast SEO plugin. -->","yoast_head_json":{"title":"Wasserm\u00fchle | Die Polihni","description":"Die H\u00f6hle \"Mana\", die bis vor kurzem die Wasserversorgung des Dorfes Poulithron sicherstellte, lieferte auch Wasser f\u00fcr die Wasserm\u00fchle des Dorfes, die sich in der N\u00e4he des Dorfes befindet.","robots":{"index":"index","follow":"follow","max-snippet":"max-snippet:-1","max-image-preview":"max-image-preview:large","max-video-preview":"max-video-preview:-1"},"canonical":"https:\/\/www.poulithra.org\/de\/neromylos\/","og_locale":"de_DE","og_type":"article","og_title":"\u039d\u03b5\u03c1\u03cc\u03bc\u03c5\u03bb\u03bf\u03c2 | \u0397 \u03a0\u03bf\u03bb\u03af\u03c7\u03bd\u03b7","og_description":"\u03a4\u03bf \u03c3\u03c0\u03ae\u03bb\u03b1\u03b9\u03bf \u201c\u039c\u03ac\u03bd\u03b1\u201d, \u03c0\u03bf\u03c5 \u03bc\u03ad\u03c7\u03c1\u03b9 \u03c0\u03c1\u03cc\u03c4\u03b9\u03bd\u03bf\u03c2 \u03ba\u03ac\u03bb\u03c5\u03c0\u03c4\u03b5 \u03c4\u03b9\u03c2 \u03b1\u03bd\u03ac\u03b3\u03ba\u03b5\u03c2 \u03cd\u03b4\u03c1\u03b5\u03c5\u03c3\u03b7\u03c2 \u03c4\u03b7\u03c2 \u03a4.\u039a. \u03a0\u03bf\u03c5\u03bb\u03af\u03b8\u03c1\u03c9\u03bd, \u03c4\u03c1\u03bf\u03c6\u03bf\u03b4\u03bf\u03c4\u03bf\u03cd\u03c3\u03b5 \u03ba\u03b1\u03b9 \u03bc\u03b5 \u03bd\u03b5\u03c1\u03cc \u03c4\u03bf \u03bd\u03b5\u03c1\u03cc\u03bc\u03c5\u03bb\u03bf \u03c4\u03bf\u03c5 \u03c7\u03c9\u03c1\u03b9\u03bf\u03cd, \u03bf \u03bf\u03c0\u03bf\u03af\u03bf\u03c2 \u03b2\u03c1\u03af\u03c3\u03ba\u03b5\u03c4\u03b1\u03b9","og_url":"https:\/\/www.poulithra.org\/de\/neromylos\/","og_site_name":"\u0397 \u03a0\u03bf\u03bb\u03af\u03c7\u03bd\u03b7","article_publisher":"https:\/\/www.facebook.com\/syllogos.polixni","article_modified_time":"2026-04-20T12:44:42+00:00","og_image":[{"url":"https:\/\/i2.wp.com\/www.poulithra.org\/wp-content\/uploads\/2021\/09\/neromylos.png?fit=1024%2C568&amp;ssl=1","type":"","width":"","height":""}],"twitter_card":"summary_large_image","schema":{"@context":"https:\/\/schema.org","@graph":[{"@type":"WebPage","@id":"https:\/\/www.poulithra.org\/neromylos\/","url":"https:\/\/www.poulithra.org\/neromylos\/","name":"Wasserm\u00fchle | Die Polihni","isPartOf":{"@id":"https:\/\/www.poulithra.org\/#website"},"primaryImageOfPage":{"@id":"https:\/\/www.poulithra.org\/neromylos\/#primaryimage"},"image":{"@id":"https:\/\/www.poulithra.org\/neromylos\/#primaryimage"},"thumbnailUrl":"https:\/\/i2.wp.com\/www.poulithra.org\/wp-content\/uploads\/2021\/09\/neromylos.png?fit=1024%2C568&amp;ssl=1","datePublished":"2019-06-07T12:20:07+00:00","dateModified":"2026-04-20T12:44:42+00:00","description":"Die H\u00f6hle \"Mana\", die bis vor kurzem die Wasserversorgung des Dorfes Poulithron sicherstellte, lieferte auch Wasser f\u00fcr die Wasserm\u00fchle des Dorfes, die sich in der N\u00e4he des Dorfes befindet.","breadcrumb":{"@id":"https:\/\/www.poulithra.org\/neromylos\/#breadcrumb"},"inLanguage":"de","potentialAction":[{"@type":"ReadAction","target":["https:\/\/www.poulithra.org\/neromylos\/"]}]},{"@type":"ImageObject","inLanguage":"de","@id":"https:\/\/www.poulithra.org\/neromylos\/#primaryimage","url":"https:\/\/i2.wp.com\/www.poulithra.org\/wp-content\/uploads\/2021\/09\/neromylos.png?fit=1024%2C568&amp;ssl=1","contentUrl":"https:\/\/i2.wp.com\/www.poulithra.org\/wp-content\/uploads\/2021\/09\/neromylos.png?fit=1024%2C568&amp;ssl=1"},{"@type":"BreadcrumbList","@id":"https:\/\/www.poulithra.org\/neromylos\/#breadcrumb","itemListElement":[{"@type":"ListItem","position":1,"name":"Home","item":"https:\/\/www.poulithra.org\/"},{"@type":"ListItem","position":2,"name":"\u039d\u03b5\u03c1\u03cc\u03bc\u03c5\u03bb\u03bf\u03c2"}]},{"@type":"WebSite","@id":"https:\/\/www.poulithra.org\/#website","url":"https:\/\/www.poulithra.org\/","name":"Polichni","description":"Kultur- und Freizeitverein der Poulithriots","publisher":{"@id":"https:\/\/www.poulithra.org\/#organization"},"potentialAction":[{"@type":"SearchAction","target":{"@type":"EntryPoint","urlTemplate":"https:\/\/www.poulithra.org\/?s={search_term_string}"},"query-input":{"@type":"PropertyValueSpecification","valueRequired":true,"valueName":"search_term_string"}}],"inLanguage":"de"},{"@type":"Organization","@id":"https:\/\/www.poulithra.org\/#organization","name":"Verein \"Polihni\"","url":"https:\/\/www.poulithra.org\/","logo":{"@type":"ImageObject","inLanguage":"de","@id":"https:\/\/www.poulithra.org\/#\/schema\/logo\/image\/","url":"https:\/\/www.poulithra.org\/wp-content\/uploads\/2024\/06\/cropped-Logo-png.png","contentUrl":"https:\/\/www.poulithra.org\/wp-content\/uploads\/2024\/06\/cropped-Logo-png.png","width":997,"height":1041,"caption":"\u03a3\u03cd\u03bb\u03bb\u03bf\u03b3\u03bf\u03c2 \"\u03a0\u03bf\u03bb\u03af\u03c7\u03bd\u03b7\""},"image":{"@id":"https:\/\/www.poulithra.org\/#\/schema\/logo\/image\/"},"sameAs":["https:\/\/www.facebook.com\/syllogos.polixni"]}]}},"_links":{"self":[{"href":"https:\/\/www.poulithra.org\/de\/wp-json\/wp\/v2\/pages\/394","targetHints":{"allow":["GET"]}}],"collection":[{"href":"https:\/\/www.poulithra.org\/de\/wp-json\/wp\/v2\/pages"}],"about":[{"href":"https:\/\/www.poulithra.org\/de\/wp-json\/wp\/v2\/types\/page"}],"author":[{"embeddable":true,"href":"https:\/\/www.poulithra.org\/de\/wp-json\/wp\/v2\/users\/1"}],"replies":[{"embeddable":true,"href":"https:\/\/www.poulithra.org\/de\/wp-json\/wp\/v2\/comments?post=394"}],"version-history":[{"count":8,"href":"https:\/\/www.poulithra.org\/de\/wp-json\/wp\/v2\/pages\/394\/revisions"}],"predecessor-version":[{"id":1454,"href":"https:\/\/www.poulithra.org\/de\/wp-json\/wp\/v2\/pages\/394\/revisions\/1454"}],"wp:attachment":[{"href":"https:\/\/www.poulithra.org\/de\/wp-json\/wp\/v2\/media?parent=394"}],"curies":[{"name":"wp","href":"https:\/\/api.w.org\/{rel}","templated":true}]}}