{"id":32,"date":"2019-05-31T13:31:17","date_gmt":"2019-05-31T13:31:17","guid":{"rendered":"http:\/\/www.poulithra.org\/?page_id=32"},"modified":"2026-04-20T14:44:40","modified_gmt":"2026-04-20T12:44:40","slug":"ds","status":"publish","type":"page","link":"https:\/\/www.poulithra.org\/de\/ds\/","title":{"rendered":"Verwaltungsrat (BoD)"},"content":{"rendered":"<p class=\"has-text-align-justify\">Mit dem Gesetz \u00fcber die Wahlen vom 17.12.2023 und dem Gesetz \u00fcber die Versammlung vom 17.12.2023 hat der Vorstand des Kultur- und Freizeitvereins von Poulithriotes \"Die Polichni\" f\u00fcr die n\u00e4chsten drei Jahre folgende Form angenommen:<\/p>\r\n<p>\r\n\r\n<\/p>\r\n<ul class=\"wp-block-list\">\r\n<li><strong>Pr\u00e4sident:<\/strong> Panagiotis Georgostathis von George<\/li>\r\n<li><strong>Vizepr\u00e4sident:<\/strong> Konstantinos Orfanos von Nikolaos\u00a0<\/li>\r\n<li><strong>Generalsekret\u00e4r:<\/strong> Panagiota Keke von Konstantinos<\/li>\r\n<li><strong>Besondere Sekret\u00e4rin<\/strong>Konstantinos Cheliotis von Kosmas<\/li>\r\n<li><strong>Schatzmeister:<\/strong> Georgios Kompogeorgas von Sotiriou<\/li>\r\n<li><strong>Mitglied:<\/strong> Stamatis Chronis von Ioannis<\/li>\r\n<li><strong>Mitglied:<\/strong> Nikolaos Rozos von Konstantinos<\/li>\r\n<\/ul>\r\n<p>&nbsp;<\/p>\r\n<p class=\"has-text-align-justify\"><em>Hintergrund<\/em>:<\/p>\r\n<p class=\"has-text-align-justify\">Mit dem Wahlgesetz vom 24.11.2018 und dem Versammlungsgesetz vom 27.11.2018 hat der erste Vorstand des Kultur- und Freizeitvereins der Poulithrioten \"Polihni\" die folgende Form angenommen:<\/p>\r\n\r\n\r\n\r\n<ul class=\"wp-block-list\">\r\n<li><strong>Pr\u00e4sident:<\/strong> Panagiotis Georgostathis von George<\/li>\r\n<li><strong>Vizepr\u00e4sident:<\/strong> Panagiota Keke von Konstantinos<\/li>\r\n<li><strong>Generalsekret\u00e4r:<\/strong> Elias Pouletsos von Nikolaos<\/li>\r\n<li><strong>Schatzmeister:<\/strong> Ioannis Kekes von Konstantinos<\/li>\r\n<li><strong>Mitglied:<\/strong> Konstantinos Orfanos von Nikolaos<\/li>\r\n<li><strong>Mitglied:<\/strong> Konstantinos Cheliotis von Kosmas<\/li>\r\n<li><strong>Mitglied:<\/strong> Georgios Kompogeorgas von Sotiriou<\/li>\r\n<\/ul>\r\n\r\n\r\n\r\n<p>&nbsp;<\/p>","protected":false},"excerpt":{"rendered":"<p>Mit dem Wahlgesetz vom 17.12.2023 und dem Versammlungsgesetz vom 17.12.2023 wurde der Vorstand des Kultur- und Freizeitvereins von Poulithriotes \"Polihni\" f\u00fcr die n\u00e4chsten drei Jahre in folgender Zusammensetzung gew\u00e4hlt: Pr\u00e4sident:Panagiotis Georgostathis von George Vizepr\u00e4sident:Konstantinos Orfanos von Nikolaos Generalsekret\u00e4r: Panagiota Keke von Konstantinos Besondere Sekret\u00e4rin: Konstantinos Cheliotis von Kosmas Schatzmeister: ... <a title=\"Verwaltungsrat (BoD)\" class=\"read-more\" href=\"https:\/\/www.poulithra.org\/de\/ds\/\" aria-label=\"Weitere Informationen \u00fcber den Verwaltungsrat (BoD)\">Mehr lesen<\/a><\/p>","protected":false},"author":1,"featured_media":2031,"parent":0,"menu_order":0,"comment_status":"closed","ping_status":"closed","template":"","meta":{"_monsterinsights_skip_tracking":false,"_monsterinsights_sitenote_active":false,"_monsterinsights_sitenote_note":"","_monsterinsights_sitenote_category":0,"footnotes":""},"class_list":["post-32","page","type-page","status-publish","has-post-thumbnail"],"yoast_head":"<!-- This site is optimized with the Yoast SEO plugin v27.4 - https:\/\/yoast.com\/product\/yoast-seo-wordpress\/ -->\n<title>\u0394\u03b9\u03bf\u03b9\u03ba\u03b7\u03c4\u03b9\u03ba\u03cc \u03a3\u03c5\u03bc\u03b2\u03bf\u03cd\u03bb\u03b9\u03bf (\u0394.\u03a3.) | \u0397 \u03a0\u03bf\u03bb\u03af\u03c7\u03bd\u03b7<\/title>\n<meta name=\"description\" content=\"\u039c\u03b5 \u03c4\u03bf \u03b1\u03c0\u03cc 17\/12\/2023 \u03a0\u03c1\u03b1\u03ba\u03c4\u03b9\u03ba\u03cc \u0391\u03c1\u03c7\u03b1\u03b9\u03c1\u03b5\u03c3\u03b9\u03ce\u03bd \u03ba\u03b1\u03b9 17\/12\/2023 \u03a0\u03c1\u03b1\u03ba\u03c4\u03b9\u03ba\u03cc \u03a3\u03c5\u03b3\u03ba\u03c1\u03cc\u03c4\u03b7\u03c3\u03b7\u03c2 \u03c3\u03b5 \u03a3\u03ce\u03bc\u03b1, \u03c4\u03bf \u0394\u03b9\u03bf\u03b9\u03ba\u03b7\u03c4\u03b9\u03ba\u03cc \u03a3\u03c5\u03bc\u03b2\u03bf\u03cd\u03bb\u03b9\u03bf \u03c4\u03bf\u03c5 \u03a0\u03bf\u03bb\u03b9\u03c4\u03b9\u03c3\u03c4\u03b9\u03ba\u03bf\u03cd \u03ba\u03b1\u03b9 \u0395\u03be\u03c9\u03c1\u03b1\u03ca\u03c3\u03c4\u03b9\u03ba\u03bf\u03cd \u03a3\u03c5\u03bb\u03bb\u03cc\u03b3\u03bf\u03c2\" \/>\n<meta name=\"robots\" content=\"index, follow, max-snippet:-1, max-image-preview:large, max-video-preview:-1\" \/>\n<link rel=\"canonical\" href=\"https:\/\/www.poulithra.org\/de\/ds\/\" \/>\n<meta property=\"og:locale\" content=\"de_DE\" \/>\n<meta property=\"og:type\" content=\"article\" \/>\n<meta property=\"og:title\" content=\"\u0394\u03b9\u03bf\u03b9\u03ba\u03b7\u03c4\u03b9\u03ba\u03cc \u03a3\u03c5\u03bc\u03b2\u03bf\u03cd\u03bb\u03b9\u03bf (\u0394.\u03a3.) | \u0397 \u03a0\u03bf\u03bb\u03af\u03c7\u03bd\u03b7\" \/>\n<meta property=\"og:description\" content=\"\u039c\u03b5 \u03c4\u03bf \u03b1\u03c0\u03cc 17\/12\/2023 \u03a0\u03c1\u03b1\u03ba\u03c4\u03b9\u03ba\u03cc \u0391\u03c1\u03c7\u03b1\u03b9\u03c1\u03b5\u03c3\u03b9\u03ce\u03bd \u03ba\u03b1\u03b9 17\/12\/2023 \u03a0\u03c1\u03b1\u03ba\u03c4\u03b9\u03ba\u03cc \u03a3\u03c5\u03b3\u03ba\u03c1\u03cc\u03c4\u03b7\u03c3\u03b7\u03c2 \u03c3\u03b5 \u03a3\u03ce\u03bc\u03b1, \u03c4\u03bf \u0394\u03b9\u03bf\u03b9\u03ba\u03b7\u03c4\u03b9\u03ba\u03cc \u03a3\u03c5\u03bc\u03b2\u03bf\u03cd\u03bb\u03b9\u03bf \u03c4\u03bf\u03c5 \u03a0\u03bf\u03bb\u03b9\u03c4\u03b9\u03c3\u03c4\u03b9\u03ba\u03bf\u03cd \u03ba\u03b1\u03b9 \u0395\u03be\u03c9\u03c1\u03b1\u03ca\u03c3\u03c4\u03b9\u03ba\u03bf\u03cd \u03a3\u03c5\u03bb\u03bb\u03cc\u03b3\u03bf\u03c2\" \/>\n<meta property=\"og:url\" content=\"https:\/\/www.poulithra.org\/de\/ds\/\" \/>\n<meta property=\"og:site_name\" content=\"\u0397 \u03a0\u03bf\u03bb\u03af\u03c7\u03bd\u03b7\" \/>\n<meta property=\"article:publisher\" content=\"https:\/\/www.facebook.com\/syllogos.polixni\" \/>\n<meta property=\"article:modified_time\" content=\"2026-04-20T12:44:40+00:00\" \/>\n<meta property=\"og:image\" content=\"https:\/\/www.poulithra.org\/wp-content\/uploads\/2024\/06\/committee.jpg\" \/>\n\t<meta property=\"og:image:width\" content=\"1240\" \/>\n\t<meta property=\"og:image:height\" content=\"429\" \/>\n\t<meta property=\"og:image:type\" content=\"image\/jpeg\" \/>\n<meta name=\"twitter:card\" content=\"summary_large_image\" \/>\n<meta name=\"twitter:label1\" content=\"Gesch\u00e4tzte Lesezeit\" \/>\n\t<meta name=\"twitter:data1\" content=\"1\u00a0Minute\" \/>\n<script type=\"application\/ld+json\" class=\"yoast-schema-graph\">{\"@context\":\"https:\\\/\\\/schema.org\",\"@graph\":[{\"@type\":\"WebPage\",\"@id\":\"https:\\\/\\\/www.poulithra.org\\\/ds\\\/\",\"url\":\"https:\\\/\\\/www.poulithra.org\\\/ds\\\/\",\"name\":\"\u0394\u03b9\u03bf\u03b9\u03ba\u03b7\u03c4\u03b9\u03ba\u03cc \u03a3\u03c5\u03bc\u03b2\u03bf\u03cd\u03bb\u03b9\u03bf (\u0394.\u03a3.) | \u0397 \u03a0\u03bf\u03bb\u03af\u03c7\u03bd\u03b7\",\"isPartOf\":{\"@id\":\"https:\\\/\\\/www.poulithra.org\\\/#website\"},\"primaryImageOfPage\":{\"@id\":\"https:\\\/\\\/www.poulithra.org\\\/ds\\\/#primaryimage\"},\"image\":{\"@id\":\"https:\\\/\\\/www.poulithra.org\\\/ds\\\/#primaryimage\"},\"thumbnailUrl\":\"https:\\\/\\\/www.poulithra.org\\\/wp-content\\\/uploads\\\/2024\\\/06\\\/committee.jpg\",\"datePublished\":\"2019-05-31T13:31:17+00:00\",\"dateModified\":\"2026-04-20T12:44:40+00:00\",\"description\":\"\u039c\u03b5 \u03c4\u03bf \u03b1\u03c0\u03cc 17\\\/12\\\/2023 \u03a0\u03c1\u03b1\u03ba\u03c4\u03b9\u03ba\u03cc \u0391\u03c1\u03c7\u03b1\u03b9\u03c1\u03b5\u03c3\u03b9\u03ce\u03bd \u03ba\u03b1\u03b9 17\\\/12\\\/2023 \u03a0\u03c1\u03b1\u03ba\u03c4\u03b9\u03ba\u03cc \u03a3\u03c5\u03b3\u03ba\u03c1\u03cc\u03c4\u03b7\u03c3\u03b7\u03c2 \u03c3\u03b5 \u03a3\u03ce\u03bc\u03b1, \u03c4\u03bf \u0394\u03b9\u03bf\u03b9\u03ba\u03b7\u03c4\u03b9\u03ba\u03cc \u03a3\u03c5\u03bc\u03b2\u03bf\u03cd\u03bb\u03b9\u03bf \u03c4\u03bf\u03c5 \u03a0\u03bf\u03bb\u03b9\u03c4\u03b9\u03c3\u03c4\u03b9\u03ba\u03bf\u03cd \u03ba\u03b1\u03b9 \u0395\u03be\u03c9\u03c1\u03b1\u03ca\u03c3\u03c4\u03b9\u03ba\u03bf\u03cd \u03a3\u03c5\u03bb\u03bb\u03cc\u03b3\u03bf\u03c2\",\"breadcrumb\":{\"@id\":\"https:\\\/\\\/www.poulithra.org\\\/ds\\\/#breadcrumb\"},\"inLanguage\":\"de\",\"potentialAction\":[{\"@type\":\"ReadAction\",\"target\":[\"https:\\\/\\\/www.poulithra.org\\\/ds\\\/\"]}]},{\"@type\":\"ImageObject\",\"inLanguage\":\"de\",\"@id\":\"https:\\\/\\\/www.poulithra.org\\\/ds\\\/#primaryimage\",\"url\":\"https:\\\/\\\/www.poulithra.org\\\/wp-content\\\/uploads\\\/2024\\\/06\\\/committee.jpg\",\"contentUrl\":\"https:\\\/\\\/www.poulithra.org\\\/wp-content\\\/uploads\\\/2024\\\/06\\\/committee.jpg\",\"width\":1240,\"height\":429},{\"@type\":\"BreadcrumbList\",\"@id\":\"https:\\\/\\\/www.poulithra.org\\\/ds\\\/#breadcrumb\",\"itemListElement\":[{\"@type\":\"ListItem\",\"position\":1,\"name\":\"Home\",\"item\":\"https:\\\/\\\/www.poulithra.org\\\/\"},{\"@type\":\"ListItem\",\"position\":2,\"name\":\"\u0394\u03b9\u03bf\u03b9\u03ba\u03b7\u03c4\u03b9\u03ba\u03cc \u03a3\u03c5\u03bc\u03b2\u03bf\u03cd\u03bb\u03b9\u03bf (\u0394.\u03a3.)\"}]},{\"@type\":\"WebSite\",\"@id\":\"https:\\\/\\\/www.poulithra.org\\\/#website\",\"url\":\"https:\\\/\\\/www.poulithra.org\\\/\",\"name\":\"\u03a0\u03bf\u03bb\u03af\u03c7\u03bd\u03b7\",\"description\":\"\u03a0\u03bf\u03bb\u03b9\u03c4\u03b9\u03c3\u03c4\u03b9\u03ba\u03cc\u03c2 \u03ba\u03b1\u03b9 \u0395\u03be\u03c9\u03c1\u03b1\u03ca\u03c3\u03c4\u03b9\u03ba\u03cc\u03c2 \u03a3\u03cd\u03bb\u03bb\u03bf\u03b3\u03bf\u03c2 \u0391\u03c0\u03b1\u03bd\u03c4\u03b1\u03c7\u03bf\u03cd \u03a0\u03bf\u03c5\u03bb\u03b9\u03b8\u03c1\u03b9\u03c9\u03c4\u03ce\u03bd\",\"publisher\":{\"@id\":\"https:\\\/\\\/www.poulithra.org\\\/#organization\"},\"potentialAction\":[{\"@type\":\"SearchAction\",\"target\":{\"@type\":\"EntryPoint\",\"urlTemplate\":\"https:\\\/\\\/www.poulithra.org\\\/?s={search_term_string}\"},\"query-input\":{\"@type\":\"PropertyValueSpecification\",\"valueRequired\":true,\"valueName\":\"search_term_string\"}}],\"inLanguage\":\"de\"},{\"@type\":\"Organization\",\"@id\":\"https:\\\/\\\/www.poulithra.org\\\/#organization\",\"name\":\"\u03a3\u03cd\u03bb\u03bb\u03bf\u03b3\u03bf\u03c2 \\\"\u03a0\u03bf\u03bb\u03af\u03c7\u03bd\u03b7\\\"\",\"url\":\"https:\\\/\\\/www.poulithra.org\\\/\",\"logo\":{\"@type\":\"ImageObject\",\"inLanguage\":\"de\",\"@id\":\"https:\\\/\\\/www.poulithra.org\\\/#\\\/schema\\\/logo\\\/image\\\/\",\"url\":\"https:\\\/\\\/www.poulithra.org\\\/wp-content\\\/uploads\\\/2024\\\/06\\\/cropped-Logo-png.png\",\"contentUrl\":\"https:\\\/\\\/www.poulithra.org\\\/wp-content\\\/uploads\\\/2024\\\/06\\\/cropped-Logo-png.png\",\"width\":997,\"height\":1041,\"caption\":\"\u03a3\u03cd\u03bb\u03bb\u03bf\u03b3\u03bf\u03c2 \\\"\u03a0\u03bf\u03bb\u03af\u03c7\u03bd\u03b7\\\"\"},\"image\":{\"@id\":\"https:\\\/\\\/www.poulithra.org\\\/#\\\/schema\\\/logo\\\/image\\\/\"},\"sameAs\":[\"https:\\\/\\\/www.facebook.com\\\/syllogos.polixni\"]}]}<\/script>\n<!-- \/ Yoast SEO plugin. -->","yoast_head_json":{"title":"Verwaltungsrat (VR) | Die Polihni","description":"Mit dem Wahlgesetz vom 17.12.2023 und dem Einberufungsgesetz vom 17.12.2023 hat der Verwaltungsrat des Kultur- und Freizeitverbandes","robots":{"index":"index","follow":"follow","max-snippet":"max-snippet:-1","max-image-preview":"max-image-preview:large","max-video-preview":"max-video-preview:-1"},"canonical":"https:\/\/www.poulithra.org\/de\/ds\/","og_locale":"de_DE","og_type":"article","og_title":"\u0394\u03b9\u03bf\u03b9\u03ba\u03b7\u03c4\u03b9\u03ba\u03cc \u03a3\u03c5\u03bc\u03b2\u03bf\u03cd\u03bb\u03b9\u03bf (\u0394.\u03a3.) | \u0397 \u03a0\u03bf\u03bb\u03af\u03c7\u03bd\u03b7","og_description":"\u039c\u03b5 \u03c4\u03bf \u03b1\u03c0\u03cc 17\/12\/2023 \u03a0\u03c1\u03b1\u03ba\u03c4\u03b9\u03ba\u03cc \u0391\u03c1\u03c7\u03b1\u03b9\u03c1\u03b5\u03c3\u03b9\u03ce\u03bd \u03ba\u03b1\u03b9 17\/12\/2023 \u03a0\u03c1\u03b1\u03ba\u03c4\u03b9\u03ba\u03cc \u03a3\u03c5\u03b3\u03ba\u03c1\u03cc\u03c4\u03b7\u03c3\u03b7\u03c2 \u03c3\u03b5 \u03a3\u03ce\u03bc\u03b1, \u03c4\u03bf \u0394\u03b9\u03bf\u03b9\u03ba\u03b7\u03c4\u03b9\u03ba\u03cc \u03a3\u03c5\u03bc\u03b2\u03bf\u03cd\u03bb\u03b9\u03bf \u03c4\u03bf\u03c5 \u03a0\u03bf\u03bb\u03b9\u03c4\u03b9\u03c3\u03c4\u03b9\u03ba\u03bf\u03cd \u03ba\u03b1\u03b9 \u0395\u03be\u03c9\u03c1\u03b1\u03ca\u03c3\u03c4\u03b9\u03ba\u03bf\u03cd \u03a3\u03c5\u03bb\u03bb\u03cc\u03b3\u03bf\u03c2","og_url":"https:\/\/www.poulithra.org\/de\/ds\/","og_site_name":"\u0397 \u03a0\u03bf\u03bb\u03af\u03c7\u03bd\u03b7","article_publisher":"https:\/\/www.facebook.com\/syllogos.polixni","article_modified_time":"2026-04-20T12:44:40+00:00","og_image":[{"width":1240,"height":429,"url":"https:\/\/www.poulithra.org\/wp-content\/uploads\/2024\/06\/committee.jpg","type":"image\/jpeg"}],"twitter_card":"summary_large_image","twitter_misc":{"Gesch\u00e4tzte Lesezeit":"1\u00a0Minute"},"schema":{"@context":"https:\/\/schema.org","@graph":[{"@type":"WebPage","@id":"https:\/\/www.poulithra.org\/ds\/","url":"https:\/\/www.poulithra.org\/ds\/","name":"Verwaltungsrat (VR) | Die Polihni","isPartOf":{"@id":"https:\/\/www.poulithra.org\/#website"},"primaryImageOfPage":{"@id":"https:\/\/www.poulithra.org\/ds\/#primaryimage"},"image":{"@id":"https:\/\/www.poulithra.org\/ds\/#primaryimage"},"thumbnailUrl":"https:\/\/www.poulithra.org\/wp-content\/uploads\/2024\/06\/committee.jpg","datePublished":"2019-05-31T13:31:17+00:00","dateModified":"2026-04-20T12:44:40+00:00","description":"Mit dem Wahlgesetz vom 17.12.2023 und dem Einberufungsgesetz vom 17.12.2023 hat der Verwaltungsrat des Kultur- und Freizeitverbandes","breadcrumb":{"@id":"https:\/\/www.poulithra.org\/ds\/#breadcrumb"},"inLanguage":"de","potentialAction":[{"@type":"ReadAction","target":["https:\/\/www.poulithra.org\/ds\/"]}]},{"@type":"ImageObject","inLanguage":"de","@id":"https:\/\/www.poulithra.org\/ds\/#primaryimage","url":"https:\/\/www.poulithra.org\/wp-content\/uploads\/2024\/06\/committee.jpg","contentUrl":"https:\/\/www.poulithra.org\/wp-content\/uploads\/2024\/06\/committee.jpg","width":1240,"height":429},{"@type":"BreadcrumbList","@id":"https:\/\/www.poulithra.org\/ds\/#breadcrumb","itemListElement":[{"@type":"ListItem","position":1,"name":"Home","item":"https:\/\/www.poulithra.org\/"},{"@type":"ListItem","position":2,"name":"\u0394\u03b9\u03bf\u03b9\u03ba\u03b7\u03c4\u03b9\u03ba\u03cc \u03a3\u03c5\u03bc\u03b2\u03bf\u03cd\u03bb\u03b9\u03bf (\u0394.\u03a3.)"}]},{"@type":"WebSite","@id":"https:\/\/www.poulithra.org\/#website","url":"https:\/\/www.poulithra.org\/","name":"Polichni","description":"Kultur- und Freizeitverein der Poulithriots","publisher":{"@id":"https:\/\/www.poulithra.org\/#organization"},"potentialAction":[{"@type":"SearchAction","target":{"@type":"EntryPoint","urlTemplate":"https:\/\/www.poulithra.org\/?s={search_term_string}"},"query-input":{"@type":"PropertyValueSpecification","valueRequired":true,"valueName":"search_term_string"}}],"inLanguage":"de"},{"@type":"Organization","@id":"https:\/\/www.poulithra.org\/#organization","name":"Verein \"Polihni\"","url":"https:\/\/www.poulithra.org\/","logo":{"@type":"ImageObject","inLanguage":"de","@id":"https:\/\/www.poulithra.org\/#\/schema\/logo\/image\/","url":"https:\/\/www.poulithra.org\/wp-content\/uploads\/2024\/06\/cropped-Logo-png.png","contentUrl":"https:\/\/www.poulithra.org\/wp-content\/uploads\/2024\/06\/cropped-Logo-png.png","width":997,"height":1041,"caption":"\u03a3\u03cd\u03bb\u03bb\u03bf\u03b3\u03bf\u03c2 \"\u03a0\u03bf\u03bb\u03af\u03c7\u03bd\u03b7\""},"image":{"@id":"https:\/\/www.poulithra.org\/#\/schema\/logo\/image\/"},"sameAs":["https:\/\/www.facebook.com\/syllogos.polixni"]}]}},"_links":{"self":[{"href":"https:\/\/www.poulithra.org\/de\/wp-json\/wp\/v2\/pages\/32","targetHints":{"allow":["GET"]}}],"collection":[{"href":"https:\/\/www.poulithra.org\/de\/wp-json\/wp\/v2\/pages"}],"about":[{"href":"https:\/\/www.poulithra.org\/de\/wp-json\/wp\/v2\/types\/page"}],"author":[{"embeddable":true,"href":"https:\/\/www.poulithra.org\/de\/wp-json\/wp\/v2\/users\/1"}],"replies":[{"embeddable":true,"href":"https:\/\/www.poulithra.org\/de\/wp-json\/wp\/v2\/comments?post=32"}],"version-history":[{"count":10,"href":"https:\/\/www.poulithra.org\/de\/wp-json\/wp\/v2\/pages\/32\/revisions"}],"predecessor-version":[{"id":1870,"href":"https:\/\/www.poulithra.org\/de\/wp-json\/wp\/v2\/pages\/32\/revisions\/1870"}],"wp:featuredmedia":[{"embeddable":true,"href":"https:\/\/www.poulithra.org\/de\/wp-json\/wp\/v2\/media\/2031"}],"wp:attachment":[{"href":"https:\/\/www.poulithra.org\/de\/wp-json\/wp\/v2\/media?parent=32"}],"curies":[{"name":"wp","href":"https:\/\/api.w.org\/{rel}","templated":true}]}}