{"id":29,"date":"2019-05-31T13:29:18","date_gmt":"2019-05-31T13:29:18","guid":{"rendered":"http:\/\/www.poulithra.org\/?page_id=29"},"modified":"2024-06-25T12:09:28","modified_gmt":"2024-06-25T10:09:28","slug":"%cf%80%ce%bf%ce%b9%ce%bf%ce%b9-%ce%b5%ce%af%ce%bc%ce%b1%cf%83%cf%84%ce%b5","status":"publish","type":"page","link":"https:\/\/www.poulithra.org\/de\/\u03c0\u03bf\u03b9\u03bf\u03b9-\u03b5\u03af\u03bc\u03b1\u03c3\u03c4\u03b5\/","title":{"rendered":"Wer wir sind"},"content":{"rendered":"<div class=\"wp-block-image\">\r\n<figure class=\"alignleft is-resized\"><a href=\"https:\/\/www.poulithra.org\/wp-content\/uploads\/2024\/06\/cropped-cropped-Logo-png.png\" data-rel=\"lightbox-image-0\" data-rl_title=\"cropped-cropped-Logo-png.png\" data-rl_caption=\"\" title=\"abgeschnittenes-abgeschnittenes-Logo-png.png\"><img loading=\"lazy\" decoding=\"async\" class=\"aligncenter  wp-image-2026\" src=\"https:\/\/www.poulithra.org\/wp-content\/uploads\/2024\/06\/cropped-cropped-Logo-png.png\" alt=\"\" width=\"80\" height=\"80\" srcset=\"https:\/\/www.poulithra.org\/wp-content\/uploads\/2024\/06\/cropped-cropped-Logo-png.png 512w, https:\/\/www.poulithra.org\/wp-content\/uploads\/2024\/06\/cropped-cropped-Logo-png-300x300.png 300w, https:\/\/www.poulithra.org\/wp-content\/uploads\/2024\/06\/cropped-cropped-Logo-png-150x150.png 150w, https:\/\/www.poulithra.org\/wp-content\/uploads\/2024\/06\/cropped-cropped-Logo-png-12x12.png 12w, https:\/\/www.poulithra.org\/wp-content\/uploads\/2024\/06\/cropped-cropped-Logo-png-270x270.png 270w, https:\/\/www.poulithra.org\/wp-content\/uploads\/2024\/06\/cropped-cropped-Logo-png-192x192.png 192w, https:\/\/www.poulithra.org\/wp-content\/uploads\/2024\/06\/cropped-cropped-Logo-png-180x180.png 180w, https:\/\/www.poulithra.org\/wp-content\/uploads\/2024\/06\/cropped-cropped-Logo-png-32x32.png 32w\" sizes=\"auto, (max-width: 80px) 100vw, 80px\" \/><\/a><\/figure>\r\n<\/div>\r\n\r\n\r\n\r\n<p class=\"has-text-align-justify\">Im Jahr 2018 ergriff eine Gruppe von Einwohnern der Gemeinde Poulithra die Initiative zur Gr\u00fcndung eines Vereins mit dem Ziel, durch gemeinsame Aktionen, Zusammenarbeit und soziale Solidarit\u00e4t zur kulturellen Entwicklung der Gemeinde und zur Versch\u00f6nerung des Gebiets beizutragen.<\/p>\r\n\r\n\r\n\r\n\r\n\r\n<p class=\"has-text-align-justify\">Mit Beschluss Nr. 2\/2018_37-07-2018 des Friedensgerichts von Astros wurde daher das <strong>KULTUR- UND LANDSCHAFTSPFLEGEVERBAND DER GEMEINDE POLYTHRIOTES \"DIE \u03a0\u039f\u039b\u0399\u03a7\u039d\u0397\"<\/strong>die als vorrangige Ziele verfolgt werden:<\/p>\r\n\r\n\r\n\r\n<ul class=\"wp-block-list\">\r\n<li>Die Verbesserung der Lebensqualit\u00e4t der Einwohner des Dorfes Poulithron<\/li>\r\n<li>F\u00f6rderung und Erhaltung der Geschichte und des kulturellen Erbes der Region<\/li>\r\n<li>Die Erhaltung der nat\u00fcrlichen Umwelt und die Entwicklung eines \u00f6kologischen Bewusstseins bei den Einwohnern von Poulithra.<\/li>\r\n<li>Durchf\u00fchrung von gemeinn\u00fctzigen, landschaftsgestaltenden, entwicklungsf\u00f6rdernden, kulturellen, bildungsf\u00f6rdernden, freizeitf\u00f6rdernden und sportlichen Veranstaltungen und Projekten, die der Aufwertung und F\u00f6rderung der Gemeinde Poulithra dienen.<\/li>\r\n<\/ul>\r\n\r\n\r\n\r\n<p class=\"has-text-align-justify\">Derzeit hat der Verein etwa 40 Mitglieder, die mit der Zeit immer mehr werden. Wir laden daher jeden Einwohner der Gemeinde Poulithra (der in Poulithra wohnt oder aus Poulithra kommt), jeden Eigent\u00fcmer eines Hauses in Poulithra oder jeden Berufst\u00e4tigen, der beruflich t\u00e4tig ist und dessen Unternehmen in Poulithra angesiedelt und t\u00e4tig ist, ein, sich in unserem Verein anzumelden und aktiv zur Erreichung der oben genannten Ziele beizutragen.<\/p>\r\n\r\n\r\n\r\n<p class=\"has-text-align-justify\">Wir lieben unseren Ort und wollen das Beste f\u00fcr ihn, denn Poulithra ist nicht nur ein wunderbarer Ort zum Leben, sondern auch ein wunderbarer Ort zum Besuchen!<\/p>","protected":false},"excerpt":{"rendered":"<p>Im Jahr 2018 ergriff eine Gruppe von Einwohnern der Gemeinde Poulithra die Initiative zur Gr\u00fcndung eines Vereins mit dem Ziel, durch gemeinsame Aktionen, Zusammenarbeit und soziale Solidarit\u00e4t zur kulturellen Entwicklung der Gemeinde und zur Versch\u00f6nerung des Gebiets beizutragen. So wurde mit dem Beschluss 2\/2018_37-07-2018 des Registergerichts von Astros die KULTURELLE UND EXTRASTRATISCHE VEREINIGUNG VON APANTACHOU gegr\u00fcndet ... <a title=\"Wer wir sind\" class=\"read-more\" href=\"https:\/\/www.poulithra.org\/de\/\u03c0\u03bf\u03b9\u03bf\u03b9-\u03b5\u03af\u03bc\u03b1\u03c3\u03c4\u03b5\/\" aria-label=\"Weitere Informationen zu Wer wir sind\">Mehr lesen<\/a><\/p>","protected":false},"author":1,"featured_media":1512,"parent":0,"menu_order":0,"comment_status":"closed","ping_status":"closed","template":"","meta":{"_monsterinsights_skip_tracking":false,"_monsterinsights_sitenote_active":false,"_monsterinsights_sitenote_note":"","_monsterinsights_sitenote_category":0,"footnotes":""},"class_list":["post-29","page","type-page","status-publish","has-post-thumbnail"],"yoast_head":"<!-- This site is optimized with the Yoast SEO plugin v27.4 - https:\/\/yoast.com\/product\/yoast-seo-wordpress\/ -->\n<title>\u03a0\u03bf\u03b9\u03bf\u03b9 \u03b5\u03af\u03bc\u03b1\u03c3\u03c4\u03b5 | \u0397 \u03a0\u03bf\u03bb\u03af\u03c7\u03bd\u03b7<\/title>\n<meta name=\"description\" content=\"\u03a4\u03bf 2018, \u03bc\u03b9\u03b1 \u03bf\u03bc\u03ac\u03b4\u03b1 \u03ba\u03b1\u03c4\u03bf\u03af\u03ba\u03c9\u03bd \u03c4\u03b7\u03c2 \u03a4\u03bf\u03c0\u03b9\u03ba\u03ae\u03c2 \u039a\u03bf\u03b9\u03bd\u03cc\u03c4\u03b7\u03c4\u03b1\u03c2 \u03a0\u03bf\u03c5\u03bb\u03af\u03b8\u03c1\u03c9\u03bd, \u03b1\u03bd\u03ad\u03bb\u03b1\u03b2\u03b5 \u03c4\u03b7\u03bd \u03c0\u03c1\u03c9\u03c4\u03bf\u03b2\u03bf\u03c5\u03bb\u03af\u03b1 \u03b3\u03b9\u03b1 \u03c4\u03b7\u03bd \u03b4\u03b7\u03bc\u03b9\u03bf\u03c5\u03c1\u03b3\u03af\u03b1 \u03b5\u03bd\u03cc\u03c2 \u03c3\u03c5\u03bb\u03bb\u03cc\u03b3\u03bf\u03c5, \u03bc\u03b5 \u03c3\u03ba\u03bf\u03c0\u03cc \u03bd\u03b1 \u03c3\u03c5\u03bc\u03b2\u03ac\u03bb\u03b5\u03b9 \u03c3\u03c4\u03b7\u03bd\" \/>\n<meta name=\"robots\" content=\"index, follow, max-snippet:-1, max-image-preview:large, max-video-preview:-1\" \/>\n<link rel=\"canonical\" href=\"https:\/\/www.poulithra.org\/de\/\u03c0\u03bf\u03b9\u03bf\u03b9-\u03b5\u03af\u03bc\u03b1\u03c3\u03c4\u03b5\/\" \/>\n<meta property=\"og:locale\" content=\"de_DE\" \/>\n<meta property=\"og:type\" content=\"article\" \/>\n<meta property=\"og:title\" content=\"\u03a0\u03bf\u03b9\u03bf\u03b9 \u03b5\u03af\u03bc\u03b1\u03c3\u03c4\u03b5 | \u0397 \u03a0\u03bf\u03bb\u03af\u03c7\u03bd\u03b7\" \/>\n<meta property=\"og:description\" content=\"\u03a4\u03bf 2018, \u03bc\u03b9\u03b1 \u03bf\u03bc\u03ac\u03b4\u03b1 \u03ba\u03b1\u03c4\u03bf\u03af\u03ba\u03c9\u03bd \u03c4\u03b7\u03c2 \u03a4\u03bf\u03c0\u03b9\u03ba\u03ae\u03c2 \u039a\u03bf\u03b9\u03bd\u03cc\u03c4\u03b7\u03c4\u03b1\u03c2 \u03a0\u03bf\u03c5\u03bb\u03af\u03b8\u03c1\u03c9\u03bd, \u03b1\u03bd\u03ad\u03bb\u03b1\u03b2\u03b5 \u03c4\u03b7\u03bd \u03c0\u03c1\u03c9\u03c4\u03bf\u03b2\u03bf\u03c5\u03bb\u03af\u03b1 \u03b3\u03b9\u03b1 \u03c4\u03b7\u03bd \u03b4\u03b7\u03bc\u03b9\u03bf\u03c5\u03c1\u03b3\u03af\u03b1 \u03b5\u03bd\u03cc\u03c2 \u03c3\u03c5\u03bb\u03bb\u03cc\u03b3\u03bf\u03c5, \u03bc\u03b5 \u03c3\u03ba\u03bf\u03c0\u03cc \u03bd\u03b1 \u03c3\u03c5\u03bc\u03b2\u03ac\u03bb\u03b5\u03b9 \u03c3\u03c4\u03b7\u03bd\" \/>\n<meta property=\"og:url\" content=\"https:\/\/www.poulithra.org\/de\/\u03c0\u03bf\u03b9\u03bf\u03b9-\u03b5\u03af\u03bc\u03b1\u03c3\u03c4\u03b5\/\" \/>\n<meta property=\"og:site_name\" content=\"\u0397 \u03a0\u03bf\u03bb\u03af\u03c7\u03bd\u03b7\" \/>\n<meta property=\"article:publisher\" content=\"https:\/\/www.facebook.com\/syllogos.polixni\" \/>\n<meta property=\"article:modified_time\" content=\"2024-06-25T10:09:28+00:00\" \/>\n<meta property=\"og:image\" content=\"https:\/\/www.poulithra.org\/wp-content\/uploads\/2021\/11\/poulithra.jpg\" \/>\n\t<meta property=\"og:image:width\" content=\"1920\" \/>\n\t<meta property=\"og:image:height\" content=\"694\" \/>\n\t<meta property=\"og:image:type\" content=\"image\/jpeg\" \/>\n<meta name=\"twitter:card\" content=\"summary_large_image\" \/>\n<meta name=\"twitter:label1\" content=\"Gesch\u00e4tzte Lesezeit\" \/>\n\t<meta name=\"twitter:data1\" content=\"2\u00a0Minuten\" \/>\n<script type=\"application\/ld+json\" class=\"yoast-schema-graph\">{\"@context\":\"https:\\\/\\\/schema.org\",\"@graph\":[{\"@type\":\"WebPage\",\"@id\":\"https:\\\/\\\/www.poulithra.org\\\/%cf%80%ce%bf%ce%b9%ce%bf%ce%b9-%ce%b5%ce%af%ce%bc%ce%b1%cf%83%cf%84%ce%b5\\\/\",\"url\":\"https:\\\/\\\/www.poulithra.org\\\/%cf%80%ce%bf%ce%b9%ce%bf%ce%b9-%ce%b5%ce%af%ce%bc%ce%b1%cf%83%cf%84%ce%b5\\\/\",\"name\":\"\u03a0\u03bf\u03b9\u03bf\u03b9 \u03b5\u03af\u03bc\u03b1\u03c3\u03c4\u03b5 | \u0397 \u03a0\u03bf\u03bb\u03af\u03c7\u03bd\u03b7\",\"isPartOf\":{\"@id\":\"https:\\\/\\\/www.poulithra.org\\\/#website\"},\"primaryImageOfPage\":{\"@id\":\"https:\\\/\\\/www.poulithra.org\\\/%cf%80%ce%bf%ce%b9%ce%bf%ce%b9-%ce%b5%ce%af%ce%bc%ce%b1%cf%83%cf%84%ce%b5\\\/#primaryimage\"},\"image\":{\"@id\":\"https:\\\/\\\/www.poulithra.org\\\/%cf%80%ce%bf%ce%b9%ce%bf%ce%b9-%ce%b5%ce%af%ce%bc%ce%b1%cf%83%cf%84%ce%b5\\\/#primaryimage\"},\"thumbnailUrl\":\"https:\\\/\\\/www.poulithra.org\\\/wp-content\\\/uploads\\\/2021\\\/11\\\/poulithra.jpg\",\"datePublished\":\"2019-05-31T13:29:18+00:00\",\"dateModified\":\"2024-06-25T10:09:28+00:00\",\"description\":\"\u03a4\u03bf 2018, \u03bc\u03b9\u03b1 \u03bf\u03bc\u03ac\u03b4\u03b1 \u03ba\u03b1\u03c4\u03bf\u03af\u03ba\u03c9\u03bd \u03c4\u03b7\u03c2 \u03a4\u03bf\u03c0\u03b9\u03ba\u03ae\u03c2 \u039a\u03bf\u03b9\u03bd\u03cc\u03c4\u03b7\u03c4\u03b1\u03c2 \u03a0\u03bf\u03c5\u03bb\u03af\u03b8\u03c1\u03c9\u03bd, \u03b1\u03bd\u03ad\u03bb\u03b1\u03b2\u03b5 \u03c4\u03b7\u03bd \u03c0\u03c1\u03c9\u03c4\u03bf\u03b2\u03bf\u03c5\u03bb\u03af\u03b1 \u03b3\u03b9\u03b1 \u03c4\u03b7\u03bd \u03b4\u03b7\u03bc\u03b9\u03bf\u03c5\u03c1\u03b3\u03af\u03b1 \u03b5\u03bd\u03cc\u03c2 \u03c3\u03c5\u03bb\u03bb\u03cc\u03b3\u03bf\u03c5, \u03bc\u03b5 \u03c3\u03ba\u03bf\u03c0\u03cc \u03bd\u03b1 \u03c3\u03c5\u03bc\u03b2\u03ac\u03bb\u03b5\u03b9 \u03c3\u03c4\u03b7\u03bd\",\"breadcrumb\":{\"@id\":\"https:\\\/\\\/www.poulithra.org\\\/%cf%80%ce%bf%ce%b9%ce%bf%ce%b9-%ce%b5%ce%af%ce%bc%ce%b1%cf%83%cf%84%ce%b5\\\/#breadcrumb\"},\"inLanguage\":\"de\",\"potentialAction\":[{\"@type\":\"ReadAction\",\"target\":[\"https:\\\/\\\/www.poulithra.org\\\/%cf%80%ce%bf%ce%b9%ce%bf%ce%b9-%ce%b5%ce%af%ce%bc%ce%b1%cf%83%cf%84%ce%b5\\\/\"]}]},{\"@type\":\"ImageObject\",\"inLanguage\":\"de\",\"@id\":\"https:\\\/\\\/www.poulithra.org\\\/%cf%80%ce%bf%ce%b9%ce%bf%ce%b9-%ce%b5%ce%af%ce%bc%ce%b1%cf%83%cf%84%ce%b5\\\/#primaryimage\",\"url\":\"https:\\\/\\\/www.poulithra.org\\\/wp-content\\\/uploads\\\/2021\\\/11\\\/poulithra.jpg\",\"contentUrl\":\"https:\\\/\\\/www.poulithra.org\\\/wp-content\\\/uploads\\\/2021\\\/11\\\/poulithra.jpg\",\"width\":1920,\"height\":694},{\"@type\":\"BreadcrumbList\",\"@id\":\"https:\\\/\\\/www.poulithra.org\\\/%cf%80%ce%bf%ce%b9%ce%bf%ce%b9-%ce%b5%ce%af%ce%bc%ce%b1%cf%83%cf%84%ce%b5\\\/#breadcrumb\",\"itemListElement\":[{\"@type\":\"ListItem\",\"position\":1,\"name\":\"Home\",\"item\":\"https:\\\/\\\/www.poulithra.org\\\/\"},{\"@type\":\"ListItem\",\"position\":2,\"name\":\"\u03a0\u03bf\u03b9\u03bf\u03b9 \u03b5\u03af\u03bc\u03b1\u03c3\u03c4\u03b5\"}]},{\"@type\":\"WebSite\",\"@id\":\"https:\\\/\\\/www.poulithra.org\\\/#website\",\"url\":\"https:\\\/\\\/www.poulithra.org\\\/\",\"name\":\"\u03a0\u03bf\u03bb\u03af\u03c7\u03bd\u03b7\",\"description\":\"\u03a0\u03bf\u03bb\u03b9\u03c4\u03b9\u03c3\u03c4\u03b9\u03ba\u03cc\u03c2 \u03ba\u03b1\u03b9 \u0395\u03be\u03c9\u03c1\u03b1\u03ca\u03c3\u03c4\u03b9\u03ba\u03cc\u03c2 \u03a3\u03cd\u03bb\u03bb\u03bf\u03b3\u03bf\u03c2 \u0391\u03c0\u03b1\u03bd\u03c4\u03b1\u03c7\u03bf\u03cd \u03a0\u03bf\u03c5\u03bb\u03b9\u03b8\u03c1\u03b9\u03c9\u03c4\u03ce\u03bd\",\"publisher\":{\"@id\":\"https:\\\/\\\/www.poulithra.org\\\/#organization\"},\"potentialAction\":[{\"@type\":\"SearchAction\",\"target\":{\"@type\":\"EntryPoint\",\"urlTemplate\":\"https:\\\/\\\/www.poulithra.org\\\/?s={search_term_string}\"},\"query-input\":{\"@type\":\"PropertyValueSpecification\",\"valueRequired\":true,\"valueName\":\"search_term_string\"}}],\"inLanguage\":\"de\"},{\"@type\":\"Organization\",\"@id\":\"https:\\\/\\\/www.poulithra.org\\\/#organization\",\"name\":\"\u03a3\u03cd\u03bb\u03bb\u03bf\u03b3\u03bf\u03c2 \\\"\u03a0\u03bf\u03bb\u03af\u03c7\u03bd\u03b7\\\"\",\"url\":\"https:\\\/\\\/www.poulithra.org\\\/\",\"logo\":{\"@type\":\"ImageObject\",\"inLanguage\":\"de\",\"@id\":\"https:\\\/\\\/www.poulithra.org\\\/#\\\/schema\\\/logo\\\/image\\\/\",\"url\":\"https:\\\/\\\/www.poulithra.org\\\/wp-content\\\/uploads\\\/2024\\\/06\\\/cropped-Logo-png.png\",\"contentUrl\":\"https:\\\/\\\/www.poulithra.org\\\/wp-content\\\/uploads\\\/2024\\\/06\\\/cropped-Logo-png.png\",\"width\":997,\"height\":1041,\"caption\":\"\u03a3\u03cd\u03bb\u03bb\u03bf\u03b3\u03bf\u03c2 \\\"\u03a0\u03bf\u03bb\u03af\u03c7\u03bd\u03b7\\\"\"},\"image\":{\"@id\":\"https:\\\/\\\/www.poulithra.org\\\/#\\\/schema\\\/logo\\\/image\\\/\"},\"sameAs\":[\"https:\\\/\\\/www.facebook.com\\\/syllogos.polixni\"]}]}<\/script>\n<!-- \/ Yoast SEO plugin. -->","yoast_head_json":{"title":"Wer wir sind | Polichni","description":"Im Jahr 2018 ergriff eine Gruppe von Einwohnern der Gemeinde Poulithron die Initiative zur Gr\u00fcndung eines Vereins, um einen Beitrag zum","robots":{"index":"index","follow":"follow","max-snippet":"max-snippet:-1","max-image-preview":"max-image-preview:large","max-video-preview":"max-video-preview:-1"},"canonical":"https:\/\/www.poulithra.org\/de\/\u03c0\u03bf\u03b9\u03bf\u03b9-\u03b5\u03af\u03bc\u03b1\u03c3\u03c4\u03b5\/","og_locale":"de_DE","og_type":"article","og_title":"\u03a0\u03bf\u03b9\u03bf\u03b9 \u03b5\u03af\u03bc\u03b1\u03c3\u03c4\u03b5 | \u0397 \u03a0\u03bf\u03bb\u03af\u03c7\u03bd\u03b7","og_description":"\u03a4\u03bf 2018, \u03bc\u03b9\u03b1 \u03bf\u03bc\u03ac\u03b4\u03b1 \u03ba\u03b1\u03c4\u03bf\u03af\u03ba\u03c9\u03bd \u03c4\u03b7\u03c2 \u03a4\u03bf\u03c0\u03b9\u03ba\u03ae\u03c2 \u039a\u03bf\u03b9\u03bd\u03cc\u03c4\u03b7\u03c4\u03b1\u03c2 \u03a0\u03bf\u03c5\u03bb\u03af\u03b8\u03c1\u03c9\u03bd, \u03b1\u03bd\u03ad\u03bb\u03b1\u03b2\u03b5 \u03c4\u03b7\u03bd \u03c0\u03c1\u03c9\u03c4\u03bf\u03b2\u03bf\u03c5\u03bb\u03af\u03b1 \u03b3\u03b9\u03b1 \u03c4\u03b7\u03bd \u03b4\u03b7\u03bc\u03b9\u03bf\u03c5\u03c1\u03b3\u03af\u03b1 \u03b5\u03bd\u03cc\u03c2 \u03c3\u03c5\u03bb\u03bb\u03cc\u03b3\u03bf\u03c5, \u03bc\u03b5 \u03c3\u03ba\u03bf\u03c0\u03cc \u03bd\u03b1 \u03c3\u03c5\u03bc\u03b2\u03ac\u03bb\u03b5\u03b9 \u03c3\u03c4\u03b7\u03bd","og_url":"https:\/\/www.poulithra.org\/de\/\u03c0\u03bf\u03b9\u03bf\u03b9-\u03b5\u03af\u03bc\u03b1\u03c3\u03c4\u03b5\/","og_site_name":"\u0397 \u03a0\u03bf\u03bb\u03af\u03c7\u03bd\u03b7","article_publisher":"https:\/\/www.facebook.com\/syllogos.polixni","article_modified_time":"2024-06-25T10:09:28+00:00","og_image":[{"width":1920,"height":694,"url":"https:\/\/www.poulithra.org\/wp-content\/uploads\/2021\/11\/poulithra.jpg","type":"image\/jpeg"}],"twitter_card":"summary_large_image","twitter_misc":{"Gesch\u00e4tzte Lesezeit":"2\u00a0Minuten"},"schema":{"@context":"https:\/\/schema.org","@graph":[{"@type":"WebPage","@id":"https:\/\/www.poulithra.org\/%cf%80%ce%bf%ce%b9%ce%bf%ce%b9-%ce%b5%ce%af%ce%bc%ce%b1%cf%83%cf%84%ce%b5\/","url":"https:\/\/www.poulithra.org\/%cf%80%ce%bf%ce%b9%ce%bf%ce%b9-%ce%b5%ce%af%ce%bc%ce%b1%cf%83%cf%84%ce%b5\/","name":"Wer wir sind | Polichni","isPartOf":{"@id":"https:\/\/www.poulithra.org\/#website"},"primaryImageOfPage":{"@id":"https:\/\/www.poulithra.org\/%cf%80%ce%bf%ce%b9%ce%bf%ce%b9-%ce%b5%ce%af%ce%bc%ce%b1%cf%83%cf%84%ce%b5\/#primaryimage"},"image":{"@id":"https:\/\/www.poulithra.org\/%cf%80%ce%bf%ce%b9%ce%bf%ce%b9-%ce%b5%ce%af%ce%bc%ce%b1%cf%83%cf%84%ce%b5\/#primaryimage"},"thumbnailUrl":"https:\/\/www.poulithra.org\/wp-content\/uploads\/2021\/11\/poulithra.jpg","datePublished":"2019-05-31T13:29:18+00:00","dateModified":"2024-06-25T10:09:28+00:00","description":"Im Jahr 2018 ergriff eine Gruppe von Einwohnern der Gemeinde Poulithron die Initiative zur Gr\u00fcndung eines Vereins, um einen Beitrag zum","breadcrumb":{"@id":"https:\/\/www.poulithra.org\/%cf%80%ce%bf%ce%b9%ce%bf%ce%b9-%ce%b5%ce%af%ce%bc%ce%b1%cf%83%cf%84%ce%b5\/#breadcrumb"},"inLanguage":"de","potentialAction":[{"@type":"ReadAction","target":["https:\/\/www.poulithra.org\/%cf%80%ce%bf%ce%b9%ce%bf%ce%b9-%ce%b5%ce%af%ce%bc%ce%b1%cf%83%cf%84%ce%b5\/"]}]},{"@type":"ImageObject","inLanguage":"de","@id":"https:\/\/www.poulithra.org\/%cf%80%ce%bf%ce%b9%ce%bf%ce%b9-%ce%b5%ce%af%ce%bc%ce%b1%cf%83%cf%84%ce%b5\/#primaryimage","url":"https:\/\/www.poulithra.org\/wp-content\/uploads\/2021\/11\/poulithra.jpg","contentUrl":"https:\/\/www.poulithra.org\/wp-content\/uploads\/2021\/11\/poulithra.jpg","width":1920,"height":694},{"@type":"BreadcrumbList","@id":"https:\/\/www.poulithra.org\/%cf%80%ce%bf%ce%b9%ce%bf%ce%b9-%ce%b5%ce%af%ce%bc%ce%b1%cf%83%cf%84%ce%b5\/#breadcrumb","itemListElement":[{"@type":"ListItem","position":1,"name":"Home","item":"https:\/\/www.poulithra.org\/"},{"@type":"ListItem","position":2,"name":"\u03a0\u03bf\u03b9\u03bf\u03b9 \u03b5\u03af\u03bc\u03b1\u03c3\u03c4\u03b5"}]},{"@type":"WebSite","@id":"https:\/\/www.poulithra.org\/#website","url":"https:\/\/www.poulithra.org\/","name":"Polichni","description":"Kultur- und Freizeitverein der Poulithriots","publisher":{"@id":"https:\/\/www.poulithra.org\/#organization"},"potentialAction":[{"@type":"SearchAction","target":{"@type":"EntryPoint","urlTemplate":"https:\/\/www.poulithra.org\/?s={search_term_string}"},"query-input":{"@type":"PropertyValueSpecification","valueRequired":true,"valueName":"search_term_string"}}],"inLanguage":"de"},{"@type":"Organization","@id":"https:\/\/www.poulithra.org\/#organization","name":"Verein \"Polihni\"","url":"https:\/\/www.poulithra.org\/","logo":{"@type":"ImageObject","inLanguage":"de","@id":"https:\/\/www.poulithra.org\/#\/schema\/logo\/image\/","url":"https:\/\/www.poulithra.org\/wp-content\/uploads\/2024\/06\/cropped-Logo-png.png","contentUrl":"https:\/\/www.poulithra.org\/wp-content\/uploads\/2024\/06\/cropped-Logo-png.png","width":997,"height":1041,"caption":"\u03a3\u03cd\u03bb\u03bb\u03bf\u03b3\u03bf\u03c2 \"\u03a0\u03bf\u03bb\u03af\u03c7\u03bd\u03b7\""},"image":{"@id":"https:\/\/www.poulithra.org\/#\/schema\/logo\/image\/"},"sameAs":["https:\/\/www.facebook.com\/syllogos.polixni"]}]}},"_links":{"self":[{"href":"https:\/\/www.poulithra.org\/de\/wp-json\/wp\/v2\/pages\/29","targetHints":{"allow":["GET"]}}],"collection":[{"href":"https:\/\/www.poulithra.org\/de\/wp-json\/wp\/v2\/pages"}],"about":[{"href":"https:\/\/www.poulithra.org\/de\/wp-json\/wp\/v2\/types\/page"}],"author":[{"embeddable":true,"href":"https:\/\/www.poulithra.org\/de\/wp-json\/wp\/v2\/users\/1"}],"replies":[{"embeddable":true,"href":"https:\/\/www.poulithra.org\/de\/wp-json\/wp\/v2\/comments?post=29"}],"version-history":[{"count":9,"href":"https:\/\/www.poulithra.org\/de\/wp-json\/wp\/v2\/pages\/29\/revisions"}],"predecessor-version":[{"id":2030,"href":"https:\/\/www.poulithra.org\/de\/wp-json\/wp\/v2\/pages\/29\/revisions\/2030"}],"wp:featuredmedia":[{"embeddable":true,"href":"https:\/\/www.poulithra.org\/de\/wp-json\/wp\/v2\/media\/1512"}],"wp:attachment":[{"href":"https:\/\/www.poulithra.org\/de\/wp-json\/wp\/v2\/media?parent=29"}],"curies":[{"name":"wp","href":"https:\/\/api.w.org\/{rel}","templated":true}]}}