{"id":275,"date":"2019-06-03T20:04:21","date_gmt":"2019-06-03T20:04:21","guid":{"rendered":"http:\/\/www.poulithra.org\/?page_id=275"},"modified":"2026-04-20T14:44:42","modified_gmt":"2026-04-20T12:44:42","slug":"spilaio-mana","status":"publish","type":"page","link":"https:\/\/www.poulithra.org\/de\/spilaio-mana\/","title":{"rendered":"H\u00f6hle \"Mana\""},"content":{"rendered":"<pre class=\"wp-block-verse\"><a href=\"http:\/\/www.poulithra.org\/wp-content\/uploads\/2021\/05\/\u039c\u03ac\u03bd\u03b1-\u0392\u03c1\u03cd\u03c3\u03b7-\u03c4\u03bf\u03c5-\u03bd\u03b5\u03c1\u03cc\u03bc\u03c5\u03bb\u03bf\u03c5.pdf\" target=\"_blank\" rel=\"noreferrer noopener\" aria-label=\"undefiniert (\u00f6ffnet in einer neuen Registerkarte)\">Siehe oder laden Sie die Datei mit der Beschreibung der Erforschung der H\u00f6hle durch griechische und franz\u00f6sische H\u00f6hlenforscher im Jahr 1975 herunter.<\/a><\/pre>\r\n\r\n\r\n\r\n<p class=\"has-text-align-justify\">Die H\u00f6hle \"Mana\" befindet sich in der Mitte der Siedlung Poulithra in Arkadien. Es handelt sich um eine horizontale H\u00f6hle von ca. 1,5 km L\u00e4nge ohne besondere Schwierigkeiten, die an einer Stelle im Inneren mit Wasser und Niederschlag geflutet ist. Das Wasser, das bis vor kurzem den Wasserbedarf der Gemeinde Poulithron deckte, kommt zwar aus dem Berg, hat aber keine niedrige Temperatur. Die H\u00f6hle h\u00e4lt f\u00fcr die H\u00f6hlenforscher, in\u00a0<em>Siphon<\/em>.<\/p>\r\n\r\n\r\n\r\n<p class=\"has-text-align-justify\">Nur H\u00f6hlenforscher haben Zugang zur H\u00f6hle \"Mana\". Die Eindringtiefe im ersten Teil der H\u00f6hle betr\u00e4gt bis zu 200 m, die Bewegung findet im Wasser statt, dann m\u00fcndet das Wasser in die Decke und der Gang f\u00e4llt ab. F\u00fcr die Begehung des Ganges ist eine spezielle Ausr\u00fcstung und eine entsprechende Ausbildung erforderlich. Nach dem Durchgang f\u00fchrt die H\u00f6hle noch einen Kilometer weiter bis zum See, den H\u00f6hlentaucher gelegentlich auf der Suche nach einer Fortsetzung des unterirdischen Ganges zu erkunden versuchen.<\/p>\r\n<p>Ein Plan der H\u00f6hle ist in der folgenden Zeichnung zu sehen:<\/p>\r\n<p><a href=\"https:\/\/www.poulithra.org\/wp-content\/uploads\/2023\/10\/\u03a3\u03c0\u03ae\u03bb\u03b1\u03b9\u03bf-\u039c\u03ac\u03bd\u03b1-\u039a\u03ac\u03c4\u03bf\u03c8\u03b7-scaled.jpeg\" data-rel=\"lightbox-image-0\" data-rl_title=\"\u03a3\u03c0\u03ae\u03bb\u03b1\u03b9\u03bf \u039c\u03ac\u03bd\u03b1 &#8211; \u039a\u03ac\u03c4\u03bf\u03c8\u03b7\" data-rl_caption=\"\" title=\"Mana-H\u00f6hle - Draufsicht\"><img loading=\"lazy\" decoding=\"async\" class=\"aligncenter wp-image-1741\" src=\"https:\/\/www.poulithra.org\/wp-content\/uploads\/2023\/10\/\u03a3\u03c0\u03ae\u03bb\u03b1\u03b9\u03bf-\u039c\u03ac\u03bd\u03b1-\u039a\u03ac\u03c4\u03bf\u03c8\u03b7-207x300.jpeg\" alt=\"\" width=\"415\" height=\"600\" srcset=\"https:\/\/www.poulithra.org\/wp-content\/uploads\/2023\/10\/\u03a3\u03c0\u03ae\u03bb\u03b1\u03b9\u03bf-\u039c\u03ac\u03bd\u03b1-\u039a\u03ac\u03c4\u03bf\u03c8\u03b7-207x300.jpeg 207w, https:\/\/www.poulithra.org\/wp-content\/uploads\/2023\/10\/\u03a3\u03c0\u03ae\u03bb\u03b1\u03b9\u03bf-\u039c\u03ac\u03bd\u03b1-\u039a\u03ac\u03c4\u03bf\u03c8\u03b7-708x1024.jpeg 708w, https:\/\/www.poulithra.org\/wp-content\/uploads\/2023\/10\/\u03a3\u03c0\u03ae\u03bb\u03b1\u03b9\u03bf-\u039c\u03ac\u03bd\u03b1-\u039a\u03ac\u03c4\u03bf\u03c8\u03b7-768x1111.jpeg 768w, https:\/\/www.poulithra.org\/wp-content\/uploads\/2023\/10\/\u03a3\u03c0\u03ae\u03bb\u03b1\u03b9\u03bf-\u039c\u03ac\u03bd\u03b1-\u039a\u03ac\u03c4\u03bf\u03c8\u03b7-1061x1536.jpeg 1061w, https:\/\/www.poulithra.org\/wp-content\/uploads\/2023\/10\/\u03a3\u03c0\u03ae\u03bb\u03b1\u03b9\u03bf-\u039c\u03ac\u03bd\u03b1-\u039a\u03ac\u03c4\u03bf\u03c8\u03b7-1415x2048.jpeg 1415w, https:\/\/www.poulithra.org\/wp-content\/uploads\/2023\/10\/\u03a3\u03c0\u03ae\u03bb\u03b1\u03b9\u03bf-\u039c\u03ac\u03bd\u03b1-\u039a\u03ac\u03c4\u03bf\u03c8\u03b7-scaled.jpeg 1769w\" sizes=\"auto, (max-width: 415px) 100vw, 415px\" \/><\/a><\/p>\r\n\r\n\r\n\r\n<p>Informationen \u00fcber die Lage der H\u00f6hle und den Zugang zu ihr finden Sie unter <a href=\"http:\/\/www.poulithra.org\/de\/\u03bc\u03bf\u03bd\u03bf\u03c0\u03ac\u03c4\u03b9\u03b1\/\">hier<\/a><\/p>\r\n\r\n\r\n\r\n<p>Mehr Fotos von der H\u00f6hle, die Sie sehen k\u00f6nnen <a href=\"http:\/\/spilaiologia.blogspot.com\/2017\/09\/blog-post.html\" target=\"_blank\" rel=\"noreferrer noopener\" aria-label=\"hier (\u00f6ffnet in einer neuen Registerkarte)\">hier<\/a><\/p>\r\n\r\n<p>&nbsp;<\/p>\r\n<div class=\"rl-gallery-container rl-loading\" id=\"rl-gallery-container-1\" data-gallery_id=\"2213\"> <div class=\"rl-gallery rl-basicmasonry-gallery rl-hover-effect-1 rl-hover-icon-2\" id=\"rl-gallery-1\" data-gallery_no=\"1\"> <div class=\"rl-gutter-sizer\"><\/div><div class=\"rl-grid-sizer\"><\/div> <div class=\"rl-gallery-item rl-gallery-item-width-4\" > <div class=\"rl-gallery-item-content\"> <a href=\"https:\/\/www.poulithra.org\/wp-content\/uploads\/2019\/06\/mana.png\" title=\"\" data-rl_title=\"\" class=\"rl-gallery-link\" data-rl_caption=\"\" data-rel=\"lightbox-gallery-1\"><img loading=\"lazy\" decoding=\"async\" src=\"https:\/\/www.poulithra.org\/wp-content\/uploads\/2019\/06\/mana-1024x555.png\" width=\"1024\" height=\"555\" alt=\"\" \/><\/a> <\/div> <\/div> <div class=\"rl-gallery-item\" > <div class=\"rl-gallery-item-content\"> <a href=\"https:\/\/www.poulithra.org\/wp-content\/uploads\/2019\/06\/mana06-B.jpg\" title=\"\" data-rl_title=\"\" class=\"rl-gallery-link\" data-rl_caption=\"\" data-rel=\"lightbox-gallery-1\"><img loading=\"lazy\" decoding=\"async\" src=\"https:\/\/www.poulithra.org\/wp-content\/uploads\/2019\/06\/mana06-B.jpg\" width=\"640\" height=\"480\" alt=\"\" \/><\/a> <\/div> <\/div> <div class=\"rl-gallery-item\" > <div class=\"rl-gallery-item-content\"> <a href=\"https:\/\/www.poulithra.org\/wp-content\/uploads\/2019\/06\/mana02-B.jpg\" title=\"\" data-rl_title=\"\" class=\"rl-gallery-link\" data-rl_caption=\"\" data-rel=\"lightbox-gallery-1\"><img loading=\"lazy\" decoding=\"async\" src=\"https:\/\/www.poulithra.org\/wp-content\/uploads\/2019\/06\/mana02-B.jpg\" width=\"640\" height=\"480\" alt=\"\" \/><\/a> <\/div> <\/div> <div class=\"rl-gallery-item\" > <div class=\"rl-gallery-item-content\"> <a href=\"https:\/\/www.poulithra.org\/wp-content\/uploads\/2019\/06\/DSCN3097-B.jpg\" title=\"\" data-rl_title=\"\" class=\"rl-gallery-link\" data-rl_caption=\"\" data-rel=\"lightbox-gallery-1\"><img loading=\"lazy\" decoding=\"async\" src=\"https:\/\/www.poulithra.org\/wp-content\/uploads\/2019\/06\/DSCN3097-B.jpg\" width=\"850\" height=\"594\" alt=\"\" \/><\/a> <\/div> <\/div> <div class=\"rl-gallery-item\" > <div class=\"rl-gallery-item-content\"> <a href=\"https:\/\/www.poulithra.org\/wp-content\/uploads\/2019\/06\/DSCN3055-B.jpg\" title=\"\" data-rl_title=\"\" class=\"rl-gallery-link\" data-rl_caption=\"\" data-rel=\"lightbox-gallery-1\"><img loading=\"lazy\" decoding=\"async\" src=\"https:\/\/www.poulithra.org\/wp-content\/uploads\/2019\/06\/DSCN3055-B.jpg\" width=\"850\" height=\"619\" alt=\"\" \/><\/a> <\/div> <\/div> <div class=\"rl-gallery-item\" > <div class=\"rl-gallery-item-content\"> <a href=\"https:\/\/www.poulithra.org\/wp-content\/uploads\/2019\/06\/DSC_4016-B.jpg\" title=\"\" data-rl_title=\"\" class=\"rl-gallery-link\" data-rl_caption=\"\" data-rel=\"lightbox-gallery-1\"><img loading=\"lazy\" decoding=\"async\" src=\"https:\/\/www.poulithra.org\/wp-content\/uploads\/2019\/06\/DSC_4016-B.jpg\" width=\"850\" height=\"563\" alt=\"\" \/><\/a> <\/div> <\/div> <div class=\"rl-gallery-item\" > <div class=\"rl-gallery-item-content\"> <a href=\"https:\/\/www.poulithra.org\/wp-content\/uploads\/2019\/06\/DSC_3988-B.jpg\" title=\"\" data-rl_title=\"\" class=\"rl-gallery-link\" data-rl_caption=\"\" data-rel=\"lightbox-gallery-1\"><img loading=\"lazy\" decoding=\"async\" src=\"https:\/\/www.poulithra.org\/wp-content\/uploads\/2019\/06\/DSC_3988-B.jpg\" width=\"850\" height=\"563\" alt=\"\" \/><\/a> <\/div> <\/div> <div class=\"rl-gallery-item\" > <div class=\"rl-gallery-item-content\"> <a href=\"https:\/\/www.poulithra.org\/wp-content\/uploads\/2019\/06\/13096120_1081644261891876_7942533776563574928_n.jpg\" title=\"\" data-rl_title=\"\" class=\"rl-gallery-link\" data-rl_caption=\"\" data-rel=\"lightbox-gallery-1\"><img loading=\"lazy\" decoding=\"async\" src=\"https:\/\/www.poulithra.org\/wp-content\/uploads\/2019\/06\/13096120_1081644261891876_7942533776563574928_n.jpg\" width=\"950\" height=\"537\" alt=\"\" \/><\/a> <\/div> <\/div> <div class=\"rl-gallery-item\" > <div class=\"rl-gallery-item-content\"> <a href=\"https:\/\/www.poulithra.org\/wp-content\/uploads\/2019\/06\/13124834_1081643741891928_3262782250359512912_n.jpg\" title=\"\" data-rl_title=\"\" class=\"rl-gallery-link\" data-rl_caption=\"\" data-rel=\"lightbox-gallery-1\"><img loading=\"lazy\" decoding=\"async\" src=\"https:\/\/www.poulithra.org\/wp-content\/uploads\/2019\/06\/13124834_1081643741891928_3262782250359512912_n.jpg\" width=\"950\" height=\"536\" alt=\"\" \/><\/a> <\/div> <\/div> <div class=\"rl-gallery-item\" > <div class=\"rl-gallery-item-content\"> <a href=\"https:\/\/www.poulithra.org\/wp-content\/uploads\/2019\/06\/13164301_1081644121891890_7720901961469222215_n.jpg\" title=\"\" data-rl_title=\"\" class=\"rl-gallery-link\" data-rl_caption=\"\" data-rel=\"lightbox-gallery-1\"><img loading=\"lazy\" decoding=\"async\" src=\"https:\/\/www.poulithra.org\/wp-content\/uploads\/2019\/06\/13164301_1081644121891890_7720901961469222215_n.jpg\" width=\"950\" height=\"469\" alt=\"\" \/><\/a> <\/div> <\/div> <div class=\"rl-gallery-item\" > <div class=\"rl-gallery-item-content\"> <a href=\"https:\/\/www.poulithra.org\/wp-content\/uploads\/2019\/06\/DSC_0058-BB.jpg\" title=\"\" data-rl_title=\"\" class=\"rl-gallery-link\" data-rl_caption=\"\" data-rel=\"lightbox-gallery-1\"><img loading=\"lazy\" decoding=\"async\" src=\"https:\/\/www.poulithra.org\/wp-content\/uploads\/2019\/06\/DSC_0058-BB.jpg\" width=\"850\" height=\"563\" alt=\"\" \/><\/a> <\/div> <\/div> <div class=\"rl-gallery-item\" > <div class=\"rl-gallery-item-content\"> <a href=\"https:\/\/www.poulithra.org\/wp-content\/uploads\/2019\/06\/DSC_0667i.jpg\" title=\"\" data-rl_title=\"\" class=\"rl-gallery-link\" data-rl_caption=\"\" data-rel=\"lightbox-gallery-1\"><img loading=\"lazy\" decoding=\"async\" src=\"https:\/\/www.poulithra.org\/wp-content\/uploads\/2019\/06\/DSC_0667i-1024x678.jpg\" width=\"1024\" height=\"678\" alt=\"\" \/><\/a> <\/div> <\/div> <div class=\"rl-gallery-item\" > <div class=\"rl-gallery-item-content\"> <a href=\"https:\/\/www.poulithra.org\/wp-content\/uploads\/2019\/06\/DSC_0863-B.jpg\" title=\"\" data-rl_title=\"\" class=\"rl-gallery-link\" data-rl_caption=\"\" data-rel=\"lightbox-gallery-1\"><img loading=\"lazy\" decoding=\"async\" src=\"https:\/\/www.poulithra.org\/wp-content\/uploads\/2019\/06\/DSC_0863-B.jpg\" width=\"850\" height=\"569\" alt=\"\" \/><\/a> <\/div> <\/div> <div class=\"rl-gallery-item\" > <div class=\"rl-gallery-item-content\"> <a href=\"https:\/\/www.poulithra.org\/wp-content\/uploads\/2019\/06\/DSC_1244-B.jpg\" title=\"\" data-rl_title=\"\" class=\"rl-gallery-link\" data-rl_caption=\"\" data-rel=\"lightbox-gallery-1\"><img loading=\"lazy\" decoding=\"async\" src=\"https:\/\/www.poulithra.org\/wp-content\/uploads\/2019\/06\/DSC_1244-B.jpg\" width=\"850\" height=\"563\" alt=\"\" \/><\/a> <\/div> <\/div> <div class=\"rl-gallery-item\" > <div class=\"rl-gallery-item-content\"> <a href=\"https:\/\/www.poulithra.org\/wp-content\/uploads\/2019\/06\/DSC_1462-B.jpg\" title=\"\" data-rl_title=\"\" class=\"rl-gallery-link\" data-rl_caption=\"\" data-rel=\"lightbox-gallery-1\"><img loading=\"lazy\" decoding=\"async\" src=\"https:\/\/www.poulithra.org\/wp-content\/uploads\/2019\/06\/DSC_1462-B.jpg\" width=\"850\" height=\"563\" alt=\"\" \/><\/a> <\/div> <\/div> <div class=\"rl-gallery-item\" > <div class=\"rl-gallery-item-content\"> <a href=\"https:\/\/www.poulithra.org\/wp-content\/uploads\/2019\/06\/DSC_3543-B.jpg\" title=\"\" data-rl_title=\"\" class=\"rl-gallery-link\" data-rl_caption=\"\" data-rel=\"lightbox-gallery-1\"><img loading=\"lazy\" decoding=\"async\" src=\"https:\/\/www.poulithra.org\/wp-content\/uploads\/2019\/06\/DSC_3543-B.jpg\" width=\"850\" height=\"563\" alt=\"\" \/><\/a> <\/div> <\/div> <\/div> <\/div>","protected":false},"excerpt":{"rendered":"<p>Siehe oder laden Sie die Datei mit der Beschreibung der Erforschung der H\u00f6hle durch griechische und franz\u00f6sische H\u00f6hlenforscher im Jahr 1975 herunter. Die H\u00f6hle \"Mana\" befindet sich in der Mitte der Siedlung Poulithra, Arkadien. Es handelt sich um eine horizontale, ~1,5 km lange H\u00f6hle ohne besondere Schwierigkeiten, die an einer Stelle im Inneren mit Wasser und Niederschlag geflutet ist. Das Wasser, das bis vor kurzem ... <a title=\"H\u00f6hle &quot;Mana&quot;\" class=\"read-more\" href=\"https:\/\/www.poulithra.org\/de\/spilaio-mana\/\" aria-label=\"Mehr Informationen \u00fcber die H\u00f6hle &quot;Mana&quot;\">Mehr lesen<\/a><\/p>","protected":false},"author":1,"featured_media":643,"parent":0,"menu_order":0,"comment_status":"closed","ping_status":"closed","template":"","meta":{"_monsterinsights_skip_tracking":false,"_monsterinsights_sitenote_active":false,"_monsterinsights_sitenote_note":"","_monsterinsights_sitenote_category":0,"footnotes":""},"class_list":["post-275","page","type-page","status-publish","has-post-thumbnail"],"yoast_head":"<!-- This site is optimized with the Yoast SEO plugin v27.4 - https:\/\/yoast.com\/product\/yoast-seo-wordpress\/ -->\n<title>\u03a3\u03c0\u03ae\u03bb\u03b1\u03b9\u03bf &quot;\u039c\u03ac\u03bd\u03b1&quot; | \u0397 \u03a0\u03bf\u03bb\u03af\u03c7\u03bd\u03b7<\/title>\n<meta name=\"description\" content=\"\u0394\u03b5\u03af\u03c4\u03b5 \u03ae \u03ba\u03b1\u03c4\u03b5\u03b2\u03ac\u03c3\u03c4\u03b5 \u03c4\u03bf \u03b1\u03c1\u03c7\u03b5\u03af\u03bf \u03bc\u03b5 \u03c4\u03b7\u03bd \u03c0\u03b5\u03c1\u03b9\u03b3\u03c1\u03b1\u03c6\u03ae \u03c4\u03b7\u03c2 \u03b5\u03be\u03b5\u03c1\u03b5\u03cd\u03bd\u03b7\u03c3\u03b7\u03c2 \u03c4\u03bf\u03c5 \u03c3\u03c0\u03b7\u03bb\u03b1\u03af\u03bf\u03c5 \u03b1\u03c0\u03cc \u0388\u03bb\u03bb\u03b7\u03bd\u03b5\u03c2 \u03ba\u03b1\u03b9 \u0393\u03ac\u03bb\u03bb\u03bf\u03c5\u03c2 \u03c3\u03c0\u03b7\u03bb\u03b1\u03b9\u03bf\u03bb\u03cc\u03b3\u03bf\u03c5\u03c2, \u03c4\u03bf 1975. \u03a4\u03bf \u03c3\u03c0\u03ae\u03bb\u03b1\u03b9\u03bf &quot;\u039c\u03ac\u03bd\u03b1&quot; \u03b2\u03c1\u03af\u03c3\u03ba\u03b5\u03c4\u03b1\u03b9 \u03c3\u03c4\u03bf\" \/>\n<meta name=\"robots\" content=\"index, follow, max-snippet:-1, max-image-preview:large, max-video-preview:-1\" \/>\n<link rel=\"canonical\" href=\"https:\/\/www.poulithra.org\/de\/spilaio-mana\/\" \/>\n<meta property=\"og:locale\" content=\"de_DE\" \/>\n<meta property=\"og:type\" content=\"article\" \/>\n<meta property=\"og:title\" content=\"\u03a3\u03c0\u03ae\u03bb\u03b1\u03b9\u03bf &quot;\u039c\u03ac\u03bd\u03b1&quot; | \u0397 \u03a0\u03bf\u03bb\u03af\u03c7\u03bd\u03b7\" \/>\n<meta property=\"og:description\" content=\"\u0394\u03b5\u03af\u03c4\u03b5 \u03ae \u03ba\u03b1\u03c4\u03b5\u03b2\u03ac\u03c3\u03c4\u03b5 \u03c4\u03bf \u03b1\u03c1\u03c7\u03b5\u03af\u03bf \u03bc\u03b5 \u03c4\u03b7\u03bd \u03c0\u03b5\u03c1\u03b9\u03b3\u03c1\u03b1\u03c6\u03ae \u03c4\u03b7\u03c2 \u03b5\u03be\u03b5\u03c1\u03b5\u03cd\u03bd\u03b7\u03c3\u03b7\u03c2 \u03c4\u03bf\u03c5 \u03c3\u03c0\u03b7\u03bb\u03b1\u03af\u03bf\u03c5 \u03b1\u03c0\u03cc \u0388\u03bb\u03bb\u03b7\u03bd\u03b5\u03c2 \u03ba\u03b1\u03b9 \u0393\u03ac\u03bb\u03bb\u03bf\u03c5\u03c2 \u03c3\u03c0\u03b7\u03bb\u03b1\u03b9\u03bf\u03bb\u03cc\u03b3\u03bf\u03c5\u03c2, \u03c4\u03bf 1975. \u03a4\u03bf \u03c3\u03c0\u03ae\u03bb\u03b1\u03b9\u03bf &quot;\u039c\u03ac\u03bd\u03b1&quot; \u03b2\u03c1\u03af\u03c3\u03ba\u03b5\u03c4\u03b1\u03b9 \u03c3\u03c4\u03bf\" \/>\n<meta property=\"og:url\" content=\"https:\/\/www.poulithra.org\/de\/spilaio-mana\/\" \/>\n<meta property=\"og:site_name\" content=\"\u0397 \u03a0\u03bf\u03bb\u03af\u03c7\u03bd\u03b7\" \/>\n<meta property=\"article:publisher\" content=\"https:\/\/www.facebook.com\/syllogos.polixni\" \/>\n<meta property=\"article:modified_time\" content=\"2026-04-20T12:44:42+00:00\" \/>\n<meta property=\"og:image\" content=\"https:\/\/www.poulithra.org\/wp-content\/uploads\/2019\/06\/mana.png\" \/>\n\t<meta property=\"og:image:width\" content=\"1200\" \/>\n\t<meta property=\"og:image:height\" content=\"650\" \/>\n\t<meta property=\"og:image:type\" content=\"image\/png\" \/>\n<meta name=\"twitter:card\" content=\"summary_large_image\" \/>\n<meta name=\"twitter:label1\" content=\"Gesch\u00e4tzte Lesezeit\" \/>\n\t<meta name=\"twitter:data1\" content=\"2\u00a0Minuten\" \/>\n<script type=\"application\/ld+json\" class=\"yoast-schema-graph\">{\"@context\":\"https:\\\/\\\/schema.org\",\"@graph\":[{\"@type\":\"WebPage\",\"@id\":\"https:\\\/\\\/www.poulithra.org\\\/spilaio-mana\\\/\",\"url\":\"https:\\\/\\\/www.poulithra.org\\\/spilaio-mana\\\/\",\"name\":\"\u03a3\u03c0\u03ae\u03bb\u03b1\u03b9\u03bf \\\"\u039c\u03ac\u03bd\u03b1\\\" | \u0397 \u03a0\u03bf\u03bb\u03af\u03c7\u03bd\u03b7\",\"isPartOf\":{\"@id\":\"https:\\\/\\\/www.poulithra.org\\\/#website\"},\"primaryImageOfPage\":{\"@id\":\"https:\\\/\\\/www.poulithra.org\\\/spilaio-mana\\\/#primaryimage\"},\"image\":{\"@id\":\"https:\\\/\\\/www.poulithra.org\\\/spilaio-mana\\\/#primaryimage\"},\"thumbnailUrl\":\"https:\\\/\\\/www.poulithra.org\\\/wp-content\\\/uploads\\\/2019\\\/06\\\/mana.png\",\"datePublished\":\"2019-06-03T20:04:21+00:00\",\"dateModified\":\"2026-04-20T12:44:42+00:00\",\"description\":\"\u0394\u03b5\u03af\u03c4\u03b5 \u03ae \u03ba\u03b1\u03c4\u03b5\u03b2\u03ac\u03c3\u03c4\u03b5 \u03c4\u03bf \u03b1\u03c1\u03c7\u03b5\u03af\u03bf \u03bc\u03b5 \u03c4\u03b7\u03bd \u03c0\u03b5\u03c1\u03b9\u03b3\u03c1\u03b1\u03c6\u03ae \u03c4\u03b7\u03c2 \u03b5\u03be\u03b5\u03c1\u03b5\u03cd\u03bd\u03b7\u03c3\u03b7\u03c2 \u03c4\u03bf\u03c5 \u03c3\u03c0\u03b7\u03bb\u03b1\u03af\u03bf\u03c5 \u03b1\u03c0\u03cc \u0388\u03bb\u03bb\u03b7\u03bd\u03b5\u03c2 \u03ba\u03b1\u03b9 \u0393\u03ac\u03bb\u03bb\u03bf\u03c5\u03c2 \u03c3\u03c0\u03b7\u03bb\u03b1\u03b9\u03bf\u03bb\u03cc\u03b3\u03bf\u03c5\u03c2, \u03c4\u03bf 1975. \u03a4\u03bf \u03c3\u03c0\u03ae\u03bb\u03b1\u03b9\u03bf \\\"\u039c\u03ac\u03bd\u03b1\\\" \u03b2\u03c1\u03af\u03c3\u03ba\u03b5\u03c4\u03b1\u03b9 \u03c3\u03c4\u03bf\",\"breadcrumb\":{\"@id\":\"https:\\\/\\\/www.poulithra.org\\\/spilaio-mana\\\/#breadcrumb\"},\"inLanguage\":\"de\",\"potentialAction\":[{\"@type\":\"ReadAction\",\"target\":[\"https:\\\/\\\/www.poulithra.org\\\/spilaio-mana\\\/\"]}]},{\"@type\":\"ImageObject\",\"inLanguage\":\"de\",\"@id\":\"https:\\\/\\\/www.poulithra.org\\\/spilaio-mana\\\/#primaryimage\",\"url\":\"https:\\\/\\\/www.poulithra.org\\\/wp-content\\\/uploads\\\/2019\\\/06\\\/mana.png\",\"contentUrl\":\"https:\\\/\\\/www.poulithra.org\\\/wp-content\\\/uploads\\\/2019\\\/06\\\/mana.png\",\"width\":1200,\"height\":650},{\"@type\":\"BreadcrumbList\",\"@id\":\"https:\\\/\\\/www.poulithra.org\\\/spilaio-mana\\\/#breadcrumb\",\"itemListElement\":[{\"@type\":\"ListItem\",\"position\":1,\"name\":\"Home\",\"item\":\"https:\\\/\\\/www.poulithra.org\\\/\"},{\"@type\":\"ListItem\",\"position\":2,\"name\":\"\u03a3\u03c0\u03ae\u03bb\u03b1\u03b9\u03bf &#8220;\u039c\u03ac\u03bd\u03b1&#8221;\"}]},{\"@type\":\"WebSite\",\"@id\":\"https:\\\/\\\/www.poulithra.org\\\/#website\",\"url\":\"https:\\\/\\\/www.poulithra.org\\\/\",\"name\":\"\u03a0\u03bf\u03bb\u03af\u03c7\u03bd\u03b7\",\"description\":\"\u03a0\u03bf\u03bb\u03b9\u03c4\u03b9\u03c3\u03c4\u03b9\u03ba\u03cc\u03c2 \u03ba\u03b1\u03b9 \u0395\u03be\u03c9\u03c1\u03b1\u03ca\u03c3\u03c4\u03b9\u03ba\u03cc\u03c2 \u03a3\u03cd\u03bb\u03bb\u03bf\u03b3\u03bf\u03c2 \u0391\u03c0\u03b1\u03bd\u03c4\u03b1\u03c7\u03bf\u03cd \u03a0\u03bf\u03c5\u03bb\u03b9\u03b8\u03c1\u03b9\u03c9\u03c4\u03ce\u03bd\",\"publisher\":{\"@id\":\"https:\\\/\\\/www.poulithra.org\\\/#organization\"},\"potentialAction\":[{\"@type\":\"SearchAction\",\"target\":{\"@type\":\"EntryPoint\",\"urlTemplate\":\"https:\\\/\\\/www.poulithra.org\\\/?s={search_term_string}\"},\"query-input\":{\"@type\":\"PropertyValueSpecification\",\"valueRequired\":true,\"valueName\":\"search_term_string\"}}],\"inLanguage\":\"de\"},{\"@type\":\"Organization\",\"@id\":\"https:\\\/\\\/www.poulithra.org\\\/#organization\",\"name\":\"\u03a3\u03cd\u03bb\u03bb\u03bf\u03b3\u03bf\u03c2 \\\"\u03a0\u03bf\u03bb\u03af\u03c7\u03bd\u03b7\\\"\",\"url\":\"https:\\\/\\\/www.poulithra.org\\\/\",\"logo\":{\"@type\":\"ImageObject\",\"inLanguage\":\"de\",\"@id\":\"https:\\\/\\\/www.poulithra.org\\\/#\\\/schema\\\/logo\\\/image\\\/\",\"url\":\"https:\\\/\\\/www.poulithra.org\\\/wp-content\\\/uploads\\\/2024\\\/06\\\/cropped-Logo-png.png\",\"contentUrl\":\"https:\\\/\\\/www.poulithra.org\\\/wp-content\\\/uploads\\\/2024\\\/06\\\/cropped-Logo-png.png\",\"width\":997,\"height\":1041,\"caption\":\"\u03a3\u03cd\u03bb\u03bb\u03bf\u03b3\u03bf\u03c2 \\\"\u03a0\u03bf\u03bb\u03af\u03c7\u03bd\u03b7\\\"\"},\"image\":{\"@id\":\"https:\\\/\\\/www.poulithra.org\\\/#\\\/schema\\\/logo\\\/image\\\/\"},\"sameAs\":[\"https:\\\/\\\/www.facebook.com\\\/syllogos.polixni\"]}]}<\/script>\n<!-- \/ Yoast SEO plugin. -->","yoast_head_json":{"title":"H\u00f6hle \"Mana\" | Polihni","description":"Siehe oder laden Sie die Datei mit der Beschreibung der Erforschung der H\u00f6hle durch griechische und franz\u00f6sische H\u00f6hlenforscher im Jahr 1975 herunter. Die H\u00f6hle \"Mana\" befindet sich in","robots":{"index":"index","follow":"follow","max-snippet":"max-snippet:-1","max-image-preview":"max-image-preview:large","max-video-preview":"max-video-preview:-1"},"canonical":"https:\/\/www.poulithra.org\/de\/spilaio-mana\/","og_locale":"de_DE","og_type":"article","og_title":"\u03a3\u03c0\u03ae\u03bb\u03b1\u03b9\u03bf \"\u039c\u03ac\u03bd\u03b1\" | \u0397 \u03a0\u03bf\u03bb\u03af\u03c7\u03bd\u03b7","og_description":"\u0394\u03b5\u03af\u03c4\u03b5 \u03ae \u03ba\u03b1\u03c4\u03b5\u03b2\u03ac\u03c3\u03c4\u03b5 \u03c4\u03bf \u03b1\u03c1\u03c7\u03b5\u03af\u03bf \u03bc\u03b5 \u03c4\u03b7\u03bd \u03c0\u03b5\u03c1\u03b9\u03b3\u03c1\u03b1\u03c6\u03ae \u03c4\u03b7\u03c2 \u03b5\u03be\u03b5\u03c1\u03b5\u03cd\u03bd\u03b7\u03c3\u03b7\u03c2 \u03c4\u03bf\u03c5 \u03c3\u03c0\u03b7\u03bb\u03b1\u03af\u03bf\u03c5 \u03b1\u03c0\u03cc \u0388\u03bb\u03bb\u03b7\u03bd\u03b5\u03c2 \u03ba\u03b1\u03b9 \u0393\u03ac\u03bb\u03bb\u03bf\u03c5\u03c2 \u03c3\u03c0\u03b7\u03bb\u03b1\u03b9\u03bf\u03bb\u03cc\u03b3\u03bf\u03c5\u03c2, \u03c4\u03bf 1975. \u03a4\u03bf \u03c3\u03c0\u03ae\u03bb\u03b1\u03b9\u03bf \"\u039c\u03ac\u03bd\u03b1\" \u03b2\u03c1\u03af\u03c3\u03ba\u03b5\u03c4\u03b1\u03b9 \u03c3\u03c4\u03bf","og_url":"https:\/\/www.poulithra.org\/de\/spilaio-mana\/","og_site_name":"\u0397 \u03a0\u03bf\u03bb\u03af\u03c7\u03bd\u03b7","article_publisher":"https:\/\/www.facebook.com\/syllogos.polixni","article_modified_time":"2026-04-20T12:44:42+00:00","og_image":[{"width":1200,"height":650,"url":"https:\/\/www.poulithra.org\/wp-content\/uploads\/2019\/06\/mana.png","type":"image\/png"}],"twitter_card":"summary_large_image","twitter_misc":{"Gesch\u00e4tzte Lesezeit":"2\u00a0Minuten"},"schema":{"@context":"https:\/\/schema.org","@graph":[{"@type":"WebPage","@id":"https:\/\/www.poulithra.org\/spilaio-mana\/","url":"https:\/\/www.poulithra.org\/spilaio-mana\/","name":"H\u00f6hle \"Mana\" | Polihni","isPartOf":{"@id":"https:\/\/www.poulithra.org\/#website"},"primaryImageOfPage":{"@id":"https:\/\/www.poulithra.org\/spilaio-mana\/#primaryimage"},"image":{"@id":"https:\/\/www.poulithra.org\/spilaio-mana\/#primaryimage"},"thumbnailUrl":"https:\/\/www.poulithra.org\/wp-content\/uploads\/2019\/06\/mana.png","datePublished":"2019-06-03T20:04:21+00:00","dateModified":"2026-04-20T12:44:42+00:00","description":"Siehe oder laden Sie die Datei mit der Beschreibung der Erforschung der H\u00f6hle durch griechische und franz\u00f6sische H\u00f6hlenforscher im Jahr 1975 herunter. Die H\u00f6hle \"Mana\" befindet sich in","breadcrumb":{"@id":"https:\/\/www.poulithra.org\/spilaio-mana\/#breadcrumb"},"inLanguage":"de","potentialAction":[{"@type":"ReadAction","target":["https:\/\/www.poulithra.org\/spilaio-mana\/"]}]},{"@type":"ImageObject","inLanguage":"de","@id":"https:\/\/www.poulithra.org\/spilaio-mana\/#primaryimage","url":"https:\/\/www.poulithra.org\/wp-content\/uploads\/2019\/06\/mana.png","contentUrl":"https:\/\/www.poulithra.org\/wp-content\/uploads\/2019\/06\/mana.png","width":1200,"height":650},{"@type":"BreadcrumbList","@id":"https:\/\/www.poulithra.org\/spilaio-mana\/#breadcrumb","itemListElement":[{"@type":"ListItem","position":1,"name":"Home","item":"https:\/\/www.poulithra.org\/"},{"@type":"ListItem","position":2,"name":"\u03a3\u03c0\u03ae\u03bb\u03b1\u03b9\u03bf &#8220;\u039c\u03ac\u03bd\u03b1&#8221;"}]},{"@type":"WebSite","@id":"https:\/\/www.poulithra.org\/#website","url":"https:\/\/www.poulithra.org\/","name":"Polichni","description":"Kultur- und Freizeitverein der Poulithriots","publisher":{"@id":"https:\/\/www.poulithra.org\/#organization"},"potentialAction":[{"@type":"SearchAction","target":{"@type":"EntryPoint","urlTemplate":"https:\/\/www.poulithra.org\/?s={search_term_string}"},"query-input":{"@type":"PropertyValueSpecification","valueRequired":true,"valueName":"search_term_string"}}],"inLanguage":"de"},{"@type":"Organization","@id":"https:\/\/www.poulithra.org\/#organization","name":"Verein \"Polihni\"","url":"https:\/\/www.poulithra.org\/","logo":{"@type":"ImageObject","inLanguage":"de","@id":"https:\/\/www.poulithra.org\/#\/schema\/logo\/image\/","url":"https:\/\/www.poulithra.org\/wp-content\/uploads\/2024\/06\/cropped-Logo-png.png","contentUrl":"https:\/\/www.poulithra.org\/wp-content\/uploads\/2024\/06\/cropped-Logo-png.png","width":997,"height":1041,"caption":"\u03a3\u03cd\u03bb\u03bb\u03bf\u03b3\u03bf\u03c2 \"\u03a0\u03bf\u03bb\u03af\u03c7\u03bd\u03b7\""},"image":{"@id":"https:\/\/www.poulithra.org\/#\/schema\/logo\/image\/"},"sameAs":["https:\/\/www.facebook.com\/syllogos.polixni"]}]}},"_links":{"self":[{"href":"https:\/\/www.poulithra.org\/de\/wp-json\/wp\/v2\/pages\/275","targetHints":{"allow":["GET"]}}],"collection":[{"href":"https:\/\/www.poulithra.org\/de\/wp-json\/wp\/v2\/pages"}],"about":[{"href":"https:\/\/www.poulithra.org\/de\/wp-json\/wp\/v2\/types\/page"}],"author":[{"embeddable":true,"href":"https:\/\/www.poulithra.org\/de\/wp-json\/wp\/v2\/users\/1"}],"replies":[{"embeddable":true,"href":"https:\/\/www.poulithra.org\/de\/wp-json\/wp\/v2\/comments?post=275"}],"version-history":[{"count":23,"href":"https:\/\/www.poulithra.org\/de\/wp-json\/wp\/v2\/pages\/275\/revisions"}],"predecessor-version":[{"id":2214,"href":"https:\/\/www.poulithra.org\/de\/wp-json\/wp\/v2\/pages\/275\/revisions\/2214"}],"wp:featuredmedia":[{"embeddable":true,"href":"https:\/\/www.poulithra.org\/de\/wp-json\/wp\/v2\/media\/643"}],"wp:attachment":[{"href":"https:\/\/www.poulithra.org\/de\/wp-json\/wp\/v2\/media?parent=275"}],"curies":[{"name":"wp","href":"https:\/\/api.w.org\/{rel}","templated":true}]}}