{"id":199,"date":"2019-06-03T12:16:24","date_gmt":"2019-06-03T12:16:24","guid":{"rendered":"http:\/\/www.poulithra.org\/?page_id=199"},"modified":"2026-04-20T14:44:42","modified_gmt":"2026-04-20T12:44:42","slug":"estiasi-anapsychi","status":"publish","type":"page","link":"https:\/\/www.poulithra.org\/de\/estiasi-anapsychi\/","title":{"rendered":"Essen &amp; Freizeit"},"content":{"rendered":"<p>Nachfolgend finden Sie alle Gastronomie- und Freizeiteinrichtungen, die in der Gemeinde Poulithron t\u00e4tig sind:<\/p>\n<ul>\n<li>GONIA, Xerakias Ioannis, 27570.51330<\/li>\n<li>ZAVALIS, Pouletsos Elias, 27570.51341<\/li>\n<li>SMYROS RESORT, Smyros Takis, 27570.51200<\/li>\n<li>KALOPITAS, Xerakias Elias, 27570.51271<\/li>\n<li>MYRTON, Kyrios Panagiotis, 27570.51339<\/li>\n<li>APANEMO, Xerakias Ilias, 2757051271<\/li>\n<li>\n<div id=\"map-infowindow-attr-\u03cc\u03bd\u03bf\u03bc\u03b1-container\" class=\"i4ewOd-TaUzNb-r4nke-haAclf\">\n<div id=\"map-infowindow-attr-\u03cc\u03bd\u03bf\u03bc\u03b1-value\" class=\"i4ewOd-TaUzNb-r4nke i4ewOd-TaUzNb-p83tee-lTBxed\" data-placeholder=\"\u03a7\u03c9\u03c1\u03af\u03c2 \u03c4\u03af\u03c4\u03bb\u03bf\" data-placeholder-class=\"i4ewOd-TaUzNb-p83tee-LwH6nd\" data-column-id=\"str:z4zOvc6\/zrzOsQ==\" data-column-name=\"\u03cc\u03bd\u03bf\u03bc\u03b1\">PIZZA PIAZZA MACARONI, Zacharoula Kontorupi, <span style=\"font-size: inherit; background-color: initial;\">2757051400<\/span><\/div>\n<\/div>\n<\/li>\n<\/ul>\n\n\n<p> Nachstehend finden Sie die Gesamtzahl der Freizeiteinrichtungen in der Gemeinde Poulithron: <\/p>\n\n\n\n<ul class=\"wp-block-list\"><li>Bar \"Apothiki\", Christos Xerakias, 2757051389 <\/li><li>Cafe \"Romanza\", Ioannis Kekes, 2757051269 <\/li><li>Caf\u00e9 \"Paradies\", Kosmas Cheliotis, 2757051395<\/li><li>Caf\u00e9 \"Das Caf\u00e9 der Freude\", Joy Orfanou, 2757051505<\/li><li>Caf\u00e9\/ Taverne \"Pano Nachbarschaft\", Maria Keke, 2757051515<\/li><\/ul>\n\n\n\n<p>* Wenn Sie die oben genannten Informationen \u00e4ndern, hinzuf\u00fcgen oder entfernen m\u00f6chten, wenden Sie sich bitte an&nbsp;<a href=\"https:\/\/www.poulithra.org\/de\/\u03b5\u03c0\u03b9\u03ba\u03bf\u03b9\u03bd\u03c9\u03bd\u03af\u03b1\/\">Kontaktieren Sie uns<\/a>.&nbsp;&nbsp;<\/p>\n\n\n\n<figure><iframe loading=\"lazy\" src=\"https:\/\/www.google.com\/maps\/d\/u\/1\/embed?mid=1vQdrFLU81OS8a1psdzG4A8gj0OtebGxa\" width=\"1200\" height=\"600\"><\/iframe><\/figure>\n\n\n\n<p><\/p>","protected":false},"excerpt":{"rendered":"<p>Nachstehend finden Sie alle Gastronomie- und Freizeiteinrichtungen der Gemeinde Poulithron: GONIA, Xerakias Ioannis, 27570.51330 ZAVALIS, Pouletsos Ilias, 27570.51341 SMYROS RESORT, Smyros Takis, 27570.51200 KALOPITAS, Xerakias Ilias, 27570.51271 MYRTON, Kyrios Panagiotis, 27570.51339 APANEMO, Xerakias Ilias, 2757051271 PIZZA PIAZZA MACARONI, Zacharoula Kontoroupi, 2757051400 Im Folgenden finden Sie eine Liste aller Freizeiteinrichtungen, die in ... <a title=\"Essen &amp; Freizeit\" class=\"read-more\" href=\"https:\/\/www.poulithra.org\/de\/estiasi-anapsychi\/\" aria-label=\"Weitere Informationen \u00fcber Essen &amp; Freizeit\">Mehr lesen<\/a><\/p>","protected":false},"author":1,"featured_media":0,"parent":0,"menu_order":0,"comment_status":"closed","ping_status":"closed","template":"","meta":{"_monsterinsights_skip_tracking":false,"_monsterinsights_sitenote_active":false,"_monsterinsights_sitenote_note":"","_monsterinsights_sitenote_category":0,"footnotes":""},"class_list":["post-199","page","type-page","status-publish"],"yoast_head":"<!-- This site is optimized with the Yoast SEO plugin v27.4 - https:\/\/yoast.com\/product\/yoast-seo-wordpress\/ -->\n<title>\u0395\u03c3\u03c4\u03af\u03b1\u03c3\u03b7 &amp; \u0391\u03bd\u03b1\u03c8\u03c5\u03c7\u03ae | \u0397 \u03a0\u03bf\u03bb\u03af\u03c7\u03bd\u03b7<\/title>\n<meta name=\"description\" content=\"\u03a0\u03b1\u03c1\u03b1\u03ba\u03ac\u03c4\u03c9 \u03bc\u03c0\u03bf\u03c1\u03b5\u03af\u03c4\u03b5 \u03bd\u03b1 \u03b4\u03b5\u03af\u03c4\u03b5 \u03c4\u03bf \u03c3\u03cd\u03bd\u03bf\u03bb\u03bf \u03bc\u03bf\u03bd\u03ac\u03b4\u03c9\u03bd \u03b5\u03c3\u03c4\u03af\u03b1\u03c3\u03b7\u03c2 \u03ba\u03b1\u03b9 \u03b1\u03bd\u03b1\u03c8\u03c5\u03c7\u03ae\u03c2 \u03c0\u03bf\u03c5 \u03b4\u03c1\u03b1\u03c3\u03c4\u03b7\u03c1\u03b9\u03bf\u03c0\u03bf\u03b9\u03bf\u03cd\u03bd\u03c4\u03b1\u03b9 \u03c3\u03c4\u03b7\u03bd \u03a4\u03bf\u03c0\u03b9\u03ba\u03ae \u039a\u03bf\u03b9\u03bd\u03cc\u03c4\u03b7\u03c4\u03b1 \u03a0\u03bf\u03c5\u03bb\u03af\u03b8\u03c1\u03c9\u03bd: \u0393\u03a9\u039d\u0399\u0391, \u039e\u03b5\u03c1\u03b1\u03ba\u03b9\u03ac\u03c2 \u0399\u03c9\u03ac\u03bd\u03bd\u03b7\u03c2,\" \/>\n<meta name=\"robots\" content=\"index, follow, max-snippet:-1, max-image-preview:large, max-video-preview:-1\" \/>\n<link rel=\"canonical\" href=\"https:\/\/www.poulithra.org\/de\/estiasi-anapsychi\/\" \/>\n<meta property=\"og:locale\" content=\"de_DE\" \/>\n<meta property=\"og:type\" content=\"article\" \/>\n<meta property=\"og:title\" content=\"\u0395\u03c3\u03c4\u03af\u03b1\u03c3\u03b7 &amp; \u0391\u03bd\u03b1\u03c8\u03c5\u03c7\u03ae | \u0397 \u03a0\u03bf\u03bb\u03af\u03c7\u03bd\u03b7\" \/>\n<meta property=\"og:description\" content=\"\u03a0\u03b1\u03c1\u03b1\u03ba\u03ac\u03c4\u03c9 \u03bc\u03c0\u03bf\u03c1\u03b5\u03af\u03c4\u03b5 \u03bd\u03b1 \u03b4\u03b5\u03af\u03c4\u03b5 \u03c4\u03bf \u03c3\u03cd\u03bd\u03bf\u03bb\u03bf \u03bc\u03bf\u03bd\u03ac\u03b4\u03c9\u03bd \u03b5\u03c3\u03c4\u03af\u03b1\u03c3\u03b7\u03c2 \u03ba\u03b1\u03b9 \u03b1\u03bd\u03b1\u03c8\u03c5\u03c7\u03ae\u03c2 \u03c0\u03bf\u03c5 \u03b4\u03c1\u03b1\u03c3\u03c4\u03b7\u03c1\u03b9\u03bf\u03c0\u03bf\u03b9\u03bf\u03cd\u03bd\u03c4\u03b1\u03b9 \u03c3\u03c4\u03b7\u03bd \u03a4\u03bf\u03c0\u03b9\u03ba\u03ae \u039a\u03bf\u03b9\u03bd\u03cc\u03c4\u03b7\u03c4\u03b1 \u03a0\u03bf\u03c5\u03bb\u03af\u03b8\u03c1\u03c9\u03bd: \u0393\u03a9\u039d\u0399\u0391, \u039e\u03b5\u03c1\u03b1\u03ba\u03b9\u03ac\u03c2 \u0399\u03c9\u03ac\u03bd\u03bd\u03b7\u03c2,\" \/>\n<meta property=\"og:url\" content=\"https:\/\/www.poulithra.org\/de\/estiasi-anapsychi\/\" \/>\n<meta property=\"og:site_name\" content=\"\u0397 \u03a0\u03bf\u03bb\u03af\u03c7\u03bd\u03b7\" \/>\n<meta property=\"article:publisher\" content=\"https:\/\/www.facebook.com\/syllogos.polixni\" \/>\n<meta property=\"article:modified_time\" content=\"2026-04-20T12:44:42+00:00\" \/>\n<meta name=\"twitter:card\" content=\"summary_large_image\" \/>\n<meta name=\"twitter:label1\" content=\"Gesch\u00e4tzte Lesezeit\" \/>\n\t<meta name=\"twitter:data1\" content=\"1\u00a0Minute\" \/>\n<script type=\"application\/ld+json\" class=\"yoast-schema-graph\">{\"@context\":\"https:\\\/\\\/schema.org\",\"@graph\":[{\"@type\":\"WebPage\",\"@id\":\"https:\\\/\\\/www.poulithra.org\\\/estiasi-anapsychi\\\/\",\"url\":\"https:\\\/\\\/www.poulithra.org\\\/estiasi-anapsychi\\\/\",\"name\":\"\u0395\u03c3\u03c4\u03af\u03b1\u03c3\u03b7 & \u0391\u03bd\u03b1\u03c8\u03c5\u03c7\u03ae | \u0397 \u03a0\u03bf\u03bb\u03af\u03c7\u03bd\u03b7\",\"isPartOf\":{\"@id\":\"https:\\\/\\\/www.poulithra.org\\\/#website\"},\"datePublished\":\"2019-06-03T12:16:24+00:00\",\"dateModified\":\"2026-04-20T12:44:42+00:00\",\"description\":\"\u03a0\u03b1\u03c1\u03b1\u03ba\u03ac\u03c4\u03c9 \u03bc\u03c0\u03bf\u03c1\u03b5\u03af\u03c4\u03b5 \u03bd\u03b1 \u03b4\u03b5\u03af\u03c4\u03b5 \u03c4\u03bf \u03c3\u03cd\u03bd\u03bf\u03bb\u03bf \u03bc\u03bf\u03bd\u03ac\u03b4\u03c9\u03bd \u03b5\u03c3\u03c4\u03af\u03b1\u03c3\u03b7\u03c2 \u03ba\u03b1\u03b9 \u03b1\u03bd\u03b1\u03c8\u03c5\u03c7\u03ae\u03c2 \u03c0\u03bf\u03c5 \u03b4\u03c1\u03b1\u03c3\u03c4\u03b7\u03c1\u03b9\u03bf\u03c0\u03bf\u03b9\u03bf\u03cd\u03bd\u03c4\u03b1\u03b9 \u03c3\u03c4\u03b7\u03bd \u03a4\u03bf\u03c0\u03b9\u03ba\u03ae \u039a\u03bf\u03b9\u03bd\u03cc\u03c4\u03b7\u03c4\u03b1 \u03a0\u03bf\u03c5\u03bb\u03af\u03b8\u03c1\u03c9\u03bd: \u0393\u03a9\u039d\u0399\u0391, \u039e\u03b5\u03c1\u03b1\u03ba\u03b9\u03ac\u03c2 \u0399\u03c9\u03ac\u03bd\u03bd\u03b7\u03c2,\",\"breadcrumb\":{\"@id\":\"https:\\\/\\\/www.poulithra.org\\\/estiasi-anapsychi\\\/#breadcrumb\"},\"inLanguage\":\"de\",\"potentialAction\":[{\"@type\":\"ReadAction\",\"target\":[\"https:\\\/\\\/www.poulithra.org\\\/estiasi-anapsychi\\\/\"]}]},{\"@type\":\"BreadcrumbList\",\"@id\":\"https:\\\/\\\/www.poulithra.org\\\/estiasi-anapsychi\\\/#breadcrumb\",\"itemListElement\":[{\"@type\":\"ListItem\",\"position\":1,\"name\":\"Home\",\"item\":\"https:\\\/\\\/www.poulithra.org\\\/\"},{\"@type\":\"ListItem\",\"position\":2,\"name\":\"\u0395\u03c3\u03c4\u03af\u03b1\u03c3\u03b7 &#038; \u0391\u03bd\u03b1\u03c8\u03c5\u03c7\u03ae\"}]},{\"@type\":\"WebSite\",\"@id\":\"https:\\\/\\\/www.poulithra.org\\\/#website\",\"url\":\"https:\\\/\\\/www.poulithra.org\\\/\",\"name\":\"\u03a0\u03bf\u03bb\u03af\u03c7\u03bd\u03b7\",\"description\":\"\u03a0\u03bf\u03bb\u03b9\u03c4\u03b9\u03c3\u03c4\u03b9\u03ba\u03cc\u03c2 \u03ba\u03b1\u03b9 \u0395\u03be\u03c9\u03c1\u03b1\u03ca\u03c3\u03c4\u03b9\u03ba\u03cc\u03c2 \u03a3\u03cd\u03bb\u03bb\u03bf\u03b3\u03bf\u03c2 \u0391\u03c0\u03b1\u03bd\u03c4\u03b1\u03c7\u03bf\u03cd \u03a0\u03bf\u03c5\u03bb\u03b9\u03b8\u03c1\u03b9\u03c9\u03c4\u03ce\u03bd\",\"publisher\":{\"@id\":\"https:\\\/\\\/www.poulithra.org\\\/#organization\"},\"potentialAction\":[{\"@type\":\"SearchAction\",\"target\":{\"@type\":\"EntryPoint\",\"urlTemplate\":\"https:\\\/\\\/www.poulithra.org\\\/?s={search_term_string}\"},\"query-input\":{\"@type\":\"PropertyValueSpecification\",\"valueRequired\":true,\"valueName\":\"search_term_string\"}}],\"inLanguage\":\"de\"},{\"@type\":\"Organization\",\"@id\":\"https:\\\/\\\/www.poulithra.org\\\/#organization\",\"name\":\"\u03a3\u03cd\u03bb\u03bb\u03bf\u03b3\u03bf\u03c2 \\\"\u03a0\u03bf\u03bb\u03af\u03c7\u03bd\u03b7\\\"\",\"url\":\"https:\\\/\\\/www.poulithra.org\\\/\",\"logo\":{\"@type\":\"ImageObject\",\"inLanguage\":\"de\",\"@id\":\"https:\\\/\\\/www.poulithra.org\\\/#\\\/schema\\\/logo\\\/image\\\/\",\"url\":\"https:\\\/\\\/www.poulithra.org\\\/wp-content\\\/uploads\\\/2024\\\/06\\\/cropped-Logo-png.png\",\"contentUrl\":\"https:\\\/\\\/www.poulithra.org\\\/wp-content\\\/uploads\\\/2024\\\/06\\\/cropped-Logo-png.png\",\"width\":997,\"height\":1041,\"caption\":\"\u03a3\u03cd\u03bb\u03bb\u03bf\u03b3\u03bf\u03c2 \\\"\u03a0\u03bf\u03bb\u03af\u03c7\u03bd\u03b7\\\"\"},\"image\":{\"@id\":\"https:\\\/\\\/www.poulithra.org\\\/#\\\/schema\\\/logo\\\/image\\\/\"},\"sameAs\":[\"https:\\\/\\\/www.facebook.com\\\/syllogos.polixni\"]}]}<\/script>\n<!-- \/ Yoast SEO plugin. -->","yoast_head_json":{"title":"Essen &amp; Freizeit | Polihni","description":"Nachfolgend sehen Sie alle Gastronomie- und Freizeiteinrichtungen, die in der Gemeinde Poulithron t\u00e4tig sind: GONIA, Xerakias Ioannis,","robots":{"index":"index","follow":"follow","max-snippet":"max-snippet:-1","max-image-preview":"max-image-preview:large","max-video-preview":"max-video-preview:-1"},"canonical":"https:\/\/www.poulithra.org\/de\/estiasi-anapsychi\/","og_locale":"de_DE","og_type":"article","og_title":"\u0395\u03c3\u03c4\u03af\u03b1\u03c3\u03b7 & \u0391\u03bd\u03b1\u03c8\u03c5\u03c7\u03ae | \u0397 \u03a0\u03bf\u03bb\u03af\u03c7\u03bd\u03b7","og_description":"\u03a0\u03b1\u03c1\u03b1\u03ba\u03ac\u03c4\u03c9 \u03bc\u03c0\u03bf\u03c1\u03b5\u03af\u03c4\u03b5 \u03bd\u03b1 \u03b4\u03b5\u03af\u03c4\u03b5 \u03c4\u03bf \u03c3\u03cd\u03bd\u03bf\u03bb\u03bf \u03bc\u03bf\u03bd\u03ac\u03b4\u03c9\u03bd \u03b5\u03c3\u03c4\u03af\u03b1\u03c3\u03b7\u03c2 \u03ba\u03b1\u03b9 \u03b1\u03bd\u03b1\u03c8\u03c5\u03c7\u03ae\u03c2 \u03c0\u03bf\u03c5 \u03b4\u03c1\u03b1\u03c3\u03c4\u03b7\u03c1\u03b9\u03bf\u03c0\u03bf\u03b9\u03bf\u03cd\u03bd\u03c4\u03b1\u03b9 \u03c3\u03c4\u03b7\u03bd \u03a4\u03bf\u03c0\u03b9\u03ba\u03ae \u039a\u03bf\u03b9\u03bd\u03cc\u03c4\u03b7\u03c4\u03b1 \u03a0\u03bf\u03c5\u03bb\u03af\u03b8\u03c1\u03c9\u03bd: \u0393\u03a9\u039d\u0399\u0391, \u039e\u03b5\u03c1\u03b1\u03ba\u03b9\u03ac\u03c2 \u0399\u03c9\u03ac\u03bd\u03bd\u03b7\u03c2,","og_url":"https:\/\/www.poulithra.org\/de\/estiasi-anapsychi\/","og_site_name":"\u0397 \u03a0\u03bf\u03bb\u03af\u03c7\u03bd\u03b7","article_publisher":"https:\/\/www.facebook.com\/syllogos.polixni","article_modified_time":"2026-04-20T12:44:42+00:00","twitter_card":"summary_large_image","twitter_misc":{"Gesch\u00e4tzte Lesezeit":"1\u00a0Minute"},"schema":{"@context":"https:\/\/schema.org","@graph":[{"@type":"WebPage","@id":"https:\/\/www.poulithra.org\/estiasi-anapsychi\/","url":"https:\/\/www.poulithra.org\/estiasi-anapsychi\/","name":"Essen &amp; Freizeit | Polihni","isPartOf":{"@id":"https:\/\/www.poulithra.org\/#website"},"datePublished":"2019-06-03T12:16:24+00:00","dateModified":"2026-04-20T12:44:42+00:00","description":"Nachfolgend sehen Sie alle Gastronomie- und Freizeiteinrichtungen, die in der Gemeinde Poulithron t\u00e4tig sind: GONIA, Xerakias Ioannis,","breadcrumb":{"@id":"https:\/\/www.poulithra.org\/estiasi-anapsychi\/#breadcrumb"},"inLanguage":"de","potentialAction":[{"@type":"ReadAction","target":["https:\/\/www.poulithra.org\/estiasi-anapsychi\/"]}]},{"@type":"BreadcrumbList","@id":"https:\/\/www.poulithra.org\/estiasi-anapsychi\/#breadcrumb","itemListElement":[{"@type":"ListItem","position":1,"name":"Home","item":"https:\/\/www.poulithra.org\/"},{"@type":"ListItem","position":2,"name":"\u0395\u03c3\u03c4\u03af\u03b1\u03c3\u03b7 &#038; \u0391\u03bd\u03b1\u03c8\u03c5\u03c7\u03ae"}]},{"@type":"WebSite","@id":"https:\/\/www.poulithra.org\/#website","url":"https:\/\/www.poulithra.org\/","name":"Polichni","description":"Kultur- und Freizeitverein der Poulithriots","publisher":{"@id":"https:\/\/www.poulithra.org\/#organization"},"potentialAction":[{"@type":"SearchAction","target":{"@type":"EntryPoint","urlTemplate":"https:\/\/www.poulithra.org\/?s={search_term_string}"},"query-input":{"@type":"PropertyValueSpecification","valueRequired":true,"valueName":"search_term_string"}}],"inLanguage":"de"},{"@type":"Organization","@id":"https:\/\/www.poulithra.org\/#organization","name":"Verein \"Polihni\"","url":"https:\/\/www.poulithra.org\/","logo":{"@type":"ImageObject","inLanguage":"de","@id":"https:\/\/www.poulithra.org\/#\/schema\/logo\/image\/","url":"https:\/\/www.poulithra.org\/wp-content\/uploads\/2024\/06\/cropped-Logo-png.png","contentUrl":"https:\/\/www.poulithra.org\/wp-content\/uploads\/2024\/06\/cropped-Logo-png.png","width":997,"height":1041,"caption":"\u03a3\u03cd\u03bb\u03bb\u03bf\u03b3\u03bf\u03c2 \"\u03a0\u03bf\u03bb\u03af\u03c7\u03bd\u03b7\""},"image":{"@id":"https:\/\/www.poulithra.org\/#\/schema\/logo\/image\/"},"sameAs":["https:\/\/www.facebook.com\/syllogos.polixni"]}]}},"_links":{"self":[{"href":"https:\/\/www.poulithra.org\/de\/wp-json\/wp\/v2\/pages\/199","targetHints":{"allow":["GET"]}}],"collection":[{"href":"https:\/\/www.poulithra.org\/de\/wp-json\/wp\/v2\/pages"}],"about":[{"href":"https:\/\/www.poulithra.org\/de\/wp-json\/wp\/v2\/types\/page"}],"author":[{"embeddable":true,"href":"https:\/\/www.poulithra.org\/de\/wp-json\/wp\/v2\/users\/1"}],"replies":[{"embeddable":true,"href":"https:\/\/www.poulithra.org\/de\/wp-json\/wp\/v2\/comments?post=199"}],"version-history":[{"count":11,"href":"https:\/\/www.poulithra.org\/de\/wp-json\/wp\/v2\/pages\/199\/revisions"}],"predecessor-version":[{"id":1607,"href":"https:\/\/www.poulithra.org\/de\/wp-json\/wp\/v2\/pages\/199\/revisions\/1607"}],"wp:attachment":[{"href":"https:\/\/www.poulithra.org\/de\/wp-json\/wp\/v2\/media?parent=199"}],"curies":[{"name":"wp","href":"https:\/\/api.w.org\/{rel}","templated":true}]}}