{"id":197,"date":"2019-06-03T12:14:59","date_gmt":"2019-06-03T12:14:59","guid":{"rendered":"http:\/\/www.poulithra.org\/?page_id=197"},"modified":"2026-04-20T14:44:42","modified_gmt":"2026-04-20T12:44:42","slug":"diamoni","status":"publish","type":"page","link":"https:\/\/www.poulithra.org\/de\/diamoni\/","title":{"rendered":"Unterkunft"},"content":{"rendered":"<p>Unten sehen Sie alle Hotels und Appartements, die in der Gemeinde Poulithron vermietet werden:<\/p>\n<p><strong>Hotels<br \/><\/strong><\/p>\n<ul>\n<li><strong><a href=\"http:\/\/www.patelishotel.gr\/\" target=\"_blank\" rel=\"noopener noreferrer\">HOTEL PATELIS<\/a>,<\/strong> Konstantinos Patelis, 2757023106<\/li>\n<li><strong><a href=\"http:\/\/www.smyrosresort.gr\/\" target=\"_blank\" rel=\"noopener noreferrer\">SMYROS RESORT<\/a>,<\/strong> Smyros Panagiotis, 2757051200<\/li>\n<li><strong><a href=\"http:\/\/www.byzantinonhotel.gr\/\" target=\"_blank\" rel=\"noopener noreferrer\">BYZANTINO<\/a>,<\/strong> George Krittsidimas, 2757051220<\/li>\n<li><strong><a href=\"http:\/\/www.polixni.com\/\" target=\"_blank\" rel=\"noopener noreferrer\">POLITIK<\/a>,<\/strong> Kompogiorgas Georgios, 2757051264<\/li>\n<\/ul>\n<p><strong>Zimmer &amp; Wohnungen zur Miete<\/strong><\/p>\n<ul>\n<li><strong><a href=\"http:\/\/www.alexandraki.gr\" target=\"_blank\" rel=\"noopener noreferrer\">Alexandraki Zimmer<\/a><\/strong>, Efi Alexandraki, 2757051484<\/li>\n<li><a href=\"http:\/\/www.coral-poulithra.gr\" target=\"_blank\" rel=\"noopener noreferrer\"><strong>Korallen-Wohnungen<\/strong><\/a>, Moschovitis Ioannis, 6939051751<\/li>\n<li><strong><a href=\"http:\/\/www.haus-katerina.gr\/\" target=\"_blank\" rel=\"noopener noreferrer\">KATERINA-HAUS<\/a>,<\/strong> Orphanos Anastasios, 2757051343<\/li>\n<li><strong><a href=\"https:\/\/www.booking.com\/hotel\/gr\/light-blue-house-1.el.html\" target=\"_blank\" rel=\"noopener noreferrer\">hellblau<\/a><\/strong>, Tsebelis Panagiotis, 6945545244<\/li>\n<li><strong><a href=\"http:\/\/ntaskas-apartments.gr\/\" target=\"_blank\" rel=\"noopener noreferrer\">Ntaskas Wohnungen<\/a>, <\/strong>Daskas Panagiotis, 2104110456<\/li>\n<li><strong><a href=\"http:\/\/www.poulithrabeachapartments.gr\/\" target=\"_blank\" rel=\"noopener noreferrer\">POULITHRA STRAND<\/a>,<\/strong> Nikos Spanoudakis, 2757051325<\/li>\n<li><strong><a href=\"https:\/\/rentouliaapartments.business.site\/\" target=\"_blank\" rel=\"noopener noreferrer\">Rentoulia Wohnung<\/a>s, <\/strong>Redoulia Sophia, 2757051301<\/li>\n<li><strong><a href=\"mailto:romanzarooms@gmail.com\">Romanza Zimmer<\/a>,<\/strong> Kekes Ioannis, 2757051269\/ 6932485300<\/li>\n<li><strong><a href=\"http:\/\/tramontana.gr\/\" target=\"_blank\" rel=\"noopener noreferrer\">TRAMONTANA<\/a><\/strong>, 27570.51390<\/li>\n<li><strong><a href=\"http:\/\/www.elaiwnas.gr\/\" target=\"_blank\" rel=\"noopener noreferrer\">ELAIONAS<\/a><\/strong>, Keke Panagiota, 2757051206 \/ 6932586964<\/li>\n<li><strong><a href=\"http:\/\/www.kyma-poulithra.gr\/\" target=\"_blank\" rel=\"noopener noreferrer\">KYMA<\/a>,<\/strong> George Kontorouroupis, 2757051250<\/li>\n<li><a href=\"https:\/\/avra-apartments.gr\/\" target=\"_blank\" rel=\"noopener noreferrer\"><strong>Wohnungen AYRA<\/strong><\/a>, Kontorouroupi Angeliki, 2757051525, 6972153186<\/li>\n<li><a href=\"http:\/\/www.filyra-xenonas.gr\/\" target=\"_blank\" rel=\"noopener noreferrer\"><strong>PHILYRA,\u00a0<\/strong><\/a>Pouletsou Chrysa, 6972051831, 6972024858<\/li>\n<li><strong>Alexandrakis<\/strong> Panagiotis, 2757051242<\/li>\n<li><strong>Antoniou<\/strong> George, 2757051351<\/li>\n<li><strong>Katti<\/strong> Catherine, 2757051248<\/li>\n<li><strong>Katti<\/strong> Dimitrios, 2757051404<\/li>\n<li><strong>Moskowiter<\/strong> Panagiotis 6932039694<\/li>\n<\/ul>\n<p>* Wenn Sie die oben genannten Informationen \u00e4ndern, hinzuf\u00fcgen oder entfernen m\u00f6chten, wenden Sie sich bitte an <a href=\"https:\/\/www.poulithra.org\/de\/\u03b5\u03c0\u03b9\u03ba\u03bf\u03b9\u03bd\u03c9\u03bd\u03af\u03b1\/\">Kontaktieren Sie uns<\/a>.\u00a0\u00a0<\/p>\n\n\n<figure><iframe loading=\"lazy\" src=\"https:\/\/www.google.com\/maps\/d\/u\/3\/embed?mid=1vQdrFLU81OS8a1psdzG4A8gj0OtebGxa\" width=\"1200\" height=\"600\"><\/iframe><\/figure>","protected":false},"excerpt":{"rendered":"<p>Unten sehen Sie alle Hotels und Appartements, die in der Gemeinde Poulithron vermietet werden: HOTEL PATELIS, Patelis Konstantinos, 2757023106 SMYROS RESORT, Smyros Panagiotis, 2757051200 BYZANTINON, Kritsidimas Georgios, 2757051220 POLICHNI, Kompogiorgas Georgios, 2757051264 Alexandraki Rooms &amp; Apartments, Efi Alexandraki Rooms, 2757051484 Coral Apartments, Moschovitis Ioannis, 6939051751 HAUS KATERINA, Orfanos Anastasios, ... <a title=\"Unterkunft\" class=\"read-more\" href=\"https:\/\/www.poulithra.org\/de\/diamoni\/\" aria-label=\"Mehr Informationen \u00fcber \u0394\u03b9\u03b1\u03bc\u03bf\u03bd\u03ae\">Mehr lesen<\/a><\/p>","protected":false},"author":1,"featured_media":0,"parent":0,"menu_order":0,"comment_status":"closed","ping_status":"closed","template":"","meta":{"_monsterinsights_skip_tracking":false,"_monsterinsights_sitenote_active":false,"_monsterinsights_sitenote_note":"","_monsterinsights_sitenote_category":0,"footnotes":""},"class_list":["post-197","page","type-page","status-publish"],"yoast_head":"<!-- This site is optimized with the Yoast SEO plugin v27.4 - https:\/\/yoast.com\/product\/yoast-seo-wordpress\/ -->\n<title>\u0394\u03b9\u03b1\u03bc\u03bf\u03bd\u03ae | \u0397 \u03a0\u03bf\u03bb\u03af\u03c7\u03bd\u03b7<\/title>\n<meta name=\"description\" content=\"\u03a0\u03b1\u03c1\u03b1\u03ba\u03ac\u03c4\u03c9 \u03bc\u03c0\u03bf\u03c1\u03b5\u03af\u03c4\u03b5 \u03bd\u03b1 \u03b4\u03b5\u03af\u03c4\u03b5 \u03c4\u03bf \u03c3\u03cd\u03bd\u03bf\u03bb\u03bf \u03c4\u03c9\u03bd \u03be\u03b5\u03bd\u03bf\u03b4\u03bf\u03c7\u03b5\u03af\u03c9\u03bd \u03ba\u03b1\u03b9 \u03c4\u03c9\u03bd \u03b5\u03bd\u03bf\u03b9\u03ba\u03b9\u03b1\u03b6\u03cc\u03bc\u03b5\u03bd\u03c9\u03bd \u03b4\u03b9\u03b1\u03bc\u03b5\u03c1\u03b9\u03c3\u03bc\u03ac\u03c4\u03c9\u03bd \u03c0\u03bf\u03c5 \u03b4\u03c1\u03b1\u03c3\u03c4\u03b7\u03c1\u03b9\u03bf\u03c0\u03bf\u03b9\u03bf\u03cd\u03bd\u03c4\u03b1\u03b9 \u03c3\u03c4\u03b7\u03bd \u03a4\u03bf\u03c0\u03b9\u03ba\u03ae \u039a\u03bf\u03b9\u03bd\u03cc\u03c4\u03b7\u03c4\u03b1 \u03a0\u03bf\u03c5\u03bb\u03af\u03b8\u03c1\u03c9\u03bd:\" \/>\n<meta name=\"robots\" content=\"index, follow, max-snippet:-1, max-image-preview:large, max-video-preview:-1\" \/>\n<link rel=\"canonical\" href=\"https:\/\/www.poulithra.org\/de\/diamoni\/\" \/>\n<meta property=\"og:locale\" content=\"de_DE\" \/>\n<meta property=\"og:type\" content=\"article\" \/>\n<meta property=\"og:title\" content=\"\u0394\u03b9\u03b1\u03bc\u03bf\u03bd\u03ae | \u0397 \u03a0\u03bf\u03bb\u03af\u03c7\u03bd\u03b7\" \/>\n<meta property=\"og:description\" content=\"\u03a0\u03b1\u03c1\u03b1\u03ba\u03ac\u03c4\u03c9 \u03bc\u03c0\u03bf\u03c1\u03b5\u03af\u03c4\u03b5 \u03bd\u03b1 \u03b4\u03b5\u03af\u03c4\u03b5 \u03c4\u03bf \u03c3\u03cd\u03bd\u03bf\u03bb\u03bf \u03c4\u03c9\u03bd \u03be\u03b5\u03bd\u03bf\u03b4\u03bf\u03c7\u03b5\u03af\u03c9\u03bd \u03ba\u03b1\u03b9 \u03c4\u03c9\u03bd \u03b5\u03bd\u03bf\u03b9\u03ba\u03b9\u03b1\u03b6\u03cc\u03bc\u03b5\u03bd\u03c9\u03bd \u03b4\u03b9\u03b1\u03bc\u03b5\u03c1\u03b9\u03c3\u03bc\u03ac\u03c4\u03c9\u03bd \u03c0\u03bf\u03c5 \u03b4\u03c1\u03b1\u03c3\u03c4\u03b7\u03c1\u03b9\u03bf\u03c0\u03bf\u03b9\u03bf\u03cd\u03bd\u03c4\u03b1\u03b9 \u03c3\u03c4\u03b7\u03bd \u03a4\u03bf\u03c0\u03b9\u03ba\u03ae \u039a\u03bf\u03b9\u03bd\u03cc\u03c4\u03b7\u03c4\u03b1 \u03a0\u03bf\u03c5\u03bb\u03af\u03b8\u03c1\u03c9\u03bd:\" \/>\n<meta property=\"og:url\" content=\"https:\/\/www.poulithra.org\/de\/diamoni\/\" \/>\n<meta property=\"og:site_name\" content=\"\u0397 \u03a0\u03bf\u03bb\u03af\u03c7\u03bd\u03b7\" \/>\n<meta property=\"article:publisher\" content=\"https:\/\/www.facebook.com\/syllogos.polixni\" \/>\n<meta property=\"article:modified_time\" content=\"2026-04-20T12:44:42+00:00\" \/>\n<meta name=\"twitter:card\" content=\"summary_large_image\" \/>\n<script type=\"application\/ld+json\" class=\"yoast-schema-graph\">{\"@context\":\"https:\\\/\\\/schema.org\",\"@graph\":[{\"@type\":\"WebPage\",\"@id\":\"https:\\\/\\\/www.poulithra.org\\\/diamoni\\\/\",\"url\":\"https:\\\/\\\/www.poulithra.org\\\/diamoni\\\/\",\"name\":\"\u0394\u03b9\u03b1\u03bc\u03bf\u03bd\u03ae | \u0397 \u03a0\u03bf\u03bb\u03af\u03c7\u03bd\u03b7\",\"isPartOf\":{\"@id\":\"https:\\\/\\\/www.poulithra.org\\\/#website\"},\"datePublished\":\"2019-06-03T12:14:59+00:00\",\"dateModified\":\"2026-04-20T12:44:42+00:00\",\"description\":\"\u03a0\u03b1\u03c1\u03b1\u03ba\u03ac\u03c4\u03c9 \u03bc\u03c0\u03bf\u03c1\u03b5\u03af\u03c4\u03b5 \u03bd\u03b1 \u03b4\u03b5\u03af\u03c4\u03b5 \u03c4\u03bf \u03c3\u03cd\u03bd\u03bf\u03bb\u03bf \u03c4\u03c9\u03bd \u03be\u03b5\u03bd\u03bf\u03b4\u03bf\u03c7\u03b5\u03af\u03c9\u03bd \u03ba\u03b1\u03b9 \u03c4\u03c9\u03bd \u03b5\u03bd\u03bf\u03b9\u03ba\u03b9\u03b1\u03b6\u03cc\u03bc\u03b5\u03bd\u03c9\u03bd \u03b4\u03b9\u03b1\u03bc\u03b5\u03c1\u03b9\u03c3\u03bc\u03ac\u03c4\u03c9\u03bd \u03c0\u03bf\u03c5 \u03b4\u03c1\u03b1\u03c3\u03c4\u03b7\u03c1\u03b9\u03bf\u03c0\u03bf\u03b9\u03bf\u03cd\u03bd\u03c4\u03b1\u03b9 \u03c3\u03c4\u03b7\u03bd \u03a4\u03bf\u03c0\u03b9\u03ba\u03ae \u039a\u03bf\u03b9\u03bd\u03cc\u03c4\u03b7\u03c4\u03b1 \u03a0\u03bf\u03c5\u03bb\u03af\u03b8\u03c1\u03c9\u03bd:\",\"breadcrumb\":{\"@id\":\"https:\\\/\\\/www.poulithra.org\\\/diamoni\\\/#breadcrumb\"},\"inLanguage\":\"de\",\"potentialAction\":[{\"@type\":\"ReadAction\",\"target\":[\"https:\\\/\\\/www.poulithra.org\\\/diamoni\\\/\"]}]},{\"@type\":\"BreadcrumbList\",\"@id\":\"https:\\\/\\\/www.poulithra.org\\\/diamoni\\\/#breadcrumb\",\"itemListElement\":[{\"@type\":\"ListItem\",\"position\":1,\"name\":\"Home\",\"item\":\"https:\\\/\\\/www.poulithra.org\\\/\"},{\"@type\":\"ListItem\",\"position\":2,\"name\":\"\u0394\u03b9\u03b1\u03bc\u03bf\u03bd\u03ae\"}]},{\"@type\":\"WebSite\",\"@id\":\"https:\\\/\\\/www.poulithra.org\\\/#website\",\"url\":\"https:\\\/\\\/www.poulithra.org\\\/\",\"name\":\"\u03a0\u03bf\u03bb\u03af\u03c7\u03bd\u03b7\",\"description\":\"\u03a0\u03bf\u03bb\u03b9\u03c4\u03b9\u03c3\u03c4\u03b9\u03ba\u03cc\u03c2 \u03ba\u03b1\u03b9 \u0395\u03be\u03c9\u03c1\u03b1\u03ca\u03c3\u03c4\u03b9\u03ba\u03cc\u03c2 \u03a3\u03cd\u03bb\u03bb\u03bf\u03b3\u03bf\u03c2 \u0391\u03c0\u03b1\u03bd\u03c4\u03b1\u03c7\u03bf\u03cd \u03a0\u03bf\u03c5\u03bb\u03b9\u03b8\u03c1\u03b9\u03c9\u03c4\u03ce\u03bd\",\"publisher\":{\"@id\":\"https:\\\/\\\/www.poulithra.org\\\/#organization\"},\"potentialAction\":[{\"@type\":\"SearchAction\",\"target\":{\"@type\":\"EntryPoint\",\"urlTemplate\":\"https:\\\/\\\/www.poulithra.org\\\/?s={search_term_string}\"},\"query-input\":{\"@type\":\"PropertyValueSpecification\",\"valueRequired\":true,\"valueName\":\"search_term_string\"}}],\"inLanguage\":\"de\"},{\"@type\":\"Organization\",\"@id\":\"https:\\\/\\\/www.poulithra.org\\\/#organization\",\"name\":\"\u03a3\u03cd\u03bb\u03bb\u03bf\u03b3\u03bf\u03c2 \\\"\u03a0\u03bf\u03bb\u03af\u03c7\u03bd\u03b7\\\"\",\"url\":\"https:\\\/\\\/www.poulithra.org\\\/\",\"logo\":{\"@type\":\"ImageObject\",\"inLanguage\":\"de\",\"@id\":\"https:\\\/\\\/www.poulithra.org\\\/#\\\/schema\\\/logo\\\/image\\\/\",\"url\":\"https:\\\/\\\/www.poulithra.org\\\/wp-content\\\/uploads\\\/2024\\\/06\\\/cropped-Logo-png.png\",\"contentUrl\":\"https:\\\/\\\/www.poulithra.org\\\/wp-content\\\/uploads\\\/2024\\\/06\\\/cropped-Logo-png.png\",\"width\":997,\"height\":1041,\"caption\":\"\u03a3\u03cd\u03bb\u03bb\u03bf\u03b3\u03bf\u03c2 \\\"\u03a0\u03bf\u03bb\u03af\u03c7\u03bd\u03b7\\\"\"},\"image\":{\"@id\":\"https:\\\/\\\/www.poulithra.org\\\/#\\\/schema\\\/logo\\\/image\\\/\"},\"sameAs\":[\"https:\\\/\\\/www.facebook.com\\\/syllogos.polixni\"]}]}<\/script>\n<!-- \/ Yoast SEO plugin. -->","yoast_head_json":{"title":"Unterkunft | Die Polihni","description":"Unten sehen Sie alle Hotels und Appartements, die in der Gemeinde Poulithron vermietet werden:","robots":{"index":"index","follow":"follow","max-snippet":"max-snippet:-1","max-image-preview":"max-image-preview:large","max-video-preview":"max-video-preview:-1"},"canonical":"https:\/\/www.poulithra.org\/de\/diamoni\/","og_locale":"de_DE","og_type":"article","og_title":"\u0394\u03b9\u03b1\u03bc\u03bf\u03bd\u03ae | \u0397 \u03a0\u03bf\u03bb\u03af\u03c7\u03bd\u03b7","og_description":"\u03a0\u03b1\u03c1\u03b1\u03ba\u03ac\u03c4\u03c9 \u03bc\u03c0\u03bf\u03c1\u03b5\u03af\u03c4\u03b5 \u03bd\u03b1 \u03b4\u03b5\u03af\u03c4\u03b5 \u03c4\u03bf \u03c3\u03cd\u03bd\u03bf\u03bb\u03bf \u03c4\u03c9\u03bd \u03be\u03b5\u03bd\u03bf\u03b4\u03bf\u03c7\u03b5\u03af\u03c9\u03bd \u03ba\u03b1\u03b9 \u03c4\u03c9\u03bd \u03b5\u03bd\u03bf\u03b9\u03ba\u03b9\u03b1\u03b6\u03cc\u03bc\u03b5\u03bd\u03c9\u03bd \u03b4\u03b9\u03b1\u03bc\u03b5\u03c1\u03b9\u03c3\u03bc\u03ac\u03c4\u03c9\u03bd \u03c0\u03bf\u03c5 \u03b4\u03c1\u03b1\u03c3\u03c4\u03b7\u03c1\u03b9\u03bf\u03c0\u03bf\u03b9\u03bf\u03cd\u03bd\u03c4\u03b1\u03b9 \u03c3\u03c4\u03b7\u03bd \u03a4\u03bf\u03c0\u03b9\u03ba\u03ae \u039a\u03bf\u03b9\u03bd\u03cc\u03c4\u03b7\u03c4\u03b1 \u03a0\u03bf\u03c5\u03bb\u03af\u03b8\u03c1\u03c9\u03bd:","og_url":"https:\/\/www.poulithra.org\/de\/diamoni\/","og_site_name":"\u0397 \u03a0\u03bf\u03bb\u03af\u03c7\u03bd\u03b7","article_publisher":"https:\/\/www.facebook.com\/syllogos.polixni","article_modified_time":"2026-04-20T12:44:42+00:00","twitter_card":"summary_large_image","schema":{"@context":"https:\/\/schema.org","@graph":[{"@type":"WebPage","@id":"https:\/\/www.poulithra.org\/diamoni\/","url":"https:\/\/www.poulithra.org\/diamoni\/","name":"Unterkunft | Die Polihni","isPartOf":{"@id":"https:\/\/www.poulithra.org\/#website"},"datePublished":"2019-06-03T12:14:59+00:00","dateModified":"2026-04-20T12:44:42+00:00","description":"Unten sehen Sie alle Hotels und Appartements, die in der Gemeinde Poulithron vermietet werden:","breadcrumb":{"@id":"https:\/\/www.poulithra.org\/diamoni\/#breadcrumb"},"inLanguage":"de","potentialAction":[{"@type":"ReadAction","target":["https:\/\/www.poulithra.org\/diamoni\/"]}]},{"@type":"BreadcrumbList","@id":"https:\/\/www.poulithra.org\/diamoni\/#breadcrumb","itemListElement":[{"@type":"ListItem","position":1,"name":"Home","item":"https:\/\/www.poulithra.org\/"},{"@type":"ListItem","position":2,"name":"\u0394\u03b9\u03b1\u03bc\u03bf\u03bd\u03ae"}]},{"@type":"WebSite","@id":"https:\/\/www.poulithra.org\/#website","url":"https:\/\/www.poulithra.org\/","name":"Polichni","description":"Kultur- und Freizeitverein der Poulithriots","publisher":{"@id":"https:\/\/www.poulithra.org\/#organization"},"potentialAction":[{"@type":"SearchAction","target":{"@type":"EntryPoint","urlTemplate":"https:\/\/www.poulithra.org\/?s={search_term_string}"},"query-input":{"@type":"PropertyValueSpecification","valueRequired":true,"valueName":"search_term_string"}}],"inLanguage":"de"},{"@type":"Organization","@id":"https:\/\/www.poulithra.org\/#organization","name":"Verein \"Polihni\"","url":"https:\/\/www.poulithra.org\/","logo":{"@type":"ImageObject","inLanguage":"de","@id":"https:\/\/www.poulithra.org\/#\/schema\/logo\/image\/","url":"https:\/\/www.poulithra.org\/wp-content\/uploads\/2024\/06\/cropped-Logo-png.png","contentUrl":"https:\/\/www.poulithra.org\/wp-content\/uploads\/2024\/06\/cropped-Logo-png.png","width":997,"height":1041,"caption":"\u03a3\u03cd\u03bb\u03bb\u03bf\u03b3\u03bf\u03c2 \"\u03a0\u03bf\u03bb\u03af\u03c7\u03bd\u03b7\""},"image":{"@id":"https:\/\/www.poulithra.org\/#\/schema\/logo\/image\/"},"sameAs":["https:\/\/www.facebook.com\/syllogos.polixni"]}]}},"_links":{"self":[{"href":"https:\/\/www.poulithra.org\/de\/wp-json\/wp\/v2\/pages\/197","targetHints":{"allow":["GET"]}}],"collection":[{"href":"https:\/\/www.poulithra.org\/de\/wp-json\/wp\/v2\/pages"}],"about":[{"href":"https:\/\/www.poulithra.org\/de\/wp-json\/wp\/v2\/types\/page"}],"author":[{"embeddable":true,"href":"https:\/\/www.poulithra.org\/de\/wp-json\/wp\/v2\/users\/1"}],"replies":[{"embeddable":true,"href":"https:\/\/www.poulithra.org\/de\/wp-json\/wp\/v2\/comments?post=197"}],"version-history":[{"count":14,"href":"https:\/\/www.poulithra.org\/de\/wp-json\/wp\/v2\/pages\/197\/revisions"}],"predecessor-version":[{"id":1440,"href":"https:\/\/www.poulithra.org\/de\/wp-json\/wp\/v2\/pages\/197\/revisions\/1440"}],"wp:attachment":[{"href":"https:\/\/www.poulithra.org\/de\/wp-json\/wp\/v2\/media?parent=197"}],"curies":[{"name":"wp","href":"https:\/\/api.w.org\/{rel}","templated":true}]}}